{"id":921,"date":"2023-10-16T15:49:34","date_gmt":"2023-10-16T13:49:34","guid":{"rendered":"https:\/\/dolati.shop\/?post_type=product&#038;p=921"},"modified":"2023-12-03T23:33:18","modified_gmt":"2023-12-03T22:33:18","slug":"bougeoir-en-verre-smokey-8x155cm","status":"publish","type":"product","link":"https:\/\/dolati.shop\/index.php\/product\/bougeoir-en-verre-smokey-8x155cm\/","title":{"rendered":"Bougeoir en Verre &#8211; Smokey &#8211; 8&#215;15,5cm"},"content":{"rendered":"\n<figure class=\"wp-block-image\"><img decoding=\"async\" src=\"https:\/\/img.ankorstore.com\/brands\/rounded\/29032-47df8a75ca733f.jpg?auto=format%2Ccompress&amp;fm=pjpg&amp;dpr=1&amp;w=72\" alt=\"Housevitamin\" \/><\/figure>\n\n\n\n<p>Housevitamin<\/p>\n","protected":false},"excerpt":{"rendered":"<p>Description<br \/>Une table \u00e0 manger sans bougeoirs, c&rsquo;est interdit ! Ces bougeoirs en verre semblent \u00eatre en cristal, sont tr\u00e8s \u00e9l\u00e9gants.<\/p>\n<p>Caract\u00e9ristiques importantes:<br \/>Verre<\/p>\n<p>Astuce d\u00e9co : <br \/>Associez 2 bougeoirs et utilisez des bougies d&rsquo;une couleur qui appara\u00eet plus souvent dans votre int\u00e9rieur<\/p>\n<p><strong>Dimensions<\/strong><br \/>Longueur 8 cm<br \/>Largeur 8 cm<br \/>Hauteur 15.5 cm<\/p>\n","protected":false},"featured_media":922,"comment_status":"open","ping_status":"closed","template":"","meta":[],"product_brand":[],"product_cat":[129,145],"product_tag":[],"class_list":{"0":"post-921","1":"product","2":"type-product","3":"status-publish","4":"has-post-thumbnail","6":"product_cat-bougeoirs","7":"product_cat-toute-la-collection","9":"first","10":"instock","11":"purchasable","12":"product-type-simple","13":"customify-col","14":"product-has-gallery"},"mb":[],"jetpack_sharing_enabled":true,"mfb_rest_fields":["title","jetpack_sharing_enabled","gutenberg_elementor_mode"],"_links":{"self":[{"href":"https:\/\/dolati.shop\/index.php\/wp-json\/wp\/v2\/product\/921","targetHints":{"allow":["GET"]}}],"collection":[{"href":"https:\/\/dolati.shop\/index.php\/wp-json\/wp\/v2\/product"}],"about":[{"href":"https:\/\/dolati.shop\/index.php\/wp-json\/wp\/v2\/types\/product"}],"replies":[{"embeddable":true,"href":"https:\/\/dolati.shop\/index.php\/wp-json\/wp\/v2\/comments?post=921"}],"version-history":[{"count":1,"href":"https:\/\/dolati.shop\/index.php\/wp-json\/wp\/v2\/product\/921\/revisions"}],"predecessor-version":[{"id":2633,"href":"https:\/\/dolati.shop\/index.php\/wp-json\/wp\/v2\/product\/921\/revisions\/2633"}],"wp:featuredmedia":[{"embeddable":true,"href":"https:\/\/dolati.shop\/index.php\/wp-json\/wp\/v2\/media\/922"}],"wp:attachment":[{"href":"https:\/\/dolati.shop\/index.php\/wp-json\/wp\/v2\/media?parent=921"}],"wp:term":[{"taxonomy":"product_brand","embeddable":true,"href":"https:\/\/dolati.shop\/index.php\/wp-json\/wp\/v2\/product_brand?post=921"},{"taxonomy":"product_cat","embeddable":true,"href":"https:\/\/dolati.shop\/index.php\/wp-json\/wp\/v2\/product_cat?post=921"},{"taxonomy":"product_tag","embeddable":true,"href":"https:\/\/dolati.shop\/index.php\/wp-json\/wp\/v2\/product_tag?post=921"}],"curies":[{"name":"wp","href":"https:\/\/api.w.org\/{rel}","templated":true}]}}