{"id":913,"date":"2023-10-16T15:36:48","date_gmt":"2023-10-16T13:36:48","guid":{"rendered":"https:\/\/dolati.shop\/?post_type=product&#038;p=913"},"modified":"2023-12-07T16:58:29","modified_gmt":"2023-12-07T15:58:29","slug":"bougeoir-dore-verre-8x13cm","status":"publish","type":"product","link":"https:\/\/dolati.shop\/index.php\/product\/bougeoir-dore-verre-8x13cm\/","title":{"rendered":"Bougeoir Dor\u00e9 &#8211; Verre &#8211; 8x13cm"},"content":{"rendered":"\n<figure class=\"wp-block-image\"><img decoding=\"async\" src=\"https:\/\/img.ankorstore.com\/brands\/rounded\/29032-47df8a75ca733f.jpg?auto=format%2Ccompress&amp;fm=pjpg&amp;dpr=1&amp;w=72\" alt=\"Housevitamin\" \/><\/figure>\n\n\n\n<p>Housevitamin<\/p>\n","protected":false},"excerpt":{"rendered":"<p>Description<br \/>Avec ce bougeoir dor\u00e9 vous cr\u00e9erez un \u00e9clat dor\u00e9 pour donner un petit plus \u00e0 votre int\u00e9rieur !<\/p>\n<p>Caract\u00e9ristiques importantes:<br \/>Verre<br \/>8x13cm<\/p>\n<p>Conseil mode : Donnez un coup de projecteur \u00e0 ce bougeoir scintillant dor\u00e9 et laissez-le briller !<\/p>\n","protected":false},"featured_media":915,"comment_status":"open","ping_status":"closed","template":"","meta":[],"product_brand":[],"product_cat":[129,145],"product_tag":[],"class_list":{"0":"post-913","1":"product","2":"type-product","3":"status-publish","4":"has-post-thumbnail","6":"product_cat-bougeoirs","7":"product_cat-toute-la-collection","9":"first","10":"instock","11":"purchasable","12":"product-type-simple","13":"customify-col","14":"product-has-gallery"},"mb":[],"jetpack_sharing_enabled":true,"mfb_rest_fields":["title","jetpack_sharing_enabled","gutenberg_elementor_mode"],"_links":{"self":[{"href":"https:\/\/dolati.shop\/index.php\/wp-json\/wp\/v2\/product\/913","targetHints":{"allow":["GET"]}}],"collection":[{"href":"https:\/\/dolati.shop\/index.php\/wp-json\/wp\/v2\/product"}],"about":[{"href":"https:\/\/dolati.shop\/index.php\/wp-json\/wp\/v2\/types\/product"}],"replies":[{"embeddable":true,"href":"https:\/\/dolati.shop\/index.php\/wp-json\/wp\/v2\/comments?post=913"}],"version-history":[{"count":1,"href":"https:\/\/dolati.shop\/index.php\/wp-json\/wp\/v2\/product\/913\/revisions"}],"predecessor-version":[{"id":2635,"href":"https:\/\/dolati.shop\/index.php\/wp-json\/wp\/v2\/product\/913\/revisions\/2635"}],"wp:featuredmedia":[{"embeddable":true,"href":"https:\/\/dolati.shop\/index.php\/wp-json\/wp\/v2\/media\/915"}],"wp:attachment":[{"href":"https:\/\/dolati.shop\/index.php\/wp-json\/wp\/v2\/media?parent=913"}],"wp:term":[{"taxonomy":"product_brand","embeddable":true,"href":"https:\/\/dolati.shop\/index.php\/wp-json\/wp\/v2\/product_brand?post=913"},{"taxonomy":"product_cat","embeddable":true,"href":"https:\/\/dolati.shop\/index.php\/wp-json\/wp\/v2\/product_cat?post=913"},{"taxonomy":"product_tag","embeddable":true,"href":"https:\/\/dolati.shop\/index.php\/wp-json\/wp\/v2\/product_tag?post=913"}],"curies":[{"name":"wp","href":"https:\/\/api.w.org\/{rel}","templated":true}]}}