{"id":905,"date":"2023-10-16T15:16:54","date_gmt":"2023-10-16T13:16:54","guid":{"rendered":"https:\/\/dolati.shop\/?post_type=product&#038;p=905"},"modified":"2023-12-07T16:56:12","modified_gmt":"2023-12-07T15:56:12","slug":"bougeoir-bulle-ambre-9x16cm","status":"publish","type":"product","link":"https:\/\/dolati.shop\/index.php\/product\/bougeoir-bulle-ambre-9x16cm\/","title":{"rendered":"Bougeoir Bulle &#8211; Ambre &#8211; 9x16cm"},"content":{"rendered":"\n<figure class=\"wp-block-image\"><img decoding=\"async\" src=\"https:\/\/img.ankorstore.com\/brands\/rounded\/29032-47df8a75ca733f.jpg?auto=format%2Ccompress&amp;fm=pjpg&amp;dpr=1&amp;w=72\" alt=\"Housevitamin\" \/><\/figure>\n\n\n\n<p>Housevitamin<\/p>\n","protected":false},"excerpt":{"rendered":"<p>Description<br \/>Une table \u00e0 manger sans bougeoirs est une table \u00e0 manger sans \u00e2me. Ces bougeoirs en verre sont tr\u00e8s \u00e9l\u00e9gants et toujours assortis.<\/p>\n<p>Conseil mode : <br \/>Associez 2 pi\u00e8ces de ces bougeoirs \u00e0 une bougie de couleur assortie au reste de votre int\u00e9rieur.<\/p>\n<p>Dimensions :<br \/>9&#215;16 cm<\/p>\n<p>Mat\u00e9riau<br \/>Verre<\/p>\n","protected":false},"featured_media":906,"comment_status":"open","ping_status":"closed","template":"","meta":[],"product_brand":[],"product_cat":[129,145],"product_tag":[],"class_list":{"0":"post-905","1":"product","2":"type-product","3":"status-publish","4":"has-post-thumbnail","6":"product_cat-bougeoirs","7":"product_cat-toute-la-collection","9":"first","10":"instock","11":"purchasable","12":"product-type-simple","13":"customify-col","14":"product-has-gallery"},"mb":[],"jetpack_sharing_enabled":true,"mfb_rest_fields":["title","jetpack_sharing_enabled","gutenberg_elementor_mode"],"_links":{"self":[{"href":"https:\/\/dolati.shop\/index.php\/wp-json\/wp\/v2\/product\/905","targetHints":{"allow":["GET"]}}],"collection":[{"href":"https:\/\/dolati.shop\/index.php\/wp-json\/wp\/v2\/product"}],"about":[{"href":"https:\/\/dolati.shop\/index.php\/wp-json\/wp\/v2\/types\/product"}],"replies":[{"embeddable":true,"href":"https:\/\/dolati.shop\/index.php\/wp-json\/wp\/v2\/comments?post=905"}],"version-history":[{"count":1,"href":"https:\/\/dolati.shop\/index.php\/wp-json\/wp\/v2\/product\/905\/revisions"}],"predecessor-version":[{"id":2638,"href":"https:\/\/dolati.shop\/index.php\/wp-json\/wp\/v2\/product\/905\/revisions\/2638"}],"wp:featuredmedia":[{"embeddable":true,"href":"https:\/\/dolati.shop\/index.php\/wp-json\/wp\/v2\/media\/906"}],"wp:attachment":[{"href":"https:\/\/dolati.shop\/index.php\/wp-json\/wp\/v2\/media?parent=905"}],"wp:term":[{"taxonomy":"product_brand","embeddable":true,"href":"https:\/\/dolati.shop\/index.php\/wp-json\/wp\/v2\/product_brand?post=905"},{"taxonomy":"product_cat","embeddable":true,"href":"https:\/\/dolati.shop\/index.php\/wp-json\/wp\/v2\/product_cat?post=905"},{"taxonomy":"product_tag","embeddable":true,"href":"https:\/\/dolati.shop\/index.php\/wp-json\/wp\/v2\/product_tag?post=905"}],"curies":[{"name":"wp","href":"https:\/\/api.w.org\/{rel}","templated":true}]}}