{"id":883,"date":"2023-10-15T18:59:42","date_gmt":"2023-10-15T16:59:42","guid":{"rendered":"https:\/\/dolati.shop\/?post_type=product&#038;p=883"},"modified":"2024-12-08T10:51:23","modified_gmt":"2024-12-08T09:51:23","slug":"plateau-en-rotin-rond-neira-o40-cm","status":"publish","type":"product","link":"https:\/\/dolati.shop\/index.php\/product\/plateau-en-rotin-rond-neira-o40-cm\/","title":{"rendered":"Plateau en rotin rond  NEIRA \u00d840 cm"},"content":{"rendered":"\n<figure class=\"wp-block-image\"><img decoding=\"async\" src=\"https:\/\/img.ankorstore.com\/brands\/rounded\/35462-47df2dca8eff1e.jpg?auto=format%2Ccompress&amp;fm=pjpg&amp;dpr=1&amp;w=72\" alt=\"Soeji\" \/><\/figure>\n\n\n\n<p>Soeji<\/p>\n","protected":false},"excerpt":{"rendered":"<p>Description<br \/>\u2022 40 cm de diam\u00e8tre<br \/>\u2022 Fabriqu\u00e9 \u00e0 partir de rotin solide et durable<br \/>\u2022 parfait pour la table \u00e0 manger ou comme \u00e9l\u00e9ment d\u00e9coratif<br \/>\u2022 100\u00a0% fait main et commerce \u00e9quitable<\/p>\n<p>Il donne \u00e0 votre ambiance une beaut\u00e9 naturelle et devient un accroche-regard absolu qui attire l&rsquo;attention sur lui-m\u00eame.<\/p>\n<p>Dimensions\u00a0:<br \/>Hauteur (sans anses) x diam\u00e8tre : 10&#215;40 cm<\/p>\n","protected":false},"featured_media":3636,"comment_status":"open","ping_status":"closed","template":"","meta":[],"product_brand":[],"product_cat":[80,145],"product_tag":[],"class_list":{"0":"post-883","1":"product","2":"type-product","3":"status-publish","4":"has-post-thumbnail","6":"product_cat-plateau","7":"product_cat-toute-la-collection","9":"first","10":"instock","11":"purchasable","12":"product-type-simple","13":"customify-col","14":"product-has-gallery"},"mb":[],"jetpack_sharing_enabled":true,"mfb_rest_fields":["title","jetpack_sharing_enabled","gutenberg_elementor_mode"],"_links":{"self":[{"href":"https:\/\/dolati.shop\/index.php\/wp-json\/wp\/v2\/product\/883","targetHints":{"allow":["GET"]}}],"collection":[{"href":"https:\/\/dolati.shop\/index.php\/wp-json\/wp\/v2\/product"}],"about":[{"href":"https:\/\/dolati.shop\/index.php\/wp-json\/wp\/v2\/types\/product"}],"replies":[{"embeddable":true,"href":"https:\/\/dolati.shop\/index.php\/wp-json\/wp\/v2\/comments?post=883"}],"version-history":[{"count":2,"href":"https:\/\/dolati.shop\/index.php\/wp-json\/wp\/v2\/product\/883\/revisions"}],"predecessor-version":[{"id":2864,"href":"https:\/\/dolati.shop\/index.php\/wp-json\/wp\/v2\/product\/883\/revisions\/2864"}],"wp:featuredmedia":[{"embeddable":true,"href":"https:\/\/dolati.shop\/index.php\/wp-json\/wp\/v2\/media\/3636"}],"wp:attachment":[{"href":"https:\/\/dolati.shop\/index.php\/wp-json\/wp\/v2\/media?parent=883"}],"wp:term":[{"taxonomy":"product_brand","embeddable":true,"href":"https:\/\/dolati.shop\/index.php\/wp-json\/wp\/v2\/product_brand?post=883"},{"taxonomy":"product_cat","embeddable":true,"href":"https:\/\/dolati.shop\/index.php\/wp-json\/wp\/v2\/product_cat?post=883"},{"taxonomy":"product_tag","embeddable":true,"href":"https:\/\/dolati.shop\/index.php\/wp-json\/wp\/v2\/product_tag?post=883"}],"curies":[{"name":"wp","href":"https:\/\/api.w.org\/{rel}","templated":true}]}}