{"id":869,"date":"2023-10-15T16:13:16","date_gmt":"2023-10-15T14:13:16","guid":{"rendered":"https:\/\/dolati.shop\/?post_type=product&#038;p=869"},"modified":"2023-11-23T10:02:46","modified_gmt":"2023-11-23T09:02:46","slug":"le-papillon-en-rotin-decoration-murale","status":"publish","type":"product","link":"https:\/\/dolati.shop\/index.php\/product\/le-papillon-en-rotin-decoration-murale\/","title":{"rendered":"Le papillon en rotin &#8211; d\u00e9coration murale"},"content":{"rendered":"\n<figure class=\"wp-block-image\"><img decoding=\"async\" src=\"https:\/\/img.ankorstore.com\/brands\/rounded\/39412-47dfff1ba710a2.jpg?auto=format%2Ccompress&amp;fm=pjpg&amp;dpr=1&amp;w=72\" alt=\"Hippie Monkey\" \/><\/figure>\n\n\n\n<p>Hippie Monkey<\/p>\n","protected":false},"excerpt":{"rendered":"<p>Description<br \/>Le papillon en rotin est la d\u00e9coration murale parfaite <\/p>\n<p>Taille<br \/>32x30cm<\/p>\n<p>Couleur<br \/>Naturel.<\/p>\n<p>Mat\u00e9riel<br \/>Rotin. C&rsquo;est un mat\u00e9riau naturel et cela signifie que chaque produit est 100% unique. Gardez \u00e0 l&rsquo;esprit que cela signifie qu&rsquo;il peut y avoir de petites diff\u00e9rences entre chaque produit.<\/p>\n<p>Fait main<br \/>Ce produit est fabriqu\u00e9 \u00e0 la main, ce qui signifie que chaque produit est 100 % unique. Gardez \u00e0 l&rsquo;esprit que cela signifie qu&rsquo;il peut y avoir de petites diff\u00e9rences entre chaque produit.<\/p>\n<p>\u00c0 l&rsquo;int\u00e9rieur<br \/>Parce qu&rsquo;il est fabriqu\u00e9 \u00e0 partir de mat\u00e9riaux naturels, nous recommandons de l&rsquo;utiliser uniquement \u00e0 l&rsquo;int\u00e9rieur, dans un environnement sec.<\/p>\n","protected":false},"featured_media":870,"comment_status":"open","ping_status":"closed","template":"","meta":[],"product_brand":[],"product_cat":[17,125,145],"product_tag":[],"class_list":{"0":"post-869","1":"product","2":"type-product","3":"status-publish","4":"has-post-thumbnail","6":"product_cat-decoration-murale","7":"product_cat-le-coin-des-enfants","8":"product_cat-toute-la-collection","10":"first","11":"instock","12":"purchasable","13":"product-type-simple","14":"customify-col","15":"product-has-gallery"},"mb":[],"jetpack_sharing_enabled":true,"mfb_rest_fields":["title","jetpack_sharing_enabled","gutenberg_elementor_mode"],"_links":{"self":[{"href":"https:\/\/dolati.shop\/index.php\/wp-json\/wp\/v2\/product\/869","targetHints":{"allow":["GET"]}}],"collection":[{"href":"https:\/\/dolati.shop\/index.php\/wp-json\/wp\/v2\/product"}],"about":[{"href":"https:\/\/dolati.shop\/index.php\/wp-json\/wp\/v2\/types\/product"}],"replies":[{"embeddable":true,"href":"https:\/\/dolati.shop\/index.php\/wp-json\/wp\/v2\/comments?post=869"}],"version-history":[{"count":1,"href":"https:\/\/dolati.shop\/index.php\/wp-json\/wp\/v2\/product\/869\/revisions"}],"predecessor-version":[{"id":2644,"href":"https:\/\/dolati.shop\/index.php\/wp-json\/wp\/v2\/product\/869\/revisions\/2644"}],"wp:featuredmedia":[{"embeddable":true,"href":"https:\/\/dolati.shop\/index.php\/wp-json\/wp\/v2\/media\/870"}],"wp:attachment":[{"href":"https:\/\/dolati.shop\/index.php\/wp-json\/wp\/v2\/media?parent=869"}],"wp:term":[{"taxonomy":"product_brand","embeddable":true,"href":"https:\/\/dolati.shop\/index.php\/wp-json\/wp\/v2\/product_brand?post=869"},{"taxonomy":"product_cat","embeddable":true,"href":"https:\/\/dolati.shop\/index.php\/wp-json\/wp\/v2\/product_cat?post=869"},{"taxonomy":"product_tag","embeddable":true,"href":"https:\/\/dolati.shop\/index.php\/wp-json\/wp\/v2\/product_tag?post=869"}],"curies":[{"name":"wp","href":"https:\/\/api.w.org\/{rel}","templated":true}]}}