{"id":866,"date":"2023-10-15T16:06:37","date_gmt":"2023-10-15T14:06:37","guid":{"rendered":"https:\/\/dolati.shop\/?post_type=product&#038;p=866"},"modified":"2024-03-03T16:19:22","modified_gmt":"2024-03-03T15:19:22","slug":"fleur-de-rotin","status":"publish","type":"product","link":"https:\/\/dolati.shop\/index.php\/product\/fleur-de-rotin\/","title":{"rendered":"Fleur de Rotin"},"content":{"rendered":"\n<figure class=\"wp-block-image\"><img decoding=\"async\" src=\"https:\/\/img.ankorstore.com\/brands\/rounded\/39412-47dfff1ba710a2.jpg?auto=format%2Ccompress&amp;fm=pjpg&amp;dpr=1&amp;w=72\" alt=\"Hippie Monkey\" \/><\/figure>\n\n\n\n<p>Hippie Monkey<\/p>\n","protected":false},"excerpt":{"rendered":"<p>Description<br \/>La fleur de rotin est la d\u00e9coration murale parfaite pour votre maison. <br \/>Vous pouvez mettre des fleurs et des papillons ensemble .<\/p>\n<p>Tailles  :<br \/>M 25cm<br \/>S 20 cm<\/p>\n<p>Couleur :<br \/>Naturel<\/p>\n<p>Mat\u00e9riel :<br \/>Rotin. <br \/>C&rsquo;est un mat\u00e9riau naturel et ce produit est fabriqu\u00e9 \u00e0 la main, ce qui signifie que chaque produit est 100 % unique. Gardez \u00e0 l&rsquo;esprit que cela signifie qu&rsquo;il peut y avoir de petites diff\u00e9rences entre chaque produit.<br \/>Pour une d\u00e9coration int\u00e9rieur<\/p>\n","protected":false},"featured_media":868,"comment_status":"open","ping_status":"closed","template":"","meta":[],"product_brand":[],"product_cat":[17,125,145],"product_tag":[],"class_list":{"0":"post-866","1":"product","2":"type-product","3":"status-publish","4":"has-post-thumbnail","6":"product_cat-decoration-murale","7":"product_cat-le-coin-des-enfants","8":"product_cat-toute-la-collection","10":"first","11":"instock","12":"purchasable","13":"product-type-variable","14":"has-default-attributes","15":"customify-col","16":"product-has-gallery"},"mb":[],"jetpack_sharing_enabled":true,"mfb_rest_fields":["title","jetpack_sharing_enabled","gutenberg_elementor_mode"],"_links":{"self":[{"href":"https:\/\/dolati.shop\/index.php\/wp-json\/wp\/v2\/product\/866","targetHints":{"allow":["GET"]}}],"collection":[{"href":"https:\/\/dolati.shop\/index.php\/wp-json\/wp\/v2\/product"}],"about":[{"href":"https:\/\/dolati.shop\/index.php\/wp-json\/wp\/v2\/types\/product"}],"replies":[{"embeddable":true,"href":"https:\/\/dolati.shop\/index.php\/wp-json\/wp\/v2\/comments?post=866"}],"version-history":[{"count":2,"href":"https:\/\/dolati.shop\/index.php\/wp-json\/wp\/v2\/product\/866\/revisions"}],"predecessor-version":[{"id":3111,"href":"https:\/\/dolati.shop\/index.php\/wp-json\/wp\/v2\/product\/866\/revisions\/3111"}],"wp:featuredmedia":[{"embeddable":true,"href":"https:\/\/dolati.shop\/index.php\/wp-json\/wp\/v2\/media\/868"}],"wp:attachment":[{"href":"https:\/\/dolati.shop\/index.php\/wp-json\/wp\/v2\/media?parent=866"}],"wp:term":[{"taxonomy":"product_brand","embeddable":true,"href":"https:\/\/dolati.shop\/index.php\/wp-json\/wp\/v2\/product_brand?post=866"},{"taxonomy":"product_cat","embeddable":true,"href":"https:\/\/dolati.shop\/index.php\/wp-json\/wp\/v2\/product_cat?post=866"},{"taxonomy":"product_tag","embeddable":true,"href":"https:\/\/dolati.shop\/index.php\/wp-json\/wp\/v2\/product_tag?post=866"}],"curies":[{"name":"wp","href":"https:\/\/api.w.org\/{rel}","templated":true}]}}