{"id":863,"date":"2023-10-15T16:02:10","date_gmt":"2023-10-15T14:02:10","guid":{"rendered":"https:\/\/dolati.shop\/?post_type=product&#038;p=863"},"modified":"2024-09-05T18:35:42","modified_gmt":"2024-09-05T16:35:42","slug":"les-boho-stone-men-non-7","status":"publish","type":"product","link":"https:\/\/dolati.shop\/index.php\/product\/les-boho-stone-men-non-7\/","title":{"rendered":"Statue Boho Stone Men &#8211; N\u00b07 &#8211; 14cm"},"content":{"rendered":"\n<figure class=\"wp-block-image\"><img decoding=\"async\" src=\"https:\/\/img.ankorstore.com\/brands\/rounded\/39412-47dfff1ba710a2.jpg?auto=format%2Ccompress&amp;fm=pjpg&amp;dpr=1&amp;w=72\" alt=\"Hippie Monkey\" \/><\/figure>\n\n\n\n<p>Hippie Monkey<\/p>\n","protected":false},"excerpt":{"rendered":"<p>Description<br \/>Taille : 14cm<\/p>\n<p>Couleur<br \/>Blanc, Marron, Noir. Voir les photos pour les couleurs.<\/p>\n<p>Mat\u00e9riel<br \/>Pierre, corde, plumes et coquillages. <br \/>Mat\u00e9riaux naturels, cela signifie que chaque produit est 100% unique. <br \/>Gardez \u00e0 l&rsquo;esprit qu&rsquo;il peut y avoir de petites diff\u00e9rences entre chaque produit parce qu&rsquo;il est fabriqu\u00e9 \u00e0 la main.<br \/>Et parce qu&rsquo;il est fabriqu\u00e9 \u00e0 partir de mat\u00e9riaux naturels, nous recommandons de l&rsquo;utiliser uniquement \u00e0 l&rsquo;int\u00e9rieur, dans un environnement sec.<\/p>\n","protected":false},"featured_media":1759,"comment_status":"open","ping_status":"closed","template":"","meta":[],"product_brand":[],"product_cat":[72,145],"product_tag":[],"class_list":{"0":"post-863","1":"product","2":"type-product","3":"status-publish","4":"has-post-thumbnail","6":"product_cat-decoration-a-poser","7":"product_cat-toute-la-collection","9":"first","10":"instock","11":"purchasable","12":"product-type-simple","13":"customify-col","14":"product-has-gallery"},"mb":[],"jetpack_sharing_enabled":true,"mfb_rest_fields":["title","jetpack_sharing_enabled","gutenberg_elementor_mode"],"_links":{"self":[{"href":"https:\/\/dolati.shop\/index.php\/wp-json\/wp\/v2\/product\/863","targetHints":{"allow":["GET"]}}],"collection":[{"href":"https:\/\/dolati.shop\/index.php\/wp-json\/wp\/v2\/product"}],"about":[{"href":"https:\/\/dolati.shop\/index.php\/wp-json\/wp\/v2\/types\/product"}],"replies":[{"embeddable":true,"href":"https:\/\/dolati.shop\/index.php\/wp-json\/wp\/v2\/comments?post=863"}],"version-history":[{"count":2,"href":"https:\/\/dolati.shop\/index.php\/wp-json\/wp\/v2\/product\/863\/revisions"}],"predecessor-version":[{"id":3073,"href":"https:\/\/dolati.shop\/index.php\/wp-json\/wp\/v2\/product\/863\/revisions\/3073"}],"wp:featuredmedia":[{"embeddable":true,"href":"https:\/\/dolati.shop\/index.php\/wp-json\/wp\/v2\/media\/1759"}],"wp:attachment":[{"href":"https:\/\/dolati.shop\/index.php\/wp-json\/wp\/v2\/media?parent=863"}],"wp:term":[{"taxonomy":"product_brand","embeddable":true,"href":"https:\/\/dolati.shop\/index.php\/wp-json\/wp\/v2\/product_brand?post=863"},{"taxonomy":"product_cat","embeddable":true,"href":"https:\/\/dolati.shop\/index.php\/wp-json\/wp\/v2\/product_cat?post=863"},{"taxonomy":"product_tag","embeddable":true,"href":"https:\/\/dolati.shop\/index.php\/wp-json\/wp\/v2\/product_tag?post=863"}],"curies":[{"name":"wp","href":"https:\/\/api.w.org\/{rel}","templated":true}]}}