{"id":861,"date":"2023-10-15T15:56:09","date_gmt":"2023-10-15T13:56:09","guid":{"rendered":"https:\/\/dolati.shop\/?post_type=product&#038;p=861"},"modified":"2025-08-17T18:45:48","modified_gmt":"2025-08-17T16:45:48","slug":"porte-manteaux-rotin-arc-en-ciel","status":"publish","type":"product","link":"https:\/\/dolati.shop\/index.php\/product\/porte-manteaux-rotin-arc-en-ciel\/","title":{"rendered":"Porte-manteaux &#8211; Rotin Arc-en-ciel"},"content":{"rendered":"\n<figure class=\"wp-block-image\"><img decoding=\"async\" src=\"https:\/\/img.ankorstore.com\/brands\/rounded\/39412-47dfff1ba710a2.jpg?auto=format%2Ccompress&amp;fm=pjpg&amp;dpr=1&amp;w=72\" alt=\"Hippie Monkey\" \/><\/figure>\n\n\n\n<p>Hippie Monkey<\/p>\n","protected":false},"excerpt":{"rendered":"<p>Description<br \/>Le\u00a0porte manteaux arc-en-ciel est la d\u00e9coration murale parfaite pour votre chambre d&rsquo;enfant. C&rsquo;est un must have boh\u00e8me mignon. <br \/>Il est naturel, ce qui le rend bon \u00e0 combiner avec toutes les couleurs de la pi\u00e8ce. Vous pouvez le combiner parfaitement avec les cintres en rotin, de sorte que vous pouvez accrocher les jolis v\u00eatements du lendemain sur le cintre. <br \/>Mais ce porte manteaux fait \u00e0 la main sera \u00e9galement parfait dans un couloir boh\u00e8me.<\/p>\n<p>Dimensions :<br \/>60x45cm<\/p>\n<p>Couleur<br \/>Naturel<\/p>\n<p>Mat\u00e9riel<br \/>Rotin. <br \/>C&rsquo;est un mat\u00e9riau naturel et cela signifie que chaque produit est 100% unique. et \u00e9tant fait main, gardez \u00e0 l&rsquo;esprit que cela signifie qu&rsquo;il peut y avoir de petites diff\u00e9rences entre chaque produit.<br \/>Et parce qu&rsquo;il est fabriqu\u00e9 \u00e0 partir de mat\u00e9riaux naturels, nous recommandons de l&rsquo;utiliser uniquement \u00e0 l&rsquo;int\u00e9rieur, dans un environnement sec.<\/p>\n","protected":false},"featured_media":862,"comment_status":"open","ping_status":"closed","template":"","meta":[],"product_brand":[],"product_cat":[99,145],"product_tag":[],"class_list":{"0":"post-861","1":"product","2":"type-product","3":"status-publish","4":"has-post-thumbnail","6":"product_cat-patere-portes-manteaux","7":"product_cat-toute-la-collection","9":"first","10":"outofstock","11":"purchasable","12":"product-type-simple","13":"customify-col"},"mb":[],"jetpack_sharing_enabled":true,"mfb_rest_fields":["title","jetpack_sharing_enabled","gutenberg_elementor_mode"],"_links":{"self":[{"href":"https:\/\/dolati.shop\/index.php\/wp-json\/wp\/v2\/product\/861","targetHints":{"allow":["GET"]}}],"collection":[{"href":"https:\/\/dolati.shop\/index.php\/wp-json\/wp\/v2\/product"}],"about":[{"href":"https:\/\/dolati.shop\/index.php\/wp-json\/wp\/v2\/types\/product"}],"replies":[{"embeddable":true,"href":"https:\/\/dolati.shop\/index.php\/wp-json\/wp\/v2\/comments?post=861"}],"version-history":[{"count":1,"href":"https:\/\/dolati.shop\/index.php\/wp-json\/wp\/v2\/product\/861\/revisions"}],"predecessor-version":[{"id":2647,"href":"https:\/\/dolati.shop\/index.php\/wp-json\/wp\/v2\/product\/861\/revisions\/2647"}],"wp:featuredmedia":[{"embeddable":true,"href":"https:\/\/dolati.shop\/index.php\/wp-json\/wp\/v2\/media\/862"}],"wp:attachment":[{"href":"https:\/\/dolati.shop\/index.php\/wp-json\/wp\/v2\/media?parent=861"}],"wp:term":[{"taxonomy":"product_brand","embeddable":true,"href":"https:\/\/dolati.shop\/index.php\/wp-json\/wp\/v2\/product_brand?post=861"},{"taxonomy":"product_cat","embeddable":true,"href":"https:\/\/dolati.shop\/index.php\/wp-json\/wp\/v2\/product_cat?post=861"},{"taxonomy":"product_tag","embeddable":true,"href":"https:\/\/dolati.shop\/index.php\/wp-json\/wp\/v2\/product_tag?post=861"}],"curies":[{"name":"wp","href":"https:\/\/api.w.org\/{rel}","templated":true}]}}