{"id":858,"date":"2023-10-15T15:50:07","date_gmt":"2023-10-15T13:50:07","guid":{"rendered":"https:\/\/dolati.shop\/?post_type=product&#038;p=858"},"modified":"2025-11-03T09:27:27","modified_gmt":"2025-11-03T08:27:27","slug":"portemanteau-rotin-boheme","status":"publish","type":"product","link":"https:\/\/dolati.shop\/index.php\/product\/portemanteau-rotin-boheme\/","title":{"rendered":"Portemanteau &#8211; Rotin &#8211; Boh\u00e8me"},"content":{"rendered":"\n<figure class=\"wp-block-image\"><img decoding=\"async\" src=\"https:\/\/img.ankorstore.com\/brands\/rounded\/39412-47dfff1ba710a2.jpg?auto=format%2Ccompress&amp;fm=pjpg&amp;dpr=1&amp;w=72\" alt=\"Hippie Monkey\" \/><\/figure>\n\n\n\n<p>Hippie Monkey<\/p>\n","protected":false},"excerpt":{"rendered":"<p>Description<br \/>Le porte manteaux Ubud est la d\u00e9coration murale parfaite pour votre couloir ou votre chambre. <br \/>C&rsquo;est un must have boh\u00e8me mignon qui surprendra vos invit\u00e9s. Il est naturel, ce qui le rend bon \u00e0 combiner avec toutes les couleurs de la pi\u00e8ce. <\/p>\n<p>Dimensions :<br \/>54x18cm<\/p>\n<p>Couleur<br \/>Naturel.<\/p>\n<p>Mat\u00e9riel<br \/>Bois &amp; Rotin. <br \/>C&rsquo;est des mat\u00e9riaux naturels et cela signifie que chaque produit est 100% unique. <br \/>De plus ce produit est fabriqu\u00e9 main, donc gardez \u00e0 l&rsquo;esprit que cela signifie qu&rsquo;il peut y avoir de petites diff\u00e9rences entre chaque produit.<br \/>Et parce qu&rsquo;il est fabriqu\u00e9 \u00e0 partir de mat\u00e9riaux naturels, nous recommandons de l&rsquo;utiliser uniquement \u00e0 l&rsquo;int\u00e9rieur, dans un environnement sec.<\/p>\n","protected":false},"featured_media":860,"comment_status":"open","ping_status":"closed","template":"","meta":[],"product_brand":[],"product_cat":[99,145],"product_tag":[],"class_list":{"0":"post-858","1":"product","2":"type-product","3":"status-publish","4":"has-post-thumbnail","6":"product_cat-patere-portes-manteaux","7":"product_cat-toute-la-collection","9":"first","10":"instock","11":"purchasable","12":"product-type-simple","13":"customify-col","14":"product-has-gallery"},"mb":[],"jetpack_sharing_enabled":true,"mfb_rest_fields":["title","jetpack_sharing_enabled","gutenberg_elementor_mode"],"_links":{"self":[{"href":"https:\/\/dolati.shop\/index.php\/wp-json\/wp\/v2\/product\/858","targetHints":{"allow":["GET"]}}],"collection":[{"href":"https:\/\/dolati.shop\/index.php\/wp-json\/wp\/v2\/product"}],"about":[{"href":"https:\/\/dolati.shop\/index.php\/wp-json\/wp\/v2\/types\/product"}],"replies":[{"embeddable":true,"href":"https:\/\/dolati.shop\/index.php\/wp-json\/wp\/v2\/comments?post=858"}],"version-history":[{"count":1,"href":"https:\/\/dolati.shop\/index.php\/wp-json\/wp\/v2\/product\/858\/revisions"}],"predecessor-version":[{"id":2648,"href":"https:\/\/dolati.shop\/index.php\/wp-json\/wp\/v2\/product\/858\/revisions\/2648"}],"wp:featuredmedia":[{"embeddable":true,"href":"https:\/\/dolati.shop\/index.php\/wp-json\/wp\/v2\/media\/860"}],"wp:attachment":[{"href":"https:\/\/dolati.shop\/index.php\/wp-json\/wp\/v2\/media?parent=858"}],"wp:term":[{"taxonomy":"product_brand","embeddable":true,"href":"https:\/\/dolati.shop\/index.php\/wp-json\/wp\/v2\/product_brand?post=858"},{"taxonomy":"product_cat","embeddable":true,"href":"https:\/\/dolati.shop\/index.php\/wp-json\/wp\/v2\/product_cat?post=858"},{"taxonomy":"product_tag","embeddable":true,"href":"https:\/\/dolati.shop\/index.php\/wp-json\/wp\/v2\/product_tag?post=858"}],"curies":[{"name":"wp","href":"https:\/\/api.w.org\/{rel}","templated":true}]}}