{"id":856,"date":"2023-10-15T15:42:53","date_gmt":"2023-10-15T13:42:53","guid":{"rendered":"https:\/\/dolati.shop\/?post_type=product&#038;p=856"},"modified":"2024-02-22T16:26:01","modified_gmt":"2024-02-22T15:26:01","slug":"le-sac-de-plage-canggu","status":"publish","type":"product","link":"https:\/\/dolati.shop\/index.php\/product\/le-sac-de-plage-canggu\/","title":{"rendered":"Le sac de plage Canggu"},"content":{"rendered":"\n<figure class=\"wp-block-image\"><img decoding=\"async\" src=\"https:\/\/img.ankorstore.com\/brands\/rounded\/39412-47dfff1ba710a2.jpg?auto=format%2Ccompress&amp;fm=pjpg&amp;dpr=1&amp;w=72\" alt=\"Hippie Monkey\" \/><\/figure>\n\n\n\n<p>Hippie Monkey<\/p>\n","protected":false},"excerpt":{"rendered":"<p>Description<br \/>Le sac de plage Canggu est l&rsquo;\u00e9l\u00e9ment parfait pour votre maison ou vos achats.<br \/>Il sera \u00e9galement magnifique dans votre entr\u00e9e, donc chaque fois que vous sortirez, vous n&rsquo;oublierez pas de l&#8217;emmener. <br \/>Ce sac est \u00e9galement id\u00e9al pour les sorties \u00e0 la plage ou au march\u00e9 .<\/p>\n<p>Taille<br \/>43x35x10cm<\/p>\n<p>Couleur<br \/>Naturel <\/p>\n<p>Mat\u00e9riel<br \/>Feuilles de bananier <br \/>C&rsquo;est un mat\u00e9riau naturel et fabriqu\u00e9 \u00e0 la main, ce qui signifie que chaque produit est 100% unique. Gardez \u00e0 l&rsquo;esprit que cela signifie qu&rsquo;il peut y avoir de petites diff\u00e9rences entre chaque produit.<br \/>Et parce qu&rsquo;il est fabriqu\u00e9 \u00e0 partir de mat\u00e9riaux naturels, je vous recommande de le stocker uniquement \u00e0 l&rsquo;int\u00e9rieur, dans un environnement sec.<\/p>\n","protected":false},"featured_media":857,"comment_status":"open","ping_status":"closed","template":"","meta":[],"product_brand":[],"product_cat":[79,145],"product_tag":[],"class_list":{"0":"post-856","1":"product","2":"type-product","3":"status-publish","4":"has-post-thumbnail","6":"product_cat-paniers","7":"product_cat-toute-la-collection","9":"first","10":"instock","11":"purchasable","12":"product-type-simple","13":"customify-col"},"mb":[],"jetpack_sharing_enabled":true,"mfb_rest_fields":["title","jetpack_sharing_enabled","gutenberg_elementor_mode"],"_links":{"self":[{"href":"https:\/\/dolati.shop\/index.php\/wp-json\/wp\/v2\/product\/856","targetHints":{"allow":["GET"]}}],"collection":[{"href":"https:\/\/dolati.shop\/index.php\/wp-json\/wp\/v2\/product"}],"about":[{"href":"https:\/\/dolati.shop\/index.php\/wp-json\/wp\/v2\/types\/product"}],"replies":[{"embeddable":true,"href":"https:\/\/dolati.shop\/index.php\/wp-json\/wp\/v2\/comments?post=856"}],"version-history":[{"count":2,"href":"https:\/\/dolati.shop\/index.php\/wp-json\/wp\/v2\/product\/856\/revisions"}],"predecessor-version":[{"id":3109,"href":"https:\/\/dolati.shop\/index.php\/wp-json\/wp\/v2\/product\/856\/revisions\/3109"}],"wp:featuredmedia":[{"embeddable":true,"href":"https:\/\/dolati.shop\/index.php\/wp-json\/wp\/v2\/media\/857"}],"wp:attachment":[{"href":"https:\/\/dolati.shop\/index.php\/wp-json\/wp\/v2\/media?parent=856"}],"wp:term":[{"taxonomy":"product_brand","embeddable":true,"href":"https:\/\/dolati.shop\/index.php\/wp-json\/wp\/v2\/product_brand?post=856"},{"taxonomy":"product_cat","embeddable":true,"href":"https:\/\/dolati.shop\/index.php\/wp-json\/wp\/v2\/product_cat?post=856"},{"taxonomy":"product_tag","embeddable":true,"href":"https:\/\/dolati.shop\/index.php\/wp-json\/wp\/v2\/product_tag?post=856"}],"curies":[{"name":"wp","href":"https:\/\/api.w.org\/{rel}","templated":true}]}}