{"id":830,"date":"2023-10-15T14:33:18","date_gmt":"2023-10-15T12:33:18","guid":{"rendered":"https:\/\/dolati.shop\/?post_type=product&#038;p=830"},"modified":"2025-10-07T21:49:53","modified_gmt":"2025-10-07T19:49:53","slug":"patere-murale-porte-manteaux","status":"publish","type":"product","link":"https:\/\/dolati.shop\/index.php\/product\/patere-murale-porte-manteaux\/","title":{"rendered":"Pat\u00e8re murale &#8211; porte manteaux"},"content":{"rendered":"\n<figure class=\"wp-block-image\"><img decoding=\"async\" src=\"https:\/\/img.ankorstore.com\/brands\/rounded\/39412-47dfff1ba710a2.jpg?auto=format%2Ccompress&amp;fm=pjpg&amp;dpr=1&amp;w=72\" alt=\"Hippie Monkey\" \/><\/figure>\n\n\n\n<p>Hippie Monkey<\/p>\n","protected":false},"excerpt":{"rendered":"<p>Description<br \/>Le Boho Cloth Hanger est la d\u00e9coration murale parfaite pour votre couloir. C&rsquo;est un must have boh\u00e8me mignon qui surprendra vos invit\u00e9s. Il est naturel, ce qui le rend bon \u00e0 combiner avec toutes les couleurs de la pi\u00e8ce. <br \/>Mais cette pat\u00e8re faite \u00e0 la main sera \u00e9galement parfaite dans une chambre boh\u00e8me. Vous pouvez la combiner parfaitement avec des cintres en rotin<\/p>\n<p>Dimensions :<br \/>62\u00a0x\u00a010\u00a0cm<\/p>\n<p>Couleur<br \/>Naturel<\/p>\n<p>Mat\u00e9riel<br \/>Bois &amp; Rotin. C&rsquo;est des mat\u00e9riaux naturelx et fait main, ce qui signifie que chaque produit est 100% unique et qu&rsquo;il peut y avoir de petites diff\u00e9rences entre chaque produit.<br \/>Et parce qu&rsquo;il est fabriqu\u00e9 \u00e0 partir de mat\u00e9riaux naturels, nous recommandons de l&rsquo;utiliser uniquement \u00e0 l&rsquo;int\u00e9rieur, dans un environnement sec.<\/p>\n","protected":false},"featured_media":831,"comment_status":"open","ping_status":"closed","template":"","meta":[],"product_brand":[],"product_cat":[99,145],"product_tag":[],"class_list":{"0":"post-830","1":"product","2":"type-product","3":"status-publish","4":"has-post-thumbnail","6":"product_cat-patere-portes-manteaux","7":"product_cat-toute-la-collection","9":"first","10":"instock","11":"purchasable","12":"product-type-simple","13":"customify-col","14":"product-has-gallery"},"mb":[],"jetpack_sharing_enabled":true,"mfb_rest_fields":["title","jetpack_sharing_enabled","gutenberg_elementor_mode"],"_links":{"self":[{"href":"https:\/\/dolati.shop\/index.php\/wp-json\/wp\/v2\/product\/830","targetHints":{"allow":["GET"]}}],"collection":[{"href":"https:\/\/dolati.shop\/index.php\/wp-json\/wp\/v2\/product"}],"about":[{"href":"https:\/\/dolati.shop\/index.php\/wp-json\/wp\/v2\/types\/product"}],"replies":[{"embeddable":true,"href":"https:\/\/dolati.shop\/index.php\/wp-json\/wp\/v2\/comments?post=830"}],"version-history":[{"count":1,"href":"https:\/\/dolati.shop\/index.php\/wp-json\/wp\/v2\/product\/830\/revisions"}],"predecessor-version":[{"id":2650,"href":"https:\/\/dolati.shop\/index.php\/wp-json\/wp\/v2\/product\/830\/revisions\/2650"}],"wp:featuredmedia":[{"embeddable":true,"href":"https:\/\/dolati.shop\/index.php\/wp-json\/wp\/v2\/media\/831"}],"wp:attachment":[{"href":"https:\/\/dolati.shop\/index.php\/wp-json\/wp\/v2\/media?parent=830"}],"wp:term":[{"taxonomy":"product_brand","embeddable":true,"href":"https:\/\/dolati.shop\/index.php\/wp-json\/wp\/v2\/product_brand?post=830"},{"taxonomy":"product_cat","embeddable":true,"href":"https:\/\/dolati.shop\/index.php\/wp-json\/wp\/v2\/product_cat?post=830"},{"taxonomy":"product_tag","embeddable":true,"href":"https:\/\/dolati.shop\/index.php\/wp-json\/wp\/v2\/product_tag?post=830"}],"curies":[{"name":"wp","href":"https:\/\/api.w.org\/{rel}","templated":true}]}}