{"id":807,"date":"2023-10-11T22:53:41","date_gmt":"2023-10-11T20:53:41","guid":{"rendered":"https:\/\/dolati.shop\/?post_type=product&#038;p=807"},"modified":"2024-01-08T09:23:12","modified_gmt":"2024-01-08T08:23:12","slug":"vase-ceramique-avec-base-naturelle","status":"publish","type":"product","link":"https:\/\/dolati.shop\/index.php\/product\/vase-ceramique-avec-base-naturelle\/","title":{"rendered":"VASE C\u00c9RAMIQUE AVEC BASE NATURELLE"},"content":{"rendered":"\n<figure class=\"wp-block-image\"><img decoding=\"async\" src=\"https:\/\/img.ankorstore.com\/brands\/rounded\/5779-47dfd352b16537.jpg?auto=format%2Ccompress&amp;fm=pjpg&amp;dpr=1&amp;w=72\" alt=\"Helio Ferretti\" \/><\/figure>\n\n\n\n<p>Helio Ferretti<\/p>\n","protected":false},"excerpt":{"rendered":"<p>Description<br \/>Vase en c\u00e9ramique avec base de couleur naturelle.<br \/>Il peut \u00e9galement \u00eatre utilis\u00e9 comme figure d\u00e9corative, car il est id\u00e9al pour d\u00e9corer n&rsquo;importe quel coin en donnant une touche \u00e9l\u00e9gante et originale.<\/p>\n<p>Dimensions : <br \/>H 18,5cm x  12cm x 10cm<\/p>\n<p>Attention, peut \u00eatre poreux <\/p>\n","protected":false},"featured_media":808,"comment_status":"open","ping_status":"closed","template":"","meta":[],"product_brand":[],"product_cat":[145,28],"product_tag":[],"class_list":{"0":"post-807","1":"product","2":"type-product","3":"status-publish","4":"has-post-thumbnail","6":"product_cat-toute-la-collection","7":"product_cat-vases","9":"first","10":"instock","11":"purchasable","12":"product-type-simple","13":"customify-col"},"mb":[],"jetpack_sharing_enabled":true,"mfb_rest_fields":["title","jetpack_sharing_enabled","gutenberg_elementor_mode"],"_links":{"self":[{"href":"https:\/\/dolati.shop\/index.php\/wp-json\/wp\/v2\/product\/807","targetHints":{"allow":["GET"]}}],"collection":[{"href":"https:\/\/dolati.shop\/index.php\/wp-json\/wp\/v2\/product"}],"about":[{"href":"https:\/\/dolati.shop\/index.php\/wp-json\/wp\/v2\/types\/product"}],"replies":[{"embeddable":true,"href":"https:\/\/dolati.shop\/index.php\/wp-json\/wp\/v2\/comments?post=807"}],"version-history":[{"count":2,"href":"https:\/\/dolati.shop\/index.php\/wp-json\/wp\/v2\/product\/807\/revisions"}],"predecessor-version":[{"id":2880,"href":"https:\/\/dolati.shop\/index.php\/wp-json\/wp\/v2\/product\/807\/revisions\/2880"}],"wp:featuredmedia":[{"embeddable":true,"href":"https:\/\/dolati.shop\/index.php\/wp-json\/wp\/v2\/media\/808"}],"wp:attachment":[{"href":"https:\/\/dolati.shop\/index.php\/wp-json\/wp\/v2\/media?parent=807"}],"wp:term":[{"taxonomy":"product_brand","embeddable":true,"href":"https:\/\/dolati.shop\/index.php\/wp-json\/wp\/v2\/product_brand?post=807"},{"taxonomy":"product_cat","embeddable":true,"href":"https:\/\/dolati.shop\/index.php\/wp-json\/wp\/v2\/product_cat?post=807"},{"taxonomy":"product_tag","embeddable":true,"href":"https:\/\/dolati.shop\/index.php\/wp-json\/wp\/v2\/product_tag?post=807"}],"curies":[{"name":"wp","href":"https:\/\/api.w.org\/{rel}","templated":true}]}}