{"id":803,"date":"2023-10-11T22:38:59","date_gmt":"2023-10-11T20:38:59","guid":{"rendered":"https:\/\/dolati.shop\/?post_type=product&#038;p=803"},"modified":"2024-01-08T09:25:01","modified_gmt":"2024-01-08T08:25:01","slug":"jarron-negro-hecho-a-mano","status":"publish","type":"product","link":"https:\/\/dolati.shop\/index.php\/product\/jarron-negro-hecho-a-mano\/","title":{"rendered":"Pot c\u00e9ramique"},"content":{"rendered":"\n<figure class=\"wp-block-image\"><img decoding=\"async\" src=\"https:\/\/img.ankorstore.com\/brands\/rounded\/5779-47dfd352b16537.jpg?auto=format%2Ccompress&amp;fm=pjpg&amp;dpr=1&amp;w=72\" alt=\"Helio Ferretti\" \/><\/figure>\n\n\n\n<p>Helio Ferretti<\/p>\n","protected":false},"excerpt":{"rendered":"<p>Description<br \/>Pot noir et blanc avec une finition mate et un style fait main qui lui donne une touche plus personnelle. C&rsquo;est un produit au design original qui peut avoir la fonctionnalit\u00e9 d&rsquo;un pot ou simplement \u00eatre utilis\u00e9 comme \u00e9l\u00e9ment d\u00e9coratif pour n&rsquo;importe quelle pi\u00e8ce de la maison. <\/p>\n<p>Dimensions<br \/>17,60 x 2,10 x 11,00 cm<\/p>\n<p>Mat\u00e9riaux<br \/>C\u00e9ramique<\/p>\n","protected":false},"featured_media":804,"comment_status":"open","ping_status":"closed","template":"","meta":[],"product_brand":[],"product_cat":[145,28],"product_tag":[],"class_list":{"0":"post-803","1":"product","2":"type-product","3":"status-publish","4":"has-post-thumbnail","6":"product_cat-toute-la-collection","7":"product_cat-vases","9":"first","10":"instock","11":"purchasable","12":"product-type-simple","13":"customify-col"},"mb":[],"jetpack_sharing_enabled":true,"mfb_rest_fields":["title","jetpack_sharing_enabled","gutenberg_elementor_mode"],"_links":{"self":[{"href":"https:\/\/dolati.shop\/index.php\/wp-json\/wp\/v2\/product\/803","targetHints":{"allow":["GET"]}}],"collection":[{"href":"https:\/\/dolati.shop\/index.php\/wp-json\/wp\/v2\/product"}],"about":[{"href":"https:\/\/dolati.shop\/index.php\/wp-json\/wp\/v2\/types\/product"}],"replies":[{"embeddable":true,"href":"https:\/\/dolati.shop\/index.php\/wp-json\/wp\/v2\/comments?post=803"}],"version-history":[{"count":2,"href":"https:\/\/dolati.shop\/index.php\/wp-json\/wp\/v2\/product\/803\/revisions"}],"predecessor-version":[{"id":2881,"href":"https:\/\/dolati.shop\/index.php\/wp-json\/wp\/v2\/product\/803\/revisions\/2881"}],"wp:featuredmedia":[{"embeddable":true,"href":"https:\/\/dolati.shop\/index.php\/wp-json\/wp\/v2\/media\/804"}],"wp:attachment":[{"href":"https:\/\/dolati.shop\/index.php\/wp-json\/wp\/v2\/media?parent=803"}],"wp:term":[{"taxonomy":"product_brand","embeddable":true,"href":"https:\/\/dolati.shop\/index.php\/wp-json\/wp\/v2\/product_brand?post=803"},{"taxonomy":"product_cat","embeddable":true,"href":"https:\/\/dolati.shop\/index.php\/wp-json\/wp\/v2\/product_cat?post=803"},{"taxonomy":"product_tag","embeddable":true,"href":"https:\/\/dolati.shop\/index.php\/wp-json\/wp\/v2\/product_tag?post=803"}],"curies":[{"name":"wp","href":"https:\/\/api.w.org\/{rel}","templated":true}]}}