{"id":799,"date":"2023-10-11T22:26:31","date_gmt":"2023-10-11T20:26:31","guid":{"rendered":"https:\/\/dolati.shop\/?post_type=product&#038;p=799"},"modified":"2024-11-29T16:49:09","modified_gmt":"2024-11-29T15:49:09","slug":"vase-circulaire-blanc","status":"publish","type":"product","link":"https:\/\/dolati.shop\/index.php\/product\/vase-circulaire-blanc\/","title":{"rendered":"VASE CIRCULAIRE BLANC"},"content":{"rendered":"\n<figure class=\"wp-block-image\"><img decoding=\"async\" src=\"https:\/\/img.ankorstore.com\/brands\/rounded\/5779-47dfd352b16537.jpg?auto=format%2Ccompress&amp;fm=pjpg&amp;dpr=1&amp;w=72\" alt=\"Helio Ferretti\" \/><\/figure>\n\n\n\n<p>Helio Ferretti<\/p>\n","protected":false},"excerpt":{"rendered":"<p>Description<br \/>Vase de couleur blanche avec des d\u00e9tails d\u00e9licats et des finitions douces qui mettent en valeur son \u00e9l\u00e9gance et sa sophistication. <br \/>Parfait pour ajouter une touche de style \u00e0 n&rsquo;importe quelle d\u00e9coration.<\/p>\n<p>Dimensions :<br \/>H 18 cm x 21,5 cm x 14,5cm<\/p>\n<p>M\u00e9tal <\/p>\n","protected":false},"featured_media":800,"comment_status":"open","ping_status":"closed","template":"","meta":[],"product_brand":[],"product_cat":[145,28],"product_tag":[],"class_list":{"0":"post-799","1":"product","2":"type-product","3":"status-publish","4":"has-post-thumbnail","6":"product_cat-toute-la-collection","7":"product_cat-vases","9":"first","10":"instock","11":"purchasable","12":"product-type-simple","13":"customify-col","14":"product-has-gallery"},"mb":[],"jetpack_sharing_enabled":true,"mfb_rest_fields":["title","jetpack_sharing_enabled","gutenberg_elementor_mode"],"_links":{"self":[{"href":"https:\/\/dolati.shop\/index.php\/wp-json\/wp\/v2\/product\/799","targetHints":{"allow":["GET"]}}],"collection":[{"href":"https:\/\/dolati.shop\/index.php\/wp-json\/wp\/v2\/product"}],"about":[{"href":"https:\/\/dolati.shop\/index.php\/wp-json\/wp\/v2\/types\/product"}],"replies":[{"embeddable":true,"href":"https:\/\/dolati.shop\/index.php\/wp-json\/wp\/v2\/comments?post=799"}],"version-history":[{"count":2,"href":"https:\/\/dolati.shop\/index.php\/wp-json\/wp\/v2\/product\/799\/revisions"}],"predecessor-version":[{"id":2883,"href":"https:\/\/dolati.shop\/index.php\/wp-json\/wp\/v2\/product\/799\/revisions\/2883"}],"wp:featuredmedia":[{"embeddable":true,"href":"https:\/\/dolati.shop\/index.php\/wp-json\/wp\/v2\/media\/800"}],"wp:attachment":[{"href":"https:\/\/dolati.shop\/index.php\/wp-json\/wp\/v2\/media?parent=799"}],"wp:term":[{"taxonomy":"product_brand","embeddable":true,"href":"https:\/\/dolati.shop\/index.php\/wp-json\/wp\/v2\/product_brand?post=799"},{"taxonomy":"product_cat","embeddable":true,"href":"https:\/\/dolati.shop\/index.php\/wp-json\/wp\/v2\/product_cat?post=799"},{"taxonomy":"product_tag","embeddable":true,"href":"https:\/\/dolati.shop\/index.php\/wp-json\/wp\/v2\/product_tag?post=799"}],"curies":[{"name":"wp","href":"https:\/\/api.w.org\/{rel}","templated":true}]}}