{"id":781,"date":"2023-10-11T16:19:58","date_gmt":"2023-10-11T14:19:58","guid":{"rendered":"https:\/\/dolati.shop\/?post_type=product&#038;p=781"},"modified":"2024-02-19T09:37:34","modified_gmt":"2024-02-19T08:37:34","slug":"brosses-a-vaisselle-en-bois-lot-de-6","status":"publish","type":"product","link":"https:\/\/dolati.shop\/index.php\/product\/brosses-a-vaisselle-en-bois-lot-de-6\/","title":{"rendered":"Brosses \u00e0 vaisselle en bois &#8211; lot de 6"},"content":{"rendered":"\n<figure class=\"wp-block-image\"><img decoding=\"async\" src=\"https:\/\/img.ankorstore.com\/brands\/rounded\/1273-47dfe8bed1669a.jpg?auto=format%2Ccompress&amp;fm=pjpg&amp;dpr=1&amp;w=72\" alt=\"Eulenschnitt\" \/><\/figure>\n\n\n\n<p>Eulenschnitt<\/p>\n","protected":false},"excerpt":{"rendered":"<p>Description<br \/>Ces brosses \u00e0 vaisselle en lot de 6 en bois de h\u00eatre et en fibres naturelles ne sont pas seulement un accroche-regard absolu dans votre cuisine, elles sont \u00e9galement absolument durables.<\/p>\n<p>Notre lot de 6 se compose d&rsquo;une brosse \u00e0 vaisselle classique et d&rsquo;une brosse de rechange suppl\u00e9mentaire, d&rsquo;une brosse \u00e0 l\u00e9gumes, d&rsquo;une brosse pour casseroles et po\u00eales et de deux \u00e9ponges en luffa.<\/p>\n<p>Caract\u00e9ristiques:<br \/>Brosses \u00e0 vaisselle par lot de 6<br \/>sans plastique et v\u00e9g\u00e9talien<br \/>Gravure laser dans diff\u00e9rents mod\u00e8les<br \/>Suivez les instructions d&rsquo;entretien<\/p>\n<p>Mat\u00e9riel:<br \/>Bois de bambou et fibres naturelles<\/p>\n<p>Dimensions:<br \/>Brosse \u00e0 l\u00e9gumes : 9 x 7 x 3,5 cm<br \/>Brosse \u00e0 vaisselle : 23 x 4 x 5 cm<br \/>Brosse coupelle : 8 x 5 x 5 cm<br \/>Luffa \u00e9ponges : 11 x 7 x 0,5 cm<\/p>\n<p>Conseils d&rsquo;entretien :<br \/>Veuillez s\u00e9cher vos pinceaux suspendus \u00e0 l&rsquo;envers ou debout afin que l&rsquo;eau puisse facilement s&rsquo;\u00e9couler pour prot\u00e9ger les manches en bois.<\/p>\n","protected":false},"featured_media":782,"comment_status":"open","ping_status":"closed","template":"","meta":[],"product_brand":[],"product_cat":[124,145],"product_tag":[],"class_list":{"0":"post-781","1":"product","2":"type-product","3":"status-publish","4":"has-post-thumbnail","6":"product_cat-accessoires","7":"product_cat-toute-la-collection","9":"first","10":"instock","11":"purchasable","12":"product-type-simple","13":"customify-col"},"mb":[],"jetpack_sharing_enabled":true,"mfb_rest_fields":["title","jetpack_sharing_enabled","gutenberg_elementor_mode"],"_links":{"self":[{"href":"https:\/\/dolati.shop\/index.php\/wp-json\/wp\/v2\/product\/781","targetHints":{"allow":["GET"]}}],"collection":[{"href":"https:\/\/dolati.shop\/index.php\/wp-json\/wp\/v2\/product"}],"about":[{"href":"https:\/\/dolati.shop\/index.php\/wp-json\/wp\/v2\/types\/product"}],"replies":[{"embeddable":true,"href":"https:\/\/dolati.shop\/index.php\/wp-json\/wp\/v2\/comments?post=781"}],"version-history":[{"count":1,"href":"https:\/\/dolati.shop\/index.php\/wp-json\/wp\/v2\/product\/781\/revisions"}],"predecessor-version":[{"id":2660,"href":"https:\/\/dolati.shop\/index.php\/wp-json\/wp\/v2\/product\/781\/revisions\/2660"}],"wp:featuredmedia":[{"embeddable":true,"href":"https:\/\/dolati.shop\/index.php\/wp-json\/wp\/v2\/media\/782"}],"wp:attachment":[{"href":"https:\/\/dolati.shop\/index.php\/wp-json\/wp\/v2\/media?parent=781"}],"wp:term":[{"taxonomy":"product_brand","embeddable":true,"href":"https:\/\/dolati.shop\/index.php\/wp-json\/wp\/v2\/product_brand?post=781"},{"taxonomy":"product_cat","embeddable":true,"href":"https:\/\/dolati.shop\/index.php\/wp-json\/wp\/v2\/product_cat?post=781"},{"taxonomy":"product_tag","embeddable":true,"href":"https:\/\/dolati.shop\/index.php\/wp-json\/wp\/v2\/product_tag?post=781"}],"curies":[{"name":"wp","href":"https:\/\/api.w.org\/{rel}","templated":true}]}}