{"id":779,"date":"2023-10-11T16:02:22","date_gmt":"2023-10-11T14:02:22","guid":{"rendered":"https:\/\/dolati.shop\/?post_type=product&#038;p=779"},"modified":"2026-04-24T09:08:20","modified_gmt":"2026-04-24T07:08:20","slug":"porte-cartes-15cm-lot-de-2","status":"publish","type":"product","link":"https:\/\/dolati.shop\/index.php\/product\/porte-cartes-15cm-lot-de-2\/","title":{"rendered":"Porte-cartes 15cm lot de 2"},"content":{"rendered":"\n<figure class=\"wp-block-image\"><img decoding=\"async\" src=\"https:\/\/img.ankorstore.com\/brands\/rounded\/1273-47dfe8bed1669a.jpg?auto=format%2Ccompress&amp;fm=pjpg&amp;dpr=1&amp;w=72\" alt=\"Eulenschnitt\" \/><\/figure>\n\n\n\n<p>Eulenschnitt<\/p>\n","protected":false},"excerpt":{"rendered":"<p>Description<br \/>Parfait pour vos photos, cartes postales et petites images pr\u00e9f\u00e9r\u00e9es.<br \/>Lot de 2 <\/p>\n<p>Dimensions :<br \/>15 centim\u00e8tres x 1,5 centim\u00e8tres<\/p>\n<p>Mat\u00e9riaux :<br \/>Bois\u00a0<\/p>\n","protected":false},"featured_media":780,"comment_status":"open","ping_status":"closed","template":"","meta":[],"product_brand":[],"product_cat":[72,145],"product_tag":[],"class_list":{"0":"post-779","1":"product","2":"type-product","3":"status-publish","4":"has-post-thumbnail","6":"product_cat-decoration-a-poser","7":"product_cat-toute-la-collection","9":"first","10":"instock","11":"purchasable","12":"product-type-simple","13":"customify-col","14":"product-has-gallery"},"mb":[],"jetpack_sharing_enabled":true,"mfb_rest_fields":["title","jetpack_sharing_enabled","gutenberg_elementor_mode"],"_links":{"self":[{"href":"https:\/\/dolati.shop\/index.php\/wp-json\/wp\/v2\/product\/779","targetHints":{"allow":["GET"]}}],"collection":[{"href":"https:\/\/dolati.shop\/index.php\/wp-json\/wp\/v2\/product"}],"about":[{"href":"https:\/\/dolati.shop\/index.php\/wp-json\/wp\/v2\/types\/product"}],"replies":[{"embeddable":true,"href":"https:\/\/dolati.shop\/index.php\/wp-json\/wp\/v2\/comments?post=779"}],"version-history":[{"count":1,"href":"https:\/\/dolati.shop\/index.php\/wp-json\/wp\/v2\/product\/779\/revisions"}],"predecessor-version":[{"id":2661,"href":"https:\/\/dolati.shop\/index.php\/wp-json\/wp\/v2\/product\/779\/revisions\/2661"}],"wp:featuredmedia":[{"embeddable":true,"href":"https:\/\/dolati.shop\/index.php\/wp-json\/wp\/v2\/media\/780"}],"wp:attachment":[{"href":"https:\/\/dolati.shop\/index.php\/wp-json\/wp\/v2\/media?parent=779"}],"wp:term":[{"taxonomy":"product_brand","embeddable":true,"href":"https:\/\/dolati.shop\/index.php\/wp-json\/wp\/v2\/product_brand?post=779"},{"taxonomy":"product_cat","embeddable":true,"href":"https:\/\/dolati.shop\/index.php\/wp-json\/wp\/v2\/product_cat?post=779"},{"taxonomy":"product_tag","embeddable":true,"href":"https:\/\/dolati.shop\/index.php\/wp-json\/wp\/v2\/product_tag?post=779"}],"curies":[{"name":"wp","href":"https:\/\/api.w.org\/{rel}","templated":true}]}}