{"id":771,"date":"2023-10-11T15:20:21","date_gmt":"2023-10-11T13:20:21","guid":{"rendered":"https:\/\/dolati.shop\/?post_type=product&#038;p=771"},"modified":"2026-01-27T01:14:38","modified_gmt":"2026-01-27T00:14:38","slug":"support-pour-fleurs-sechees","status":"publish","type":"product","link":"https:\/\/dolati.shop\/index.php\/product\/support-pour-fleurs-sechees\/","title":{"rendered":"Support pour fleurs s\u00e9ch\u00e9es"},"content":{"rendered":"\n<figure class=\"wp-block-image\"><img decoding=\"async\" src=\"https:\/\/img.ankorstore.com\/brands\/rounded\/1273-47dfe8bed1669a.jpg?auto=format%2Ccompress&amp;fm=pjpg&amp;dpr=1&amp;w=72\" alt=\"Eulenschnitt\" \/><\/figure>\n\n\n\n<p>Eulenschnitt<\/p>\n","protected":false},"excerpt":{"rendered":"<p>Description<br \/>De belles fleurs s\u00e9ch\u00e9es ou des branches de sapin trouvent leur place dans les 13 petits trous et deviennent un v\u00e9ritable accroche-regard. Le point culminant du support de fleurs est la mention grav\u00e9e au laser \u00abjuste love\u00bb, le dessous du support de fleurs est orn\u00e9 d&rsquo;un petit logo coup\u00e9 en forme de hibou. Avec un diam\u00e8tre de 11cm, le support de fleurs s&rsquo;adapte parfaitement sur n&rsquo;importe quelle table ou commode. Ainsi, vous pouvez cr\u00e9er une ambiance durable et fleurie dans votre maison en un rien de temps.<br \/>Ce support de fleurs Just love convient \u00e9galement aux d\u00e9corations lors de mariages et de tables d&rsquo;anniversaire !<\/p>\n<p>Dimensions:<br \/>Diam\u00e8tre environ 11 cm<br \/>Hauteur environ 2 cm<\/p>\n<p>Caract\u00e9ristiques:<br \/>Support \u00e0 fleurs en ch\u00eane<br \/>Remplacement facile des fleurs s\u00e9ch\u00e9es<br \/>Slogan \/ motif frais\u00e9 sur le devant<\/p>\n<p>Remarque: les fleurs s\u00e9ch\u00e9es sur la photo du produit ne sont pas comprises dans la livraison.<\/p>\n","protected":false},"featured_media":773,"comment_status":"open","ping_status":"closed","template":"","meta":[],"product_brand":[],"product_cat":[72,145],"product_tag":[],"class_list":{"0":"post-771","1":"product","2":"type-product","3":"status-publish","4":"has-post-thumbnail","6":"product_cat-decoration-a-poser","7":"product_cat-toute-la-collection","9":"first","10":"instock","11":"purchasable","12":"product-type-simple","13":"customify-col","14":"product-has-gallery"},"mb":[],"jetpack_sharing_enabled":true,"mfb_rest_fields":["title","jetpack_sharing_enabled","gutenberg_elementor_mode"],"_links":{"self":[{"href":"https:\/\/dolati.shop\/index.php\/wp-json\/wp\/v2\/product\/771","targetHints":{"allow":["GET"]}}],"collection":[{"href":"https:\/\/dolati.shop\/index.php\/wp-json\/wp\/v2\/product"}],"about":[{"href":"https:\/\/dolati.shop\/index.php\/wp-json\/wp\/v2\/types\/product"}],"replies":[{"embeddable":true,"href":"https:\/\/dolati.shop\/index.php\/wp-json\/wp\/v2\/comments?post=771"}],"version-history":[{"count":1,"href":"https:\/\/dolati.shop\/index.php\/wp-json\/wp\/v2\/product\/771\/revisions"}],"predecessor-version":[{"id":2664,"href":"https:\/\/dolati.shop\/index.php\/wp-json\/wp\/v2\/product\/771\/revisions\/2664"}],"wp:featuredmedia":[{"embeddable":true,"href":"https:\/\/dolati.shop\/index.php\/wp-json\/wp\/v2\/media\/773"}],"wp:attachment":[{"href":"https:\/\/dolati.shop\/index.php\/wp-json\/wp\/v2\/media?parent=771"}],"wp:term":[{"taxonomy":"product_brand","embeddable":true,"href":"https:\/\/dolati.shop\/index.php\/wp-json\/wp\/v2\/product_brand?post=771"},{"taxonomy":"product_cat","embeddable":true,"href":"https:\/\/dolati.shop\/index.php\/wp-json\/wp\/v2\/product_cat?post=771"},{"taxonomy":"product_tag","embeddable":true,"href":"https:\/\/dolati.shop\/index.php\/wp-json\/wp\/v2\/product_tag?post=771"}],"curies":[{"name":"wp","href":"https:\/\/api.w.org\/{rel}","templated":true}]}}