{"id":769,"date":"2023-10-11T14:50:02","date_gmt":"2023-10-11T12:50:02","guid":{"rendered":"https:\/\/dolati.shop\/?post_type=product&#038;p=769"},"modified":"2026-04-23T21:31:39","modified_gmt":"2026-04-23T19:31:39","slug":"brosse-a-ongles-coeur","status":"publish","type":"product","link":"https:\/\/dolati.shop\/index.php\/product\/brosse-a-ongles-coeur\/","title":{"rendered":"Brosse \u00e0 ongles coeur"},"content":{"rendered":"\n<figure class=\"wp-block-image\"><img decoding=\"async\" src=\"https:\/\/img.ankorstore.com\/brands\/rounded\/1273-47dfe8bed1669a.jpg?auto=format%2Ccompress&amp;fm=pjpg&amp;dpr=1&amp;w=72\" alt=\"Eulenschnitt\" \/><\/figure>\n\n\n\n<p>Eulenschnitt<\/p>\n","protected":false},"excerpt":{"rendered":"<p>Description<br \/>Ces brosses \u00e0 ongles sont un v\u00e9ritable accroche-regard dans chaque salle de bain.<\/p>\n<p>Caract\u00e9ristiques :<br \/>sans plastique et v\u00e9g\u00e9talien<br \/>Gravure au laser dans diff\u00e9rents mod\u00e8les<br \/>Respecter les consignes d&rsquo;entretien<\/p>\n<p>Mat\u00e9riel :<br \/>Bois de h\u00eatre et fibres naturelles<\/p>\n<p>Dimensions :<br \/>9.5&#215;1.8x4cm<\/p>\n<p>Conseils d&rsquo;entretien\u00a0:<br \/>Veuillez s\u00e9cher vos pinceaux suspendus \u00e0 l&rsquo;envers ou debout afin que l&rsquo;eau puisse s&rsquo;\u00e9couler facilement pour prot\u00e9ger les manches en bois.<\/p>\n","protected":false},"featured_media":2281,"comment_status":"open","ping_status":"closed","template":"","meta":[],"product_brand":[],"product_cat":[124,145],"product_tag":[],"class_list":{"0":"post-769","1":"product","2":"type-product","3":"status-publish","4":"has-post-thumbnail","6":"product_cat-accessoires","7":"product_cat-toute-la-collection","9":"first","10":"instock","11":"purchasable","12":"product-type-simple","13":"customify-col","14":"product-has-gallery"},"mb":[],"jetpack_sharing_enabled":true,"mfb_rest_fields":["title","jetpack_sharing_enabled","gutenberg_elementor_mode"],"_links":{"self":[{"href":"https:\/\/dolati.shop\/index.php\/wp-json\/wp\/v2\/product\/769","targetHints":{"allow":["GET"]}}],"collection":[{"href":"https:\/\/dolati.shop\/index.php\/wp-json\/wp\/v2\/product"}],"about":[{"href":"https:\/\/dolati.shop\/index.php\/wp-json\/wp\/v2\/types\/product"}],"replies":[{"embeddable":true,"href":"https:\/\/dolati.shop\/index.php\/wp-json\/wp\/v2\/comments?post=769"}],"version-history":[{"count":1,"href":"https:\/\/dolati.shop\/index.php\/wp-json\/wp\/v2\/product\/769\/revisions"}],"predecessor-version":[{"id":2665,"href":"https:\/\/dolati.shop\/index.php\/wp-json\/wp\/v2\/product\/769\/revisions\/2665"}],"wp:featuredmedia":[{"embeddable":true,"href":"https:\/\/dolati.shop\/index.php\/wp-json\/wp\/v2\/media\/2281"}],"wp:attachment":[{"href":"https:\/\/dolati.shop\/index.php\/wp-json\/wp\/v2\/media?parent=769"}],"wp:term":[{"taxonomy":"product_brand","embeddable":true,"href":"https:\/\/dolati.shop\/index.php\/wp-json\/wp\/v2\/product_brand?post=769"},{"taxonomy":"product_cat","embeddable":true,"href":"https:\/\/dolati.shop\/index.php\/wp-json\/wp\/v2\/product_cat?post=769"},{"taxonomy":"product_tag","embeddable":true,"href":"https:\/\/dolati.shop\/index.php\/wp-json\/wp\/v2\/product_tag?post=769"}],"curies":[{"name":"wp","href":"https:\/\/api.w.org\/{rel}","templated":true}]}}