{"id":754,"date":"2023-10-10T22:55:39","date_gmt":"2023-10-10T20:55:39","guid":{"rendered":"https:\/\/dolati.shop\/?post_type=product&#038;p=754"},"modified":"2025-07-03T12:24:29","modified_gmt":"2025-07-03T10:24:29","slug":"nuage-en-laiton-dore","status":"publish","type":"product","link":"https:\/\/dolati.shop\/index.php\/product\/nuage-en-laiton-dore\/","title":{"rendered":"Nuage en laiton dor\u00e9"},"content":{"rendered":"\n<figure class=\"wp-block-image\"><img decoding=\"async\" src=\"https:\/\/img.ankorstore.com\/brands\/rounded\/16620-47df2c2c74b090.jpg?auto=format%2Ccompress&amp;fm=pjpg&amp;dpr=1&amp;w=72\" alt=\"Bohome Living\" \/><\/figure>\n\n\n\n<p>Bohome Living<\/p>\n","protected":false},"excerpt":{"rendered":"<p>Description<br \/>Les m\u00e9taux sont remis \u00e0 l&rsquo;honneur et habillent diff\u00e9rents objets.<br \/>Apportez une touche tendance \u00e0 vos murs gr\u00e2ce \u00e0 la d\u00e9coration murale en laiton.<\/p>\n<p>Seul, en accumulation ou m\u00e9lang\u00e9 \u00e0 d&rsquo;autres motifs,\u00a0le nuage\u00a0en laiton dor\u00e9 apporte de la douceur dans la chambre de votre enfant.<\/p>\n<p>Le nuage\u00a0est l\u00e9ger, il est tr\u00e8s facile de le fixer au mur avec un clou ou du masking tape pour un c\u00f4t\u00e9 plus fun.\u00a0<\/p>\n<p>Le nuage\u00a0en laiton se d\u00e9cline en 4 dimensions (largeur x hauteur) :<br \/>Taille XS : 13 x 8cm<br \/>Taille S : 15 x 10cm<br \/>Taille M : 19 x 11cm<br \/>Taille L : 40 x 25cm<\/p>\n<p>Produits fabriqu\u00e9s de mani\u00e8re artisanale au Maroc, de l\u00e9g\u00e8res variations de taille et de coloris peuvent survenir. Chaque pi\u00e8ce est unique.<br \/>Le syst\u00e8me d&rsquo;accroche\u00a0n&rsquo;est pas fourni. <br \/>Produit vendu \u00e0 l&rsquo;unit\u00e9.<\/p>\n","protected":false},"featured_media":755,"comment_status":"open","ping_status":"closed","template":"","meta":[],"product_brand":[],"product_cat":[17,125],"product_tag":[],"class_list":{"0":"post-754","1":"product","2":"type-product","3":"status-publish","4":"has-post-thumbnail","6":"product_cat-decoration-murale","7":"product_cat-le-coin-des-enfants","9":"first","10":"instock","11":"purchasable","12":"product-type-variable","13":"has-default-attributes","14":"customify-col","15":"product-has-gallery"},"mb":[],"jetpack_sharing_enabled":true,"mfb_rest_fields":["title","jetpack_sharing_enabled","gutenberg_elementor_mode"],"_links":{"self":[{"href":"https:\/\/dolati.shop\/index.php\/wp-json\/wp\/v2\/product\/754","targetHints":{"allow":["GET"]}}],"collection":[{"href":"https:\/\/dolati.shop\/index.php\/wp-json\/wp\/v2\/product"}],"about":[{"href":"https:\/\/dolati.shop\/index.php\/wp-json\/wp\/v2\/types\/product"}],"replies":[{"embeddable":true,"href":"https:\/\/dolati.shop\/index.php\/wp-json\/wp\/v2\/comments?post=754"}],"version-history":[{"count":1,"href":"https:\/\/dolati.shop\/index.php\/wp-json\/wp\/v2\/product\/754\/revisions"}],"predecessor-version":[{"id":2666,"href":"https:\/\/dolati.shop\/index.php\/wp-json\/wp\/v2\/product\/754\/revisions\/2666"}],"wp:featuredmedia":[{"embeddable":true,"href":"https:\/\/dolati.shop\/index.php\/wp-json\/wp\/v2\/media\/755"}],"wp:attachment":[{"href":"https:\/\/dolati.shop\/index.php\/wp-json\/wp\/v2\/media?parent=754"}],"wp:term":[{"taxonomy":"product_brand","embeddable":true,"href":"https:\/\/dolati.shop\/index.php\/wp-json\/wp\/v2\/product_brand?post=754"},{"taxonomy":"product_cat","embeddable":true,"href":"https:\/\/dolati.shop\/index.php\/wp-json\/wp\/v2\/product_cat?post=754"},{"taxonomy":"product_tag","embeddable":true,"href":"https:\/\/dolati.shop\/index.php\/wp-json\/wp\/v2\/product_tag?post=754"}],"curies":[{"name":"wp","href":"https:\/\/api.w.org\/{rel}","templated":true}]}}