{"id":751,"date":"2023-10-10T22:46:10","date_gmt":"2023-10-10T20:46:10","guid":{"rendered":"https:\/\/dolati.shop\/?post_type=product&#038;p=751"},"modified":"2024-02-07T16:22:36","modified_gmt":"2024-02-07T15:22:36","slug":"etagere-murale-en-bambou","status":"publish","type":"product","link":"https:\/\/dolati.shop\/index.php\/product\/etagere-murale-en-bambou\/","title":{"rendered":"\u00c9tag\u00e8re murale en bambou"},"content":{"rendered":"\n<figure class=\"wp-block-image\"><img decoding=\"async\" src=\"https:\/\/img.ankorstore.com\/brands\/rounded\/14864-47d68e50c68383.jpg?auto=format%2Ccompress&amp;fm=pjpg&amp;dpr=1&amp;w=72\" alt=\"Bambu Living\" \/><\/figure>\n\n\n\n<p>Bambu Living<\/p>\n","protected":false},"excerpt":{"rendered":"<p>Description<br \/>Support mural en bambou. <br \/>Pour mettre en valeur une plante, une bougie, des onguents ou un doudou. <br \/>Combinez notre \u00e9tag\u00e8re murale en bambou avec d&rsquo;autres d\u00e9corations murales en rotin ou en laiton pour une chambre d&rsquo;enfant parfaite.<\/p>\n<p>Dimensions<br \/>30&#215;20 cm<\/p>\n","protected":false},"featured_media":752,"comment_status":"open","ping_status":"closed","template":"","meta":[],"product_brand":[],"product_cat":[30],"product_tag":[],"class_list":{"0":"post-751","1":"product","2":"type-product","3":"status-publish","4":"has-post-thumbnail","6":"product_cat-etageres","8":"first","9":"instock","10":"purchasable","11":"product-type-simple","12":"customify-col","13":"product-has-gallery"},"mb":[],"jetpack_sharing_enabled":true,"mfb_rest_fields":["title","jetpack_sharing_enabled","gutenberg_elementor_mode"],"_links":{"self":[{"href":"https:\/\/dolati.shop\/index.php\/wp-json\/wp\/v2\/product\/751","targetHints":{"allow":["GET"]}}],"collection":[{"href":"https:\/\/dolati.shop\/index.php\/wp-json\/wp\/v2\/product"}],"about":[{"href":"https:\/\/dolati.shop\/index.php\/wp-json\/wp\/v2\/types\/product"}],"replies":[{"embeddable":true,"href":"https:\/\/dolati.shop\/index.php\/wp-json\/wp\/v2\/comments?post=751"}],"version-history":[{"count":1,"href":"https:\/\/dolati.shop\/index.php\/wp-json\/wp\/v2\/product\/751\/revisions"}],"predecessor-version":[{"id":2667,"href":"https:\/\/dolati.shop\/index.php\/wp-json\/wp\/v2\/product\/751\/revisions\/2667"}],"wp:featuredmedia":[{"embeddable":true,"href":"https:\/\/dolati.shop\/index.php\/wp-json\/wp\/v2\/media\/752"}],"wp:attachment":[{"href":"https:\/\/dolati.shop\/index.php\/wp-json\/wp\/v2\/media?parent=751"}],"wp:term":[{"taxonomy":"product_brand","embeddable":true,"href":"https:\/\/dolati.shop\/index.php\/wp-json\/wp\/v2\/product_brand?post=751"},{"taxonomy":"product_cat","embeddable":true,"href":"https:\/\/dolati.shop\/index.php\/wp-json\/wp\/v2\/product_cat?post=751"},{"taxonomy":"product_tag","embeddable":true,"href":"https:\/\/dolati.shop\/index.php\/wp-json\/wp\/v2\/product_tag?post=751"}],"curies":[{"name":"wp","href":"https:\/\/api.w.org\/{rel}","templated":true}]}}