{"id":749,"date":"2023-10-10T22:38:40","date_gmt":"2023-10-10T20:38:40","guid":{"rendered":"https:\/\/dolati.shop\/?post_type=product&#038;p=749"},"modified":"2024-02-07T16:22:47","modified_gmt":"2024-02-07T15:22:47","slug":"arc-en-ciel-rotin","status":"publish","type":"product","link":"https:\/\/dolati.shop\/index.php\/product\/arc-en-ciel-rotin\/","title":{"rendered":"Arc-en-ciel rotin"},"content":{"rendered":"\n<figure class=\"wp-block-image\"><img decoding=\"async\" src=\"https:\/\/img.ankorstore.com\/brands\/rounded\/14864-47d68e50c68383.jpg?auto=format%2Ccompress&amp;fm=pjpg&amp;dpr=1&amp;w=72\" alt=\"Bambu Living\" \/><\/figure>\n\n\n\n<p>Bambu Living<\/p>\n","protected":false},"excerpt":{"rendered":"<p>Arc-en-ciel en rotin fait \u00e0 la main. <\/p>\n<p>Super sympa pour la chambre de b\u00e9b\u00e9 au mur ou sur une \u00e9tag\u00e8re. <br \/>Les arcs-en-ciel sont fabriqu\u00e9s \u00e0 Bali. <br \/>Le cadeau parfait !!<\/p>\n<p>Dimensions :<br \/>24&#215;21.5(35cm avec l&rsquo;accroche)x1cm<\/p>\n<p>Mat\u00e9riaux<br \/>Rotin<\/p>\n","protected":false},"featured_media":750,"comment_status":"open","ping_status":"closed","template":"","meta":[],"product_brand":[],"product_cat":[17,125,145],"product_tag":[],"class_list":{"0":"post-749","1":"product","2":"type-product","3":"status-publish","4":"has-post-thumbnail","6":"product_cat-decoration-murale","7":"product_cat-le-coin-des-enfants","8":"product_cat-toute-la-collection","9":"product_shipping_class-fagile","11":"first","12":"instock","13":"purchasable","14":"product-type-simple","15":"customify-col"},"mb":[],"jetpack_sharing_enabled":true,"mfb_rest_fields":["title","jetpack_sharing_enabled","gutenberg_elementor_mode"],"_links":{"self":[{"href":"https:\/\/dolati.shop\/index.php\/wp-json\/wp\/v2\/product\/749","targetHints":{"allow":["GET"]}}],"collection":[{"href":"https:\/\/dolati.shop\/index.php\/wp-json\/wp\/v2\/product"}],"about":[{"href":"https:\/\/dolati.shop\/index.php\/wp-json\/wp\/v2\/types\/product"}],"replies":[{"embeddable":true,"href":"https:\/\/dolati.shop\/index.php\/wp-json\/wp\/v2\/comments?post=749"}],"version-history":[{"count":2,"href":"https:\/\/dolati.shop\/index.php\/wp-json\/wp\/v2\/product\/749\/revisions"}],"predecessor-version":[{"id":2749,"href":"https:\/\/dolati.shop\/index.php\/wp-json\/wp\/v2\/product\/749\/revisions\/2749"}],"wp:featuredmedia":[{"embeddable":true,"href":"https:\/\/dolati.shop\/index.php\/wp-json\/wp\/v2\/media\/750"}],"wp:attachment":[{"href":"https:\/\/dolati.shop\/index.php\/wp-json\/wp\/v2\/media?parent=749"}],"wp:term":[{"taxonomy":"product_brand","embeddable":true,"href":"https:\/\/dolati.shop\/index.php\/wp-json\/wp\/v2\/product_brand?post=749"},{"taxonomy":"product_cat","embeddable":true,"href":"https:\/\/dolati.shop\/index.php\/wp-json\/wp\/v2\/product_cat?post=749"},{"taxonomy":"product_tag","embeddable":true,"href":"https:\/\/dolati.shop\/index.php\/wp-json\/wp\/v2\/product_tag?post=749"}],"curies":[{"name":"wp","href":"https:\/\/api.w.org\/{rel}","templated":true}]}}