{"id":742,"date":"2023-10-10T22:01:42","date_gmt":"2023-10-10T20:01:42","guid":{"rendered":"https:\/\/dolati.shop\/?post_type=product&#038;p=742"},"modified":"2026-04-23T22:05:37","modified_gmt":"2026-04-23T20:05:37","slug":"hirondelle-en-laiton-brut","status":"publish","type":"product","link":"https:\/\/dolati.shop\/index.php\/product\/hirondelle-en-laiton-brut\/","title":{"rendered":"Hirondelles en Laiton Brut"},"content":{"rendered":"\n<figure class=\"wp-block-image\"><img decoding=\"async\" src=\"https:\/\/img.ankorstore.com\/brands\/rounded\/24226-47df7580c67c33.jpg?auto=format%2Ccompress&amp;fm=pjpg&amp;dpr=1&amp;w=72\" alt=\"Collection Maroc\" \/><\/figure>\n\n\n\n<p>Collection Maroc<\/p>\n","protected":false},"excerpt":{"rendered":"<p>Description<br \/>D\u00e9coration murale hirondelle d\u00e9coup\u00e9e \u00e0 la main dans des plaques de laiton v\u00e9ritable et rigide. <br \/>La fabrication Artisanale rend votre hirondelle unique. <br \/>Le laiton pr\u00e9sentera des irr\u00e9gularit\u00e9s et des marques brutes. <br \/>Les dimensions et les couleurs peuvent varier l\u00e9g\u00e8rement d&rsquo;une pi\u00e8ce \u00e0 l&rsquo;autre.<\/p>\n<p>Vendue \u00e0 l&rsquo;unit\u00e9<\/p>\n<p>Existe en deux dimensions :<br \/>S : 15 cm<br \/>M : 20 cm<\/p>\n<p>Mat\u00e9riaux<br \/>Laiton<\/p>\n","protected":false},"featured_media":743,"comment_status":"open","ping_status":"closed","template":"","meta":[],"product_brand":[],"product_cat":[17,145],"product_tag":[],"class_list":{"0":"post-742","1":"product","2":"type-product","3":"status-publish","4":"has-post-thumbnail","6":"product_cat-decoration-murale","7":"product_cat-toute-la-collection","9":"first","10":"instock","11":"purchasable","12":"product-type-variable","13":"has-default-attributes","14":"customify-col","15":"product-has-gallery"},"mb":[],"jetpack_sharing_enabled":true,"mfb_rest_fields":["title","jetpack_sharing_enabled","gutenberg_elementor_mode"],"_links":{"self":[{"href":"https:\/\/dolati.shop\/index.php\/wp-json\/wp\/v2\/product\/742","targetHints":{"allow":["GET"]}}],"collection":[{"href":"https:\/\/dolati.shop\/index.php\/wp-json\/wp\/v2\/product"}],"about":[{"href":"https:\/\/dolati.shop\/index.php\/wp-json\/wp\/v2\/types\/product"}],"replies":[{"embeddable":true,"href":"https:\/\/dolati.shop\/index.php\/wp-json\/wp\/v2\/comments?post=742"}],"version-history":[{"count":2,"href":"https:\/\/dolati.shop\/index.php\/wp-json\/wp\/v2\/product\/742\/revisions"}],"predecessor-version":[{"id":3001,"href":"https:\/\/dolati.shop\/index.php\/wp-json\/wp\/v2\/product\/742\/revisions\/3001"}],"wp:featuredmedia":[{"embeddable":true,"href":"https:\/\/dolati.shop\/index.php\/wp-json\/wp\/v2\/media\/743"}],"wp:attachment":[{"href":"https:\/\/dolati.shop\/index.php\/wp-json\/wp\/v2\/media?parent=742"}],"wp:term":[{"taxonomy":"product_brand","embeddable":true,"href":"https:\/\/dolati.shop\/index.php\/wp-json\/wp\/v2\/product_brand?post=742"},{"taxonomy":"product_cat","embeddable":true,"href":"https:\/\/dolati.shop\/index.php\/wp-json\/wp\/v2\/product_cat?post=742"},{"taxonomy":"product_tag","embeddable":true,"href":"https:\/\/dolati.shop\/index.php\/wp-json\/wp\/v2\/product_tag?post=742"}],"curies":[{"name":"wp","href":"https:\/\/api.w.org\/{rel}","templated":true}]}}