{"id":714,"date":"2023-10-10T15:57:06","date_gmt":"2023-10-10T13:57:06","guid":{"rendered":"https:\/\/dolati.shop\/?post_type=product&#038;p=714"},"modified":"2024-02-19T09:37:34","modified_gmt":"2024-02-19T08:37:34","slug":"balai-marocain-45cm","status":"publish","type":"product","link":"https:\/\/dolati.shop\/index.php\/product\/balai-marocain-45cm\/","title":{"rendered":"Balai Marocain 45cm"},"content":{"rendered":"\n<figure class=\"wp-block-image\"><img decoding=\"async\" src=\"https:\/\/img.ankorstore.com\/brands\/rounded\/24226-47df7580c67c33.jpg?auto=format%2Ccompress&amp;fm=pjpg&amp;dpr=1&amp;w=72\" alt=\"Collection Maroc\" \/><\/figure>\n\n\n\n<p>Collection Maroc<\/p>\n","protected":false},"excerpt":{"rendered":"<p>Description<br \/>Balai Marocain d\u00e9co 100% feuille de palmier pour une utilisation traditionnelle en balai ou en d\u00e9coration murale.<\/p>\n<p>La fabrication Artisanale rend votre objet unique. <br \/>Les dimensions et les couleurs peuvent l\u00e9g\u00e8rement varier d&rsquo;une pi\u00e8ce \u00e0 l&rsquo;autre.<\/p>\n<p><strong>Dimensions<\/strong><br \/>Hauteur 45 cm<\/p>\n<p>Composition<br \/>100% Naturel<\/p>\n<p>Mat\u00e9riaux<br \/>Feuille de Palmier<\/p>\n","protected":false},"featured_media":713,"comment_status":"open","ping_status":"closed","template":"","meta":[],"product_brand":[],"product_cat":[72,17,145],"product_tag":[],"class_list":{"0":"post-714","1":"product","2":"type-product","3":"status-publish","4":"has-post-thumbnail","6":"product_cat-decoration-a-poser","7":"product_cat-decoration-murale","8":"product_cat-toute-la-collection","10":"first","11":"instock","12":"purchasable","13":"product-type-simple","14":"customify-col"},"mb":[],"jetpack_sharing_enabled":true,"mfb_rest_fields":["title","jetpack_sharing_enabled","gutenberg_elementor_mode"],"_links":{"self":[{"href":"https:\/\/dolati.shop\/index.php\/wp-json\/wp\/v2\/product\/714","targetHints":{"allow":["GET"]}}],"collection":[{"href":"https:\/\/dolati.shop\/index.php\/wp-json\/wp\/v2\/product"}],"about":[{"href":"https:\/\/dolati.shop\/index.php\/wp-json\/wp\/v2\/types\/product"}],"replies":[{"embeddable":true,"href":"https:\/\/dolati.shop\/index.php\/wp-json\/wp\/v2\/comments?post=714"}],"version-history":[{"count":1,"href":"https:\/\/dolati.shop\/index.php\/wp-json\/wp\/v2\/product\/714\/revisions"}],"predecessor-version":[{"id":2672,"href":"https:\/\/dolati.shop\/index.php\/wp-json\/wp\/v2\/product\/714\/revisions\/2672"}],"wp:featuredmedia":[{"embeddable":true,"href":"https:\/\/dolati.shop\/index.php\/wp-json\/wp\/v2\/media\/713"}],"wp:attachment":[{"href":"https:\/\/dolati.shop\/index.php\/wp-json\/wp\/v2\/media?parent=714"}],"wp:term":[{"taxonomy":"product_brand","embeddable":true,"href":"https:\/\/dolati.shop\/index.php\/wp-json\/wp\/v2\/product_brand?post=714"},{"taxonomy":"product_cat","embeddable":true,"href":"https:\/\/dolati.shop\/index.php\/wp-json\/wp\/v2\/product_cat?post=714"},{"taxonomy":"product_tag","embeddable":true,"href":"https:\/\/dolati.shop\/index.php\/wp-json\/wp\/v2\/product_tag?post=714"}],"curies":[{"name":"wp","href":"https:\/\/api.w.org\/{rel}","templated":true}]}}