{"id":701,"date":"2023-10-10T10:44:24","date_gmt":"2023-10-10T08:44:24","guid":{"rendered":"https:\/\/dolati.shop\/?post_type=product&#038;p=701"},"modified":"2023-11-23T10:04:22","modified_gmt":"2023-11-23T09:04:22","slug":"couffin-pour-poupee-en-feuilles-de-palmier-40-x-18-cm","status":"publish","type":"product","link":"https:\/\/dolati.shop\/index.php\/product\/couffin-pour-poupee-en-feuilles-de-palmier-40-x-18-cm\/","title":{"rendered":"Couffin pour poup\u00e9e en feuilles de palmier (40 x 18 cm)"},"content":{"rendered":"\n<figure class=\"wp-block-image\"><img decoding=\"async\" src=\"https:\/\/img.ankorstore.com\/brands\/rounded\/10273-47dfa2ad7ace47.jpg?auto=format%2Ccompress&amp;fm=pjpg&amp;dpr=1&amp;w=72\" alt=\"HYDILE\" \/><\/figure>\n\n\n\n<p>HYDILE<\/p>\n","protected":false},"excerpt":{"rendered":"<p>Description<br \/>Le couffin pour poup\u00e9e en feuilles de palmier permet \u00e0 l&rsquo;enfant d&#8217;emmener avec lui son poupon pr\u00e9f\u00e9r\u00e9 o\u00f9 qu&rsquo;il aille !<\/p>\n<p>Caract\u00e9ristiques techniques :<br \/>2 anses.<br \/>Literie non incluse.<br \/>100% feuilles de palmier.<\/p>\n<p>Conseils d&rsquo;entretien :<br \/>Nettoyer avec un chiffon doux.<\/p>\n<p><strong>Dimensions<\/strong><br \/>Longueur 40 cm<br \/>Hauteur 18 cm<\/p>\n<p>Mat\u00e9riaux<br \/>Feuille de palmier<\/p>\n","protected":false},"featured_media":1153,"comment_status":"open","ping_status":"closed","template":"","meta":[],"product_brand":[],"product_cat":[125],"product_tag":[],"class_list":{"0":"post-701","1":"product","2":"type-product","3":"status-publish","4":"has-post-thumbnail","6":"product_cat-le-coin-des-enfants","8":"first","9":"instock","10":"purchasable","11":"product-type-simple","12":"customify-col"},"mb":[],"jetpack_sharing_enabled":true,"mfb_rest_fields":["title","jetpack_sharing_enabled","gutenberg_elementor_mode"],"_links":{"self":[{"href":"https:\/\/dolati.shop\/index.php\/wp-json\/wp\/v2\/product\/701","targetHints":{"allow":["GET"]}}],"collection":[{"href":"https:\/\/dolati.shop\/index.php\/wp-json\/wp\/v2\/product"}],"about":[{"href":"https:\/\/dolati.shop\/index.php\/wp-json\/wp\/v2\/types\/product"}],"replies":[{"embeddable":true,"href":"https:\/\/dolati.shop\/index.php\/wp-json\/wp\/v2\/comments?post=701"}],"version-history":[{"count":1,"href":"https:\/\/dolati.shop\/index.php\/wp-json\/wp\/v2\/product\/701\/revisions"}],"predecessor-version":[{"id":2674,"href":"https:\/\/dolati.shop\/index.php\/wp-json\/wp\/v2\/product\/701\/revisions\/2674"}],"wp:featuredmedia":[{"embeddable":true,"href":"https:\/\/dolati.shop\/index.php\/wp-json\/wp\/v2\/media\/1153"}],"wp:attachment":[{"href":"https:\/\/dolati.shop\/index.php\/wp-json\/wp\/v2\/media?parent=701"}],"wp:term":[{"taxonomy":"product_brand","embeddable":true,"href":"https:\/\/dolati.shop\/index.php\/wp-json\/wp\/v2\/product_brand?post=701"},{"taxonomy":"product_cat","embeddable":true,"href":"https:\/\/dolati.shop\/index.php\/wp-json\/wp\/v2\/product_cat?post=701"},{"taxonomy":"product_tag","embeddable":true,"href":"https:\/\/dolati.shop\/index.php\/wp-json\/wp\/v2\/product_tag?post=701"}],"curies":[{"name":"wp","href":"https:\/\/api.w.org\/{rel}","templated":true}]}}