{"id":699,"date":"2023-10-10T10:38:36","date_gmt":"2023-10-10T08:38:36","guid":{"rendered":"https:\/\/dolati.shop\/?post_type=product&#038;p=699"},"modified":"2026-04-23T22:21:47","modified_gmt":"2026-04-23T20:21:47","slug":"petit-panier-a-suspendre","status":"publish","type":"product","link":"https:\/\/dolati.shop\/index.php\/product\/petit-panier-a-suspendre\/","title":{"rendered":"Petit Panier \u00e0 suspendre"},"content":{"rendered":"\n<figure class=\"wp-block-image\"><img decoding=\"async\" src=\"https:\/\/img.ankorstore.com\/brands\/rounded\/24226-47df7580c67c33.jpg?auto=format%2Ccompress&amp;fm=pjpg&amp;dpr=1&amp;w=72\" alt=\"Collection Maroc\" \/><\/figure>\n\n\n\n<p>Collection Maroc<\/p>\n","protected":false},"excerpt":{"rendered":"<p>Description<br \/>Panier de rangement ou panier cache pot en fibre de palmier tress\u00e9s.<\/p>\n<p>La fabrication Artisanale rend votre panier unique. Les dimensions et les couleurs peuvent l\u00e9g\u00e8rement varier d&rsquo;une pi\u00e8ce \u00e0 l&rsquo;autre.<\/p>\n<p><strong>Dimensions<\/strong><br \/>Hauteur 15 cm<\/p>\n<p>Composition<br \/>100% Naturel<\/p>\n<p>Mat\u00e9riaux<br \/>Feuille de Palmier<\/p>\n","protected":false},"featured_media":700,"comment_status":"open","ping_status":"closed","template":"","meta":[],"product_brand":[],"product_cat":[79],"product_tag":[],"class_list":{"0":"post-699","1":"product","2":"type-product","3":"status-publish","4":"has-post-thumbnail","6":"product_cat-paniers","8":"first","9":"instock","10":"purchasable","11":"product-type-simple","12":"customify-col"},"mb":[],"jetpack_sharing_enabled":true,"mfb_rest_fields":["title","jetpack_sharing_enabled","gutenberg_elementor_mode"],"_links":{"self":[{"href":"https:\/\/dolati.shop\/index.php\/wp-json\/wp\/v2\/product\/699","targetHints":{"allow":["GET"]}}],"collection":[{"href":"https:\/\/dolati.shop\/index.php\/wp-json\/wp\/v2\/product"}],"about":[{"href":"https:\/\/dolati.shop\/index.php\/wp-json\/wp\/v2\/types\/product"}],"replies":[{"embeddable":true,"href":"https:\/\/dolati.shop\/index.php\/wp-json\/wp\/v2\/comments?post=699"}],"version-history":[{"count":1,"href":"https:\/\/dolati.shop\/index.php\/wp-json\/wp\/v2\/product\/699\/revisions"}],"predecessor-version":[{"id":2675,"href":"https:\/\/dolati.shop\/index.php\/wp-json\/wp\/v2\/product\/699\/revisions\/2675"}],"wp:featuredmedia":[{"embeddable":true,"href":"https:\/\/dolati.shop\/index.php\/wp-json\/wp\/v2\/media\/700"}],"wp:attachment":[{"href":"https:\/\/dolati.shop\/index.php\/wp-json\/wp\/v2\/media?parent=699"}],"wp:term":[{"taxonomy":"product_brand","embeddable":true,"href":"https:\/\/dolati.shop\/index.php\/wp-json\/wp\/v2\/product_brand?post=699"},{"taxonomy":"product_cat","embeddable":true,"href":"https:\/\/dolati.shop\/index.php\/wp-json\/wp\/v2\/product_cat?post=699"},{"taxonomy":"product_tag","embeddable":true,"href":"https:\/\/dolati.shop\/index.php\/wp-json\/wp\/v2\/product_tag?post=699"}],"curies":[{"name":"wp","href":"https:\/\/api.w.org\/{rel}","templated":true}]}}