{"id":690,"date":"2023-10-10T10:10:52","date_gmt":"2023-10-10T08:10:52","guid":{"rendered":"https:\/\/dolati.shop\/?post_type=product&#038;p=690"},"modified":"2025-12-28T10:43:40","modified_gmt":"2025-12-28T09:43:40","slug":"boite-a-messages-pour-te-motiver","status":"publish","type":"product","link":"https:\/\/dolati.shop\/index.php\/product\/boite-a-messages-pour-te-motiver\/","title":{"rendered":"Boite \u00e0 messages"},"content":{"rendered":"\n<figure class=\"wp-block-image\"><img decoding=\"async\" src=\"https:\/\/img.ankorstore.com\/brands\/rounded\/404-47df8f93e3b470.jpg?auto=format%2Ccompress&amp;fm=pjpg&amp;dpr=1&amp;w=72\" alt=\"Les Vilaines Filles\" \/><\/figure>\n\n\n\n<p>Les Vilaines Filles<\/p>\n","protected":false},"excerpt":{"rendered":"<p>Description<br \/>C&rsquo;est une boite \u00e0 messages qui vous diffusera 50 jolis \u00ab\u00a0mantras by les vilaines\u00a0\u00bb pour vous motiver, croire en vous et vous re-donner le power !!!<br \/>Jolie boite en bois, on presse le bouton sur le dessus et bim, une super phrase qui va te faire du bien !<\/p>\n<p>Dimensions :<br \/>Hauteur 18cm<br \/>Largeur 17cm<br \/>profondeur 8cm<\/p>\n<p>Cr\u00e9ation Fran\u00e7aise<\/p>\n<p>ATTENTION : CETTE BOITE A MESSAGES NE SUPPORTE PAS TRES BIEN LE TRANSPORT ET IL PEUT Y AVOIR UN PEU DE TRAVAIL DE REMISE EN FORME A RECEPTION (concr\u00e8tement il peut y avoir des fiches \u00e0 remettre dans les encoches, \u00e7a peut prendre un petit peu de temps mais une fois que la boite est pos\u00e9e aucun probl\u00e8me)<br \/>n&rsquo;hesitez pas \u00e0 m&rsquo;envoyer un mail si besoin et je vous envoie la liste des phrases<\/p>\n","protected":false},"featured_media":692,"comment_status":"open","ping_status":"closed","template":"","meta":[],"product_brand":[],"product_cat":[74,145],"product_tag":[],"class_list":{"0":"post-690","1":"product","2":"type-product","3":"status-publish","4":"has-post-thumbnail","6":"product_cat-boites-a-messages","7":"product_cat-toute-la-collection","9":"first","10":"instock","11":"purchasable","12":"product-type-simple","13":"customify-col"},"mb":[],"jetpack_sharing_enabled":true,"mfb_rest_fields":["title","jetpack_sharing_enabled","gutenberg_elementor_mode"],"_links":{"self":[{"href":"https:\/\/dolati.shop\/index.php\/wp-json\/wp\/v2\/product\/690","targetHints":{"allow":["GET"]}}],"collection":[{"href":"https:\/\/dolati.shop\/index.php\/wp-json\/wp\/v2\/product"}],"about":[{"href":"https:\/\/dolati.shop\/index.php\/wp-json\/wp\/v2\/types\/product"}],"replies":[{"embeddable":true,"href":"https:\/\/dolati.shop\/index.php\/wp-json\/wp\/v2\/comments?post=690"}],"version-history":[{"count":3,"href":"https:\/\/dolati.shop\/index.php\/wp-json\/wp\/v2\/product\/690\/revisions"}],"predecessor-version":[{"id":3092,"href":"https:\/\/dolati.shop\/index.php\/wp-json\/wp\/v2\/product\/690\/revisions\/3092"}],"wp:featuredmedia":[{"embeddable":true,"href":"https:\/\/dolati.shop\/index.php\/wp-json\/wp\/v2\/media\/692"}],"wp:attachment":[{"href":"https:\/\/dolati.shop\/index.php\/wp-json\/wp\/v2\/media?parent=690"}],"wp:term":[{"taxonomy":"product_brand","embeddable":true,"href":"https:\/\/dolati.shop\/index.php\/wp-json\/wp\/v2\/product_brand?post=690"},{"taxonomy":"product_cat","embeddable":true,"href":"https:\/\/dolati.shop\/index.php\/wp-json\/wp\/v2\/product_cat?post=690"},{"taxonomy":"product_tag","embeddable":true,"href":"https:\/\/dolati.shop\/index.php\/wp-json\/wp\/v2\/product_tag?post=690"}],"curies":[{"name":"wp","href":"https:\/\/api.w.org\/{rel}","templated":true}]}}