{"id":688,"date":"2023-10-10T10:05:55","date_gmt":"2023-10-10T08:05:55","guid":{"rendered":"https:\/\/dolati.shop\/?post_type=product&#038;p=688"},"modified":"2023-11-23T10:04:23","modified_gmt":"2023-11-23T09:04:23","slug":"vase-bonbonne-en-metal-moutarde-h235-cm-tosca","status":"publish","type":"product","link":"https:\/\/dolati.shop\/index.php\/product\/vase-bonbonne-en-metal-moutarde-h235-cm-tosca\/","title":{"rendered":"Vase bonbonne en m\u00e9tal moutarde H23,5 cm &#8211; Tosca"},"content":{"rendered":"\n<figure class=\"wp-block-image\"><img decoding=\"async\" src=\"https:\/\/img.ankorstore.com\/brands\/rounded\/26420-47dfa2e66ff500.jpg?auto=format%2Ccompress&amp;fm=pjpg&amp;dpr=1&amp;w=72\" alt=\"Decoclico\" \/><\/figure>\n\n\n\n<p>Decoclico<\/p>\n","protected":false},"excerpt":{"rendered":"<p>Description<br \/>Un nouveau mod\u00e8le rejoint la collection de vases Tosca. <br \/>On aime tellement le design de ces vases en m\u00e9tal sabl\u00e9, qu&rsquo;on a ajout\u00e9 une forme plus ronde et douce. <br \/>Un joli vase bomb\u00e9, aussi beau seul qu&rsquo;avec un bouquet.<\/p>\n<p>Dimensions :<br \/>Diam\u00e8tre 20cm <br \/>Hauteur 23,5 cm <br \/>Diam\u00e8tre ouverture: 5,7 cm<\/p>\n","protected":false},"featured_media":689,"comment_status":"open","ping_status":"closed","template":"","meta":[],"product_brand":[],"product_cat":[145,28],"product_tag":[],"class_list":{"0":"post-688","1":"product","2":"type-product","3":"status-publish","4":"has-post-thumbnail","6":"product_cat-toute-la-collection","7":"product_cat-vases","9":"first","10":"instock","11":"purchasable","12":"product-type-simple","13":"customify-col","14":"product-has-gallery"},"mb":[],"jetpack_sharing_enabled":true,"mfb_rest_fields":["title","jetpack_sharing_enabled","gutenberg_elementor_mode"],"_links":{"self":[{"href":"https:\/\/dolati.shop\/index.php\/wp-json\/wp\/v2\/product\/688","targetHints":{"allow":["GET"]}}],"collection":[{"href":"https:\/\/dolati.shop\/index.php\/wp-json\/wp\/v2\/product"}],"about":[{"href":"https:\/\/dolati.shop\/index.php\/wp-json\/wp\/v2\/types\/product"}],"replies":[{"embeddable":true,"href":"https:\/\/dolati.shop\/index.php\/wp-json\/wp\/v2\/comments?post=688"}],"version-history":[{"count":1,"href":"https:\/\/dolati.shop\/index.php\/wp-json\/wp\/v2\/product\/688\/revisions"}],"predecessor-version":[{"id":2530,"href":"https:\/\/dolati.shop\/index.php\/wp-json\/wp\/v2\/product\/688\/revisions\/2530"}],"wp:featuredmedia":[{"embeddable":true,"href":"https:\/\/dolati.shop\/index.php\/wp-json\/wp\/v2\/media\/689"}],"wp:attachment":[{"href":"https:\/\/dolati.shop\/index.php\/wp-json\/wp\/v2\/media?parent=688"}],"wp:term":[{"taxonomy":"product_brand","embeddable":true,"href":"https:\/\/dolati.shop\/index.php\/wp-json\/wp\/v2\/product_brand?post=688"},{"taxonomy":"product_cat","embeddable":true,"href":"https:\/\/dolati.shop\/index.php\/wp-json\/wp\/v2\/product_cat?post=688"},{"taxonomy":"product_tag","embeddable":true,"href":"https:\/\/dolati.shop\/index.php\/wp-json\/wp\/v2\/product_tag?post=688"}],"curies":[{"name":"wp","href":"https:\/\/api.w.org\/{rel}","templated":true}]}}