{"id":686,"date":"2023-10-10T09:59:52","date_gmt":"2023-10-10T07:59:52","guid":{"rendered":"https:\/\/dolati.shop\/?post_type=product&#038;p=686"},"modified":"2024-02-18T12:09:31","modified_gmt":"2024-02-18T11:09:31","slug":"etagere-murale-ronde-en-rotin-style-vintage","status":"publish","type":"product","link":"https:\/\/dolati.shop\/index.php\/product\/etagere-murale-ronde-en-rotin-style-vintage\/","title":{"rendered":"Etag\u00e8re murale ronde en rotin style vintage"},"content":{"rendered":"\n<figure class=\"wp-block-image\"><img decoding=\"async\" src=\"https:\/\/img.ankorstore.com\/brands\/rounded\/26420-47dfa2e66ff500.jpg?auto=format%2Ccompress&amp;fm=pjpg&amp;dpr=1&amp;w=72\" alt=\"Decoclico\" \/><\/figure>\n\n\n\n<p>Decoclico<\/p>\n","protected":false},"excerpt":{"rendered":"<p>Description<br \/>Coup de c\u0153ur pour cette \u00e9tag\u00e8re murale ronde en rotin fabriqu\u00e9e artisanalement. <br \/>On adore son style boh\u00eame mis en valeur sur un mur de couleur de pr\u00e9f\u00e9rence ou encore sur un joli papier peint imprim\u00e9. <br \/>On la veut partout du salon \u00e0 la chambre des enfants et on l&rsquo;orne volontiers de jolis bouquins ou encore de quelques touches de verdures &#8230;<\/p>\n<p>Dimensions<br \/>&#8211; Dimension Produit : <br \/>Diam\u00e8tre 64 cm Profondeur 22 cm<br \/>&#8211; Hauteur des \u00e9tag\u00e8res de bas en haut:<br \/>17 cm en bas \u00e0 gauche, 17 cm au milieu gauche, 22 cm au milieu, 17 cm au milieu \u00e0 droite, 14 m en haut \u00e0 gauche, 20 cm en haut \u00e0 droite<\/p>\n","protected":false},"featured_media":687,"comment_status":"open","ping_status":"closed","template":"","meta":[],"product_brand":[],"product_cat":[30,145],"product_tag":[],"class_list":{"0":"post-686","1":"product","2":"type-product","3":"status-publish","4":"has-post-thumbnail","6":"product_cat-etageres","7":"product_cat-toute-la-collection","9":"first","10":"instock","11":"purchasable","12":"product-type-simple","13":"customify-col","14":"product-has-gallery"},"mb":[],"jetpack_sharing_enabled":true,"mfb_rest_fields":["title","jetpack_sharing_enabled","gutenberg_elementor_mode"],"_links":{"self":[{"href":"https:\/\/dolati.shop\/index.php\/wp-json\/wp\/v2\/product\/686","targetHints":{"allow":["GET"]}}],"collection":[{"href":"https:\/\/dolati.shop\/index.php\/wp-json\/wp\/v2\/product"}],"about":[{"href":"https:\/\/dolati.shop\/index.php\/wp-json\/wp\/v2\/types\/product"}],"replies":[{"embeddable":true,"href":"https:\/\/dolati.shop\/index.php\/wp-json\/wp\/v2\/comments?post=686"}],"version-history":[{"count":1,"href":"https:\/\/dolati.shop\/index.php\/wp-json\/wp\/v2\/product\/686\/revisions"}],"predecessor-version":[{"id":2680,"href":"https:\/\/dolati.shop\/index.php\/wp-json\/wp\/v2\/product\/686\/revisions\/2680"}],"wp:featuredmedia":[{"embeddable":true,"href":"https:\/\/dolati.shop\/index.php\/wp-json\/wp\/v2\/media\/687"}],"wp:attachment":[{"href":"https:\/\/dolati.shop\/index.php\/wp-json\/wp\/v2\/media?parent=686"}],"wp:term":[{"taxonomy":"product_brand","embeddable":true,"href":"https:\/\/dolati.shop\/index.php\/wp-json\/wp\/v2\/product_brand?post=686"},{"taxonomy":"product_cat","embeddable":true,"href":"https:\/\/dolati.shop\/index.php\/wp-json\/wp\/v2\/product_cat?post=686"},{"taxonomy":"product_tag","embeddable":true,"href":"https:\/\/dolati.shop\/index.php\/wp-json\/wp\/v2\/product_tag?post=686"}],"curies":[{"name":"wp","href":"https:\/\/api.w.org\/{rel}","templated":true}]}}