{"id":684,"date":"2023-10-10T09:53:53","date_gmt":"2023-10-10T07:53:53","guid":{"rendered":"https:\/\/dolati.shop\/?post_type=product&#038;p=684"},"modified":"2023-11-23T10:04:23","modified_gmt":"2023-11-23T09:04:23","slug":"vase-pot-a-lait-en-metal-noir-h245-cm-tosca","status":"publish","type":"product","link":"https:\/\/dolati.shop\/index.php\/product\/vase-pot-a-lait-en-metal-noir-h245-cm-tosca\/","title":{"rendered":"Vase pot \u00e0 lait en m\u00e9tal noir H24,5 cm &#8211; Tosca"},"content":{"rendered":"\n<figure class=\"wp-block-image\"><img decoding=\"async\" src=\"https:\/\/img.ankorstore.com\/brands\/rounded\/26420-47dfa2e66ff500.jpg?auto=format%2Ccompress&amp;fm=pjpg&amp;dpr=1&amp;w=72\" alt=\"Decoclico\" \/><\/figure>\n\n\n\n<p>Decoclico<\/p>\n","protected":false},"excerpt":{"rendered":"<p>Description<br \/>Nouveau ! d\u00e9couvrez les vases Tosca esprit pot \u00e0 lait en petit mod\u00e8le. <br \/>Ce mod\u00e8le associe avec harmonie une forme d&rsquo;antan, un c\u00f4t\u00e9 graphique contemporain, et une mati\u00e8re m\u00e9tal finition mate au touch\u00e9 sabl\u00e9. <br \/>Aussi beau seul qu&rsquo;avec un bouquet ce vase ajoute une note de caract\u00e8re sur une table ou une \u00e9tag\u00e8re. <br \/>Sign\u00e9 Passage Vernet.<\/p>\n<p>Dimensions :<br \/>Diam\u00e8tre 17,5 cm<br \/>Hauteur 24,5 cm <br \/>Diam\u00e8tre ouverture: 7,8 cm<\/p>\n","protected":false},"featured_media":1780,"comment_status":"open","ping_status":"closed","template":"","meta":[],"product_brand":[],"product_cat":[145,28],"product_tag":[],"class_list":{"0":"post-684","1":"product","2":"type-product","3":"status-publish","4":"has-post-thumbnail","6":"product_cat-toute-la-collection","7":"product_cat-vases","9":"first","10":"instock","11":"purchasable","12":"product-type-simple","13":"customify-col","14":"product-has-gallery"},"mb":[],"jetpack_sharing_enabled":true,"mfb_rest_fields":["title","jetpack_sharing_enabled","gutenberg_elementor_mode"],"_links":{"self":[{"href":"https:\/\/dolati.shop\/index.php\/wp-json\/wp\/v2\/product\/684","targetHints":{"allow":["GET"]}}],"collection":[{"href":"https:\/\/dolati.shop\/index.php\/wp-json\/wp\/v2\/product"}],"about":[{"href":"https:\/\/dolati.shop\/index.php\/wp-json\/wp\/v2\/types\/product"}],"replies":[{"embeddable":true,"href":"https:\/\/dolati.shop\/index.php\/wp-json\/wp\/v2\/comments?post=684"}],"version-history":[{"count":1,"href":"https:\/\/dolati.shop\/index.php\/wp-json\/wp\/v2\/product\/684\/revisions"}],"predecessor-version":[{"id":2531,"href":"https:\/\/dolati.shop\/index.php\/wp-json\/wp\/v2\/product\/684\/revisions\/2531"}],"wp:featuredmedia":[{"embeddable":true,"href":"https:\/\/dolati.shop\/index.php\/wp-json\/wp\/v2\/media\/1780"}],"wp:attachment":[{"href":"https:\/\/dolati.shop\/index.php\/wp-json\/wp\/v2\/media?parent=684"}],"wp:term":[{"taxonomy":"product_brand","embeddable":true,"href":"https:\/\/dolati.shop\/index.php\/wp-json\/wp\/v2\/product_brand?post=684"},{"taxonomy":"product_cat","embeddable":true,"href":"https:\/\/dolati.shop\/index.php\/wp-json\/wp\/v2\/product_cat?post=684"},{"taxonomy":"product_tag","embeddable":true,"href":"https:\/\/dolati.shop\/index.php\/wp-json\/wp\/v2\/product_tag?post=684"}],"curies":[{"name":"wp","href":"https:\/\/api.w.org\/{rel}","templated":true}]}}