{"id":682,"date":"2023-10-10T09:49:44","date_gmt":"2023-10-10T07:49:44","guid":{"rendered":"https:\/\/dolati.shop\/?post_type=product&#038;p=682"},"modified":"2026-04-23T20:47:06","modified_gmt":"2026-04-23T18:47:06","slug":"etagere-murale-en-metal-grillage-dore-3-paniers-greed","status":"publish","type":"product","link":"https:\/\/dolati.shop\/index.php\/product\/etagere-murale-en-metal-grillage-dore-3-paniers-greed\/","title":{"rendered":"Etag\u00e8re murale en m\u00e9tal grillag\u00e9 dor\u00e9 3 paniers Greed"},"content":{"rendered":"\n<figure class=\"wp-block-image\"><img decoding=\"async\" src=\"https:\/\/img.ankorstore.com\/brands\/rounded\/26420-47dfa2e66ff500.jpg?auto=format%2Ccompress&amp;fm=pjpg&amp;dpr=1&amp;w=72\" alt=\"Decoclico\" \/><\/figure>\n\n\n\n<p>Decoclico<\/p>\n","protected":false},"excerpt":{"rendered":"<p>Description<br \/>Grillag\u00e9e, l&rsquo;\u00e9tag\u00e8re 3 paniers permettra ainsi de ranger fruits et l\u00e9gumes en cuisine tout comme serviettes et produits de beaut\u00e9 dans la salle de bains ou encore doudous et jouets dans la chambre des enfants. <br \/>D\u00e9clin\u00e9e ici en version couleur laiton elle apportera une note d\u00e9co \u00e0 votre int\u00e9rieur. <\/p>\n<p>N&rsquo;h\u00e9sitez pas \u00e0 associer les diff\u00e9rents mod\u00e8les que nous vous proposons pour un rangement mural gain de place efficace. D\u00e9couvrez toute la collection Greed. La collection d&rsquo;\u00e9tag\u00e8res Greed est une collection d&rsquo;\u00e9tag\u00e8res nomades et pratiques dans toutes les pi\u00e8ces de la maison.\u00a0<\/p>\n<p>Dimensions :<br \/>Longueur 19 cm<br \/>Profondeur 20 cm<br \/>Hauteur 60 cm<\/p>\n","protected":false},"featured_media":683,"comment_status":"open","ping_status":"closed","template":"","meta":[],"product_brand":[],"product_cat":[30,145],"product_tag":[],"class_list":{"0":"post-682","1":"product","2":"type-product","3":"status-publish","4":"has-post-thumbnail","6":"product_cat-etageres","7":"product_cat-toute-la-collection","9":"first","10":"outofstock","11":"purchasable","12":"product-type-simple","13":"customify-col","14":"product-has-gallery"},"mb":[],"jetpack_sharing_enabled":true,"mfb_rest_fields":["title","jetpack_sharing_enabled","gutenberg_elementor_mode"],"_links":{"self":[{"href":"https:\/\/dolati.shop\/index.php\/wp-json\/wp\/v2\/product\/682","targetHints":{"allow":["GET"]}}],"collection":[{"href":"https:\/\/dolati.shop\/index.php\/wp-json\/wp\/v2\/product"}],"about":[{"href":"https:\/\/dolati.shop\/index.php\/wp-json\/wp\/v2\/types\/product"}],"replies":[{"embeddable":true,"href":"https:\/\/dolati.shop\/index.php\/wp-json\/wp\/v2\/comments?post=682"}],"version-history":[{"count":1,"href":"https:\/\/dolati.shop\/index.php\/wp-json\/wp\/v2\/product\/682\/revisions"}],"predecessor-version":[{"id":2681,"href":"https:\/\/dolati.shop\/index.php\/wp-json\/wp\/v2\/product\/682\/revisions\/2681"}],"wp:featuredmedia":[{"embeddable":true,"href":"https:\/\/dolati.shop\/index.php\/wp-json\/wp\/v2\/media\/683"}],"wp:attachment":[{"href":"https:\/\/dolati.shop\/index.php\/wp-json\/wp\/v2\/media?parent=682"}],"wp:term":[{"taxonomy":"product_brand","embeddable":true,"href":"https:\/\/dolati.shop\/index.php\/wp-json\/wp\/v2\/product_brand?post=682"},{"taxonomy":"product_cat","embeddable":true,"href":"https:\/\/dolati.shop\/index.php\/wp-json\/wp\/v2\/product_cat?post=682"},{"taxonomy":"product_tag","embeddable":true,"href":"https:\/\/dolati.shop\/index.php\/wp-json\/wp\/v2\/product_tag?post=682"}],"curies":[{"name":"wp","href":"https:\/\/api.w.org\/{rel}","templated":true}]}}