{"id":659,"date":"2023-10-09T22:29:14","date_gmt":"2023-10-09T20:29:14","guid":{"rendered":"https:\/\/dolati.shop\/?post_type=product&#038;p=659"},"modified":"2026-04-23T18:09:50","modified_gmt":"2026-04-23T16:09:50","slug":"etagere-murale-en-metal-grillage-anthracite-3-paniers-et-crochets-greed","status":"publish","type":"product","link":"https:\/\/dolati.shop\/index.php\/product\/etagere-murale-en-metal-grillage-anthracite-3-paniers-et-crochets-greed\/","title":{"rendered":"Etag\u00e8re murale en m\u00e9tal grillag\u00e9 anthracite 3 paniers et crochets Greed"},"content":{"rendered":"\n<figure class=\"wp-block-image\"><img decoding=\"async\" src=\"https:\/\/img.ankorstore.com\/brands\/rounded\/26420-47dfa2e66ff500.jpg?auto=format%2Ccompress&amp;fm=pjpg&amp;dpr=1&amp;w=72\" alt=\"Decoclico\" \/><\/figure>\n\n\n\n<p>Decoclico<\/p>\n","protected":false},"excerpt":{"rendered":"<p>Description<br \/>Etag\u00e8re murale offrant 3 niches de rangement et 3 crochets pour y suspendre ustensiles dans la cuisine, sacs dans l&rsquo;entr\u00e9e ou encore serviettes dans la salle de bain. <br \/>Etag\u00e8re murale en m\u00e9tal forme grillage pour un rangement d&rsquo;appoint efficace et gain de place. <\/p>\n<p>D\u00e9couvrez toutes les autres \u00e9tag\u00e8res de la collection Greed.<\/p>\n<p>Dimensions<br \/>Longueur 47 x Profondeur 16 x Hauteur 30 cm (inclus les crochets)<\/p>\n","protected":false},"featured_media":649,"comment_status":"open","ping_status":"closed","template":"","meta":[],"product_brand":[],"product_cat":[30,145],"product_tag":[],"class_list":{"0":"post-659","1":"product","2":"type-product","3":"status-publish","4":"has-post-thumbnail","6":"product_cat-etageres","7":"product_cat-toute-la-collection","9":"first","10":"outofstock","11":"purchasable","12":"product-type-simple","13":"customify-col","14":"product-has-gallery"},"mb":[],"jetpack_sharing_enabled":true,"mfb_rest_fields":["title","jetpack_sharing_enabled","gutenberg_elementor_mode"],"_links":{"self":[{"href":"https:\/\/dolati.shop\/index.php\/wp-json\/wp\/v2\/product\/659","targetHints":{"allow":["GET"]}}],"collection":[{"href":"https:\/\/dolati.shop\/index.php\/wp-json\/wp\/v2\/product"}],"about":[{"href":"https:\/\/dolati.shop\/index.php\/wp-json\/wp\/v2\/types\/product"}],"replies":[{"embeddable":true,"href":"https:\/\/dolati.shop\/index.php\/wp-json\/wp\/v2\/comments?post=659"}],"version-history":[{"count":1,"href":"https:\/\/dolati.shop\/index.php\/wp-json\/wp\/v2\/product\/659\/revisions"}],"predecessor-version":[{"id":2688,"href":"https:\/\/dolati.shop\/index.php\/wp-json\/wp\/v2\/product\/659\/revisions\/2688"}],"wp:featuredmedia":[{"embeddable":true,"href":"https:\/\/dolati.shop\/index.php\/wp-json\/wp\/v2\/media\/649"}],"wp:attachment":[{"href":"https:\/\/dolati.shop\/index.php\/wp-json\/wp\/v2\/media?parent=659"}],"wp:term":[{"taxonomy":"product_brand","embeddable":true,"href":"https:\/\/dolati.shop\/index.php\/wp-json\/wp\/v2\/product_brand?post=659"},{"taxonomy":"product_cat","embeddable":true,"href":"https:\/\/dolati.shop\/index.php\/wp-json\/wp\/v2\/product_cat?post=659"},{"taxonomy":"product_tag","embeddable":true,"href":"https:\/\/dolati.shop\/index.php\/wp-json\/wp\/v2\/product_tag?post=659"}],"curies":[{"name":"wp","href":"https:\/\/api.w.org\/{rel}","templated":true}]}}