{"id":646,"date":"2023-10-09T21:16:56","date_gmt":"2023-10-09T19:16:56","guid":{"rendered":"https:\/\/dolati.shop\/?post_type=product&#038;p=646"},"modified":"2026-04-23T18:09:50","modified_gmt":"2026-04-23T16:09:50","slug":"etagere-murale-en-metal-grillage-anthracite-3-paniers-greed","status":"publish","type":"product","link":"https:\/\/dolati.shop\/index.php\/product\/etagere-murale-en-metal-grillage-anthracite-3-paniers-greed\/","title":{"rendered":"Etag\u00e8re murale en m\u00e9tal grillag\u00e9 anthracite 3 paniers Greed"},"content":{"rendered":"\n<figure class=\"wp-block-image\"><img decoding=\"async\" src=\"https:\/\/img.ankorstore.com\/brands\/rounded\/26420-47dfa2e66ff500.jpg?auto=format%2Ccompress&amp;fm=pjpg&amp;dpr=1&amp;w=72\" alt=\"Decoclico\" \/><\/figure>\n\n\n\n<p>Decoclico<\/p>\n","protected":false},"excerpt":{"rendered":"<p>Description<br \/>Etag\u00e8re murale en m\u00e9tal grillag\u00e9 offrant plusieurs crochets pour suspendre sacs, bijoux, serviettes, ustensiles etc&#8230;Une \u00e9tag\u00e8re simple et pratique \u00e0 utiliser dans toutes les pi\u00e8ces de la maison et pour tout ranger. <\/p>\n<p>La collection Greed de Maison Tilleul d\u00e9cline de multiples \u00e9tag\u00e8res en m\u00e9tal grillag\u00e9 pratiques et gain de place.<\/p>\n<p>Dimensions<br \/>Longueur 57 x Profondeur 18 x Hauteur 31 cm<br \/>Hauteur paniers sans crochets: 20 cm<\/p>\n","protected":false},"featured_media":650,"comment_status":"open","ping_status":"closed","template":"","meta":[],"product_brand":[],"product_cat":[30,145],"product_tag":[],"class_list":{"0":"post-646","1":"product","2":"type-product","3":"status-publish","4":"has-post-thumbnail","6":"product_cat-etageres","7":"product_cat-toute-la-collection","9":"first","10":"instock","11":"purchasable","12":"product-type-simple","13":"customify-col","14":"product-has-gallery"},"mb":[],"jetpack_sharing_enabled":true,"mfb_rest_fields":["title","jetpack_sharing_enabled","gutenberg_elementor_mode"],"_links":{"self":[{"href":"https:\/\/dolati.shop\/index.php\/wp-json\/wp\/v2\/product\/646","targetHints":{"allow":["GET"]}}],"collection":[{"href":"https:\/\/dolati.shop\/index.php\/wp-json\/wp\/v2\/product"}],"about":[{"href":"https:\/\/dolati.shop\/index.php\/wp-json\/wp\/v2\/types\/product"}],"replies":[{"embeddable":true,"href":"https:\/\/dolati.shop\/index.php\/wp-json\/wp\/v2\/comments?post=646"}],"version-history":[{"count":1,"href":"https:\/\/dolati.shop\/index.php\/wp-json\/wp\/v2\/product\/646\/revisions"}],"predecessor-version":[{"id":2689,"href":"https:\/\/dolati.shop\/index.php\/wp-json\/wp\/v2\/product\/646\/revisions\/2689"}],"wp:featuredmedia":[{"embeddable":true,"href":"https:\/\/dolati.shop\/index.php\/wp-json\/wp\/v2\/media\/650"}],"wp:attachment":[{"href":"https:\/\/dolati.shop\/index.php\/wp-json\/wp\/v2\/media?parent=646"}],"wp:term":[{"taxonomy":"product_brand","embeddable":true,"href":"https:\/\/dolati.shop\/index.php\/wp-json\/wp\/v2\/product_brand?post=646"},{"taxonomy":"product_cat","embeddable":true,"href":"https:\/\/dolati.shop\/index.php\/wp-json\/wp\/v2\/product_cat?post=646"},{"taxonomy":"product_tag","embeddable":true,"href":"https:\/\/dolati.shop\/index.php\/wp-json\/wp\/v2\/product_tag?post=646"}],"curies":[{"name":"wp","href":"https:\/\/api.w.org\/{rel}","templated":true}]}}