{"id":3602,"date":"2024-11-29T15:46:11","date_gmt":"2024-11-29T14:46:11","guid":{"rendered":"https:\/\/dolati.shop\/?post_type=product&#038;p=3602"},"modified":"2026-03-15T23:33:12","modified_gmt":"2026-03-15T22:33:12","slug":"coffre-kelana-en-jacinthe-deau","status":"publish","type":"product","link":"https:\/\/dolati.shop\/index.php\/product\/coffre-kelana-en-jacinthe-deau\/","title":{"rendered":"Coffre KELANA en jacinthe d&rsquo;eau"},"content":{"rendered":"\n<figure class=\"wp-block-image\"><img decoding=\"async\" src=\"https:\/\/img.ankorstore.com\/brands\/rounded\/35462-47e8a3ee4f46b9.jpg?dpr=1&amp;w=72&amp;force_format=webp\" alt=\"Soeji\" \/><\/figure>\n","protected":false},"excerpt":{"rendered":"<p>\u2022 fabriqu\u00e9 \u00e0 partir de jacinthe d&rsquo;eau stable et durable<br \/>\u2022 Avec un couvercle rabattable pratique, parfait pour ranger le linge de mani\u00e8re opaque<br \/>\u2022 emball\u00e9 avec amour, sans plastique<br \/>\u2022 100\u00a0% fait main et commerce \u00e9quitable<\/p>\n<p><strong>Dimensions<\/strong><br \/>Longueur 45 cm<br \/>Largeur 25 cm<br \/>Hauteur 23 cm<\/p>\n<p>Ces coffres sont des pi\u00e8ces uniques fabriqu\u00e9es avec art. En raison de la fabrication artisanale et des variations naturelles des mat\u00e9riaux, leur taille, leur couleur et leur forme peuvent varier l\u00e9g\u00e8rement.<\/p>\n","protected":false},"featured_media":3603,"comment_status":"open","ping_status":"closed","template":"","meta":[],"product_brand":[],"product_cat":[79,145],"product_tag":[],"class_list":{"0":"post-3602","1":"product","2":"type-product","3":"status-publish","4":"has-post-thumbnail","6":"product_cat-paniers","7":"product_cat-toute-la-collection","9":"first","10":"instock","11":"shipping-taxable","12":"purchasable","13":"product-type-simple","14":"customify-col"},"mb":[],"jetpack_sharing_enabled":true,"mfb_rest_fields":["title","jetpack_sharing_enabled","gutenberg_elementor_mode"],"_links":{"self":[{"href":"https:\/\/dolati.shop\/index.php\/wp-json\/wp\/v2\/product\/3602","targetHints":{"allow":["GET"]}}],"collection":[{"href":"https:\/\/dolati.shop\/index.php\/wp-json\/wp\/v2\/product"}],"about":[{"href":"https:\/\/dolati.shop\/index.php\/wp-json\/wp\/v2\/types\/product"}],"replies":[{"embeddable":true,"href":"https:\/\/dolati.shop\/index.php\/wp-json\/wp\/v2\/comments?post=3602"}],"version-history":[{"count":1,"href":"https:\/\/dolati.shop\/index.php\/wp-json\/wp\/v2\/product\/3602\/revisions"}],"predecessor-version":[{"id":3604,"href":"https:\/\/dolati.shop\/index.php\/wp-json\/wp\/v2\/product\/3602\/revisions\/3604"}],"wp:featuredmedia":[{"embeddable":true,"href":"https:\/\/dolati.shop\/index.php\/wp-json\/wp\/v2\/media\/3603"}],"wp:attachment":[{"href":"https:\/\/dolati.shop\/index.php\/wp-json\/wp\/v2\/media?parent=3602"}],"wp:term":[{"taxonomy":"product_brand","embeddable":true,"href":"https:\/\/dolati.shop\/index.php\/wp-json\/wp\/v2\/product_brand?post=3602"},{"taxonomy":"product_cat","embeddable":true,"href":"https:\/\/dolati.shop\/index.php\/wp-json\/wp\/v2\/product_cat?post=3602"},{"taxonomy":"product_tag","embeddable":true,"href":"https:\/\/dolati.shop\/index.php\/wp-json\/wp\/v2\/product_tag?post=3602"}],"curies":[{"name":"wp","href":"https:\/\/api.w.org\/{rel}","templated":true}]}}