{"id":3346,"date":"2024-03-26T14:11:39","date_gmt":"2024-03-26T13:11:39","guid":{"rendered":"https:\/\/dolati.shop\/?post_type=product&#038;p=3346"},"modified":"2024-03-26T14:22:04","modified_gmt":"2024-03-26T13:22:04","slug":"tasse-sorciere","status":"publish","type":"product","link":"https:\/\/dolati.shop\/index.php\/product\/tasse-sorciere\/","title":{"rendered":"Tasse sorci\u00e8re"},"content":{"rendered":"\n<figure class=\"wp-block-image\"><img decoding=\"async\" src=\"https:\/\/img.ankorstore.com\/brands\/rounded\/33025-47e02cf9842dd9.jpg?auto=format%2Ccompress&amp;fm=pjpg&amp;dpr=1&amp;w=72\" alt=\"Something Different Wholesale\" \/><\/figure>\n\n\n\n<p>Something Different Wholesale<\/p>\n","protected":false},"excerpt":{"rendered":"<p>Description<br \/>Cette tasse de sorci\u00e8re\u00a0est id\u00e9ale pou Halloween ! <br \/>Compl\u00e9t\u00e9e par un charmant couvercle en forme de chapeau de sorci\u00e8re et le texte \u00ab\u00a0Je suis une bonne sorci\u00e8re apr\u00e8s le caf\u00e9\u00a0\u00bb, cette tasse est le moyen id\u00e9al pour commencer votre journ\u00e9e avec un peu de magie. <\/p>\n<p>Lavage \u00e0 la main seulement. Ne passe pas au micro-ondes. <\/p>\n<p>Dimensions<br \/>H : 15 cm x L : 14 cm x P : 8,5 cm<\/p>\n","protected":false},"featured_media":3347,"comment_status":"open","ping_status":"closed","template":"","meta":[],"product_brand":[],"product_cat":[66,31,145,65],"product_tag":[],"class_list":{"0":"post-3346","1":"product","2":"type-product","3":"status-publish","4":"has-post-thumbnail","6":"product_cat-art-de-la-table","7":"product_cat-noel","8":"product_cat-toute-la-collection","9":"product_cat-vaisselle","11":"first","12":"instock","13":"purchasable","14":"product-type-simple","15":"customify-col","16":"product-has-gallery"},"mb":[],"jetpack_sharing_enabled":true,"mfb_rest_fields":["title","jetpack_sharing_enabled","gutenberg_elementor_mode"],"_links":{"self":[{"href":"https:\/\/dolati.shop\/index.php\/wp-json\/wp\/v2\/product\/3346","targetHints":{"allow":["GET"]}}],"collection":[{"href":"https:\/\/dolati.shop\/index.php\/wp-json\/wp\/v2\/product"}],"about":[{"href":"https:\/\/dolati.shop\/index.php\/wp-json\/wp\/v2\/types\/product"}],"replies":[{"embeddable":true,"href":"https:\/\/dolati.shop\/index.php\/wp-json\/wp\/v2\/comments?post=3346"}],"version-history":[{"count":1,"href":"https:\/\/dolati.shop\/index.php\/wp-json\/wp\/v2\/product\/3346\/revisions"}],"predecessor-version":[{"id":3350,"href":"https:\/\/dolati.shop\/index.php\/wp-json\/wp\/v2\/product\/3346\/revisions\/3350"}],"wp:featuredmedia":[{"embeddable":true,"href":"https:\/\/dolati.shop\/index.php\/wp-json\/wp\/v2\/media\/3347"}],"wp:attachment":[{"href":"https:\/\/dolati.shop\/index.php\/wp-json\/wp\/v2\/media?parent=3346"}],"wp:term":[{"taxonomy":"product_brand","embeddable":true,"href":"https:\/\/dolati.shop\/index.php\/wp-json\/wp\/v2\/product_brand?post=3346"},{"taxonomy":"product_cat","embeddable":true,"href":"https:\/\/dolati.shop\/index.php\/wp-json\/wp\/v2\/product_cat?post=3346"},{"taxonomy":"product_tag","embeddable":true,"href":"https:\/\/dolati.shop\/index.php\/wp-json\/wp\/v2\/product_tag?post=3346"}],"curies":[{"name":"wp","href":"https:\/\/api.w.org\/{rel}","templated":true}]}}