{"id":3342,"date":"2024-03-25T21:17:29","date_gmt":"2024-03-25T20:17:29","guid":{"rendered":"https:\/\/dolati.shop\/?post_type=product&#038;p=3342"},"modified":"2024-05-21T10:19:03","modified_gmt":"2024-05-21T08:19:03","slug":"saliere-et-poivriere-chauve-souris","status":"publish","type":"product","link":"https:\/\/dolati.shop\/index.php\/product\/saliere-et-poivriere-chauve-souris\/","title":{"rendered":"Sali\u00e8re et poivri\u00e8re chauve-souris"},"content":{"rendered":"\n<figure class=\"wp-block-image\"><img decoding=\"async\" src=\"https:\/\/img.ankorstore.com\/brands\/rounded\/33025-47e02cf9842dd9.jpg?auto=format%2Ccompress&amp;fm=pjpg&amp;dpr=1&amp;w=72\" alt=\"Something Different Wholesale\" \/><\/figure>\n\n\n\n<p>Something Different Wholesale<\/p>\n","protected":false},"excerpt":{"rendered":"<p>Description<br \/>Laissez les repas autour de la table \u00e0 manger atteindre de nouveaux sommets avec cet ensemble de sali\u00e8res et poivri\u00e8res pr\u00e9sentant un design unique en ailes de chauve-souris. <br \/>Qu&rsquo;elles soient expos\u00e9es dans le cadre d&rsquo;un grand festin d&rsquo;Halloween ou qu&rsquo;elles soient utilis\u00e9es toute l&rsquo;ann\u00e9e, ces pi\u00e8ces de vaisselle apportent une touche originale qui ne manquera pas de susciter la conversation. <\/p>\n<p>D<strong>imensions du produit<\/strong><br \/>6,5L x 9,5l x 6,5H cm<\/p>\n","protected":false},"featured_media":3343,"comment_status":"open","ping_status":"closed","template":"","meta":[],"product_brand":[],"product_cat":[124,66,31,145],"product_tag":[],"class_list":{"0":"post-3342","1":"product","2":"type-product","3":"status-publish","4":"has-post-thumbnail","6":"product_cat-accessoires","7":"product_cat-art-de-la-table","8":"product_cat-noel","9":"product_cat-toute-la-collection","11":"first","12":"instock","13":"purchasable","14":"product-type-simple","15":"customify-col","16":"product-has-gallery"},"mb":[],"jetpack_sharing_enabled":true,"mfb_rest_fields":["title","jetpack_sharing_enabled","gutenberg_elementor_mode"],"_links":{"self":[{"href":"https:\/\/dolati.shop\/index.php\/wp-json\/wp\/v2\/product\/3342","targetHints":{"allow":["GET"]}}],"collection":[{"href":"https:\/\/dolati.shop\/index.php\/wp-json\/wp\/v2\/product"}],"about":[{"href":"https:\/\/dolati.shop\/index.php\/wp-json\/wp\/v2\/types\/product"}],"replies":[{"embeddable":true,"href":"https:\/\/dolati.shop\/index.php\/wp-json\/wp\/v2\/comments?post=3342"}],"version-history":[{"count":1,"href":"https:\/\/dolati.shop\/index.php\/wp-json\/wp\/v2\/product\/3342\/revisions"}],"predecessor-version":[{"id":3345,"href":"https:\/\/dolati.shop\/index.php\/wp-json\/wp\/v2\/product\/3342\/revisions\/3345"}],"wp:featuredmedia":[{"embeddable":true,"href":"https:\/\/dolati.shop\/index.php\/wp-json\/wp\/v2\/media\/3343"}],"wp:attachment":[{"href":"https:\/\/dolati.shop\/index.php\/wp-json\/wp\/v2\/media?parent=3342"}],"wp:term":[{"taxonomy":"product_brand","embeddable":true,"href":"https:\/\/dolati.shop\/index.php\/wp-json\/wp\/v2\/product_brand?post=3342"},{"taxonomy":"product_cat","embeddable":true,"href":"https:\/\/dolati.shop\/index.php\/wp-json\/wp\/v2\/product_cat?post=3342"},{"taxonomy":"product_tag","embeddable":true,"href":"https:\/\/dolati.shop\/index.php\/wp-json\/wp\/v2\/product_tag?post=3342"}],"curies":[{"name":"wp","href":"https:\/\/api.w.org\/{rel}","templated":true}]}}