{"id":3330,"date":"2024-03-25T17:36:32","date_gmt":"2024-03-25T16:36:32","guid":{"rendered":"https:\/\/dolati.shop\/?post_type=product&#038;p=3330"},"modified":"2024-03-25T18:48:48","modified_gmt":"2024-03-25T17:48:48","slug":"tasse-en-forme-de-fantome","status":"publish","type":"product","link":"https:\/\/dolati.shop\/index.php\/product\/tasse-en-forme-de-fantome\/","title":{"rendered":"Tasse en forme de fant\u00f4me"},"content":{"rendered":"\n<figure class=\"wp-block-image\"><img decoding=\"async\" src=\"https:\/\/img.ankorstore.com\/brands\/rounded\/33025-47e02cf9842dd9.jpg?auto=format%2Ccompress&amp;fm=pjpg&amp;dpr=1&amp;w=72\" alt=\"Something Different Wholesale\" \/><\/figure>\n\n\n\n<p>Something Different Wholesale<\/p>\n","protected":false},"excerpt":{"rendered":"<p>Description<br \/>Les amateurs d&rsquo;Halloween de toutes sortes appr\u00e9cieront de siroter des bi\u00e8res effrayantes et du chocolat chaud dans cette adorable tasse en forme de fant\u00f4me. <\/p>\n<p>Capacit\u00e9 de 420 ml. Ne passe pas au micro-ondes.<\/p>\n<p>Dimensions<br \/>H : 10,5 cm x L : 14,5 cm x P : 9,5 cm<\/p>\n","protected":false},"featured_media":3331,"comment_status":"open","ping_status":"closed","template":"","meta":[],"product_brand":[],"product_cat":[66,31,145,65],"product_tag":[],"class_list":{"0":"post-3330","1":"product","2":"type-product","3":"status-publish","4":"has-post-thumbnail","6":"product_cat-art-de-la-table","7":"product_cat-noel","8":"product_cat-toute-la-collection","9":"product_cat-vaisselle","11":"first","12":"instock","13":"purchasable","14":"product-type-simple","15":"customify-col","16":"product-has-gallery"},"mb":[],"jetpack_sharing_enabled":true,"mfb_rest_fields":["title","jetpack_sharing_enabled","gutenberg_elementor_mode"],"_links":{"self":[{"href":"https:\/\/dolati.shop\/index.php\/wp-json\/wp\/v2\/product\/3330","targetHints":{"allow":["GET"]}}],"collection":[{"href":"https:\/\/dolati.shop\/index.php\/wp-json\/wp\/v2\/product"}],"about":[{"href":"https:\/\/dolati.shop\/index.php\/wp-json\/wp\/v2\/types\/product"}],"replies":[{"embeddable":true,"href":"https:\/\/dolati.shop\/index.php\/wp-json\/wp\/v2\/comments?post=3330"}],"version-history":[{"count":1,"href":"https:\/\/dolati.shop\/index.php\/wp-json\/wp\/v2\/product\/3330\/revisions"}],"predecessor-version":[{"id":3333,"href":"https:\/\/dolati.shop\/index.php\/wp-json\/wp\/v2\/product\/3330\/revisions\/3333"}],"wp:featuredmedia":[{"embeddable":true,"href":"https:\/\/dolati.shop\/index.php\/wp-json\/wp\/v2\/media\/3331"}],"wp:attachment":[{"href":"https:\/\/dolati.shop\/index.php\/wp-json\/wp\/v2\/media?parent=3330"}],"wp:term":[{"taxonomy":"product_brand","embeddable":true,"href":"https:\/\/dolati.shop\/index.php\/wp-json\/wp\/v2\/product_brand?post=3330"},{"taxonomy":"product_cat","embeddable":true,"href":"https:\/\/dolati.shop\/index.php\/wp-json\/wp\/v2\/product_cat?post=3330"},{"taxonomy":"product_tag","embeddable":true,"href":"https:\/\/dolati.shop\/index.php\/wp-json\/wp\/v2\/product_tag?post=3330"}],"curies":[{"name":"wp","href":"https:\/\/api.w.org\/{rel}","templated":true}]}}