{"id":3326,"date":"2024-03-25T16:03:19","date_gmt":"2024-03-25T15:03:19","guid":{"rendered":"https:\/\/dolati.shop\/?post_type=product&#038;p=3326"},"modified":"2024-03-25T17:29:27","modified_gmt":"2024-03-25T16:29:27","slug":"tasse-chaudron-noir","status":"publish","type":"product","link":"https:\/\/dolati.shop\/index.php\/product\/tasse-chaudron-noir\/","title":{"rendered":"Tasse Chaudron Noir"},"content":{"rendered":"\n<figure class=\"wp-block-image\"><img decoding=\"async\" src=\"https:\/\/img.ankorstore.com\/brands\/rounded\/33025-47e02cf9842dd9.jpg?auto=format%2Ccompress&amp;fm=pjpg&amp;dpr=1&amp;w=72\" alt=\"Something Different Wholesale\" \/><\/figure>\n\n\n\n<p>Something Different Wholesale<\/p>\n","protected":false},"excerpt":{"rendered":"<p>Description<br \/>Cette superbe tasse noire est con\u00e7ue pour ressembler \u00e0 un chaudron, parfaite pour tous ceux qui aiment canaliser leur sorci\u00e8re int\u00e9rieure. <\/p>\n<p>Convient pour une utilisation au micro-ondes ou au lave-vaisselle.<\/p>\n<p>Dimensions<br \/>H : 10 cm x L : 12,8 cm x P : 9,7 cm<\/p>\n","protected":false},"featured_media":3327,"comment_status":"open","ping_status":"closed","template":"","meta":[],"product_brand":[],"product_cat":[66,31,145,65],"product_tag":[],"class_list":{"0":"post-3326","1":"product","2":"type-product","3":"status-publish","4":"has-post-thumbnail","6":"product_cat-art-de-la-table","7":"product_cat-noel","8":"product_cat-toute-la-collection","9":"product_cat-vaisselle","11":"first","12":"instock","13":"purchasable","14":"product-type-simple","15":"customify-col","16":"product-has-gallery"},"mb":[],"jetpack_sharing_enabled":true,"mfb_rest_fields":["title","jetpack_sharing_enabled","gutenberg_elementor_mode"],"_links":{"self":[{"href":"https:\/\/dolati.shop\/index.php\/wp-json\/wp\/v2\/product\/3326","targetHints":{"allow":["GET"]}}],"collection":[{"href":"https:\/\/dolati.shop\/index.php\/wp-json\/wp\/v2\/product"}],"about":[{"href":"https:\/\/dolati.shop\/index.php\/wp-json\/wp\/v2\/types\/product"}],"replies":[{"embeddable":true,"href":"https:\/\/dolati.shop\/index.php\/wp-json\/wp\/v2\/comments?post=3326"}],"version-history":[{"count":1,"href":"https:\/\/dolati.shop\/index.php\/wp-json\/wp\/v2\/product\/3326\/revisions"}],"predecessor-version":[{"id":3329,"href":"https:\/\/dolati.shop\/index.php\/wp-json\/wp\/v2\/product\/3326\/revisions\/3329"}],"wp:featuredmedia":[{"embeddable":true,"href":"https:\/\/dolati.shop\/index.php\/wp-json\/wp\/v2\/media\/3327"}],"wp:attachment":[{"href":"https:\/\/dolati.shop\/index.php\/wp-json\/wp\/v2\/media?parent=3326"}],"wp:term":[{"taxonomy":"product_brand","embeddable":true,"href":"https:\/\/dolati.shop\/index.php\/wp-json\/wp\/v2\/product_brand?post=3326"},{"taxonomy":"product_cat","embeddable":true,"href":"https:\/\/dolati.shop\/index.php\/wp-json\/wp\/v2\/product_cat?post=3326"},{"taxonomy":"product_tag","embeddable":true,"href":"https:\/\/dolati.shop\/index.php\/wp-json\/wp\/v2\/product_tag?post=3326"}],"curies":[{"name":"wp","href":"https:\/\/api.w.org\/{rel}","templated":true}]}}