{"id":3312,"date":"2024-03-23T17:53:24","date_gmt":"2024-03-23T16:53:24","guid":{"rendered":"https:\/\/dolati.shop\/?post_type=product&#038;p=3312"},"modified":"2024-03-23T18:00:39","modified_gmt":"2024-03-23T17:00:39","slug":"tasse-arrondie-a-pois","status":"publish","type":"product","link":"https:\/\/dolati.shop\/index.php\/product\/tasse-arrondie-a-pois\/","title":{"rendered":"Tasse arrondie \u00e0 pois"},"content":{"rendered":"\n<figure class=\"wp-block-image\"><img decoding=\"async\" src=\"https:\/\/img.ankorstore.com\/brands\/rounded\/33025-47e02cf9842dd9.jpg?auto=format%2Ccompress&amp;fm=pjpg&amp;dpr=1&amp;w=72\" alt=\"Something Different Wholesale\" \/><\/figure>\n\n\n\n<p>Something Different Wholesale<\/p>\n","protected":false},"excerpt":{"rendered":"<p>Description<br \/>Tasse \u00e0 pois joyeuse \u00e0 imprim\u00e9 pastel, parfaite pour le printemps. <\/p>\n<p>Dimensions<br \/>H : 9,4 cm x L : 13,6 cm x P : 10,7 cm<\/p>\n","protected":false},"featured_media":3314,"comment_status":"open","ping_status":"closed","template":"","meta":[],"product_brand":[],"product_cat":[66,31,145,65],"product_tag":[],"class_list":{"0":"post-3312","1":"product","2":"type-product","3":"status-publish","4":"has-post-thumbnail","6":"product_cat-art-de-la-table","7":"product_cat-noel","8":"product_cat-toute-la-collection","9":"product_cat-vaisselle","11":"first","12":"instock","13":"purchasable","14":"product-type-simple","15":"customify-col"},"mb":[],"jetpack_sharing_enabled":true,"mfb_rest_fields":["title","jetpack_sharing_enabled","gutenberg_elementor_mode"],"_links":{"self":[{"href":"https:\/\/dolati.shop\/index.php\/wp-json\/wp\/v2\/product\/3312","targetHints":{"allow":["GET"]}}],"collection":[{"href":"https:\/\/dolati.shop\/index.php\/wp-json\/wp\/v2\/product"}],"about":[{"href":"https:\/\/dolati.shop\/index.php\/wp-json\/wp\/v2\/types\/product"}],"replies":[{"embeddable":true,"href":"https:\/\/dolati.shop\/index.php\/wp-json\/wp\/v2\/comments?post=3312"}],"version-history":[{"count":1,"href":"https:\/\/dolati.shop\/index.php\/wp-json\/wp\/v2\/product\/3312\/revisions"}],"predecessor-version":[{"id":3315,"href":"https:\/\/dolati.shop\/index.php\/wp-json\/wp\/v2\/product\/3312\/revisions\/3315"}],"wp:featuredmedia":[{"embeddable":true,"href":"https:\/\/dolati.shop\/index.php\/wp-json\/wp\/v2\/media\/3314"}],"wp:attachment":[{"href":"https:\/\/dolati.shop\/index.php\/wp-json\/wp\/v2\/media?parent=3312"}],"wp:term":[{"taxonomy":"product_brand","embeddable":true,"href":"https:\/\/dolati.shop\/index.php\/wp-json\/wp\/v2\/product_brand?post=3312"},{"taxonomy":"product_cat","embeddable":true,"href":"https:\/\/dolati.shop\/index.php\/wp-json\/wp\/v2\/product_cat?post=3312"},{"taxonomy":"product_tag","embeddable":true,"href":"https:\/\/dolati.shop\/index.php\/wp-json\/wp\/v2\/product_tag?post=3312"}],"curies":[{"name":"wp","href":"https:\/\/api.w.org\/{rel}","templated":true}]}}