{"id":3197,"date":"2024-02-23T23:18:20","date_gmt":"2024-02-23T22:18:20","guid":{"rendered":"https:\/\/dolati.shop\/?post_type=product&#038;p=3197"},"modified":"2024-02-23T23:27:22","modified_gmt":"2024-02-23T22:27:22","slug":"petit-panier-de-rangement-panier-decoratif-plateau-marron-en-jacinthe-deau-jawah","status":"publish","type":"product","link":"https:\/\/dolati.shop\/index.php\/product\/petit-panier-de-rangement-panier-decoratif-plateau-marron-en-jacinthe-deau-jawah\/","title":{"rendered":"Petit panier de rangement panier d\u00e9coratif | Plateau marron en jacinthe d&rsquo;eau JAWAH"},"content":{"rendered":"\n<figure class=\"wp-block-image\"><img decoding=\"async\" src=\"https:\/\/img.ankorstore.com\/brands\/rounded\/35462-47e85e89bdccb7.jpg?auto=format%2Ccompress&amp;fm=pjpg&amp;dpr=1&amp;w=72\" alt=\"Soeji\" \/><\/figure>\n\n\n\n<p>Soeji<\/p>\n","protected":false},"excerpt":{"rendered":"<p>Description<br \/>\u2022 Fabriqu\u00e9 \u00e0 partir de jacinthe d&rsquo;eau stable et durable<br \/>\u2022 Avec sa forme plate, il est id\u00e9al comme corbeille \u00e0 pain ou corbeille \u00e0 fruits<br \/>\u2022 100\u00a0% fait main et commerce \u00e9quitable<\/p>\n<p>Dimensions :<br \/>(Hauteur (sans poign\u00e9es) x diam\u00e8tre)<br \/>10&#215;30 cm <\/p>\n<p>Ce panier est une pi\u00e8ce unique fabriqu\u00e9e avec art. En raison de la fabrication artisanale et des variations naturelles des mat\u00e9riaux, leur taille, leur couleur et leur forme peuvent varier l\u00e9g\u00e8rement.<br \/>Mat\u00e9riau principal : jacinthe d&rsquo;eau<\/p>\n","protected":false},"featured_media":3198,"comment_status":"open","ping_status":"closed","template":"","meta":[],"product_brand":[],"product_cat":[79,145],"product_tag":[],"class_list":{"0":"post-3197","1":"product","2":"type-product","3":"status-publish","4":"has-post-thumbnail","6":"product_cat-paniers","7":"product_cat-toute-la-collection","9":"first","10":"instock","11":"purchasable","12":"product-type-simple","13":"customify-col","14":"product-has-gallery"},"mb":[],"jetpack_sharing_enabled":true,"mfb_rest_fields":["title","jetpack_sharing_enabled","gutenberg_elementor_mode"],"_links":{"self":[{"href":"https:\/\/dolati.shop\/index.php\/wp-json\/wp\/v2\/product\/3197","targetHints":{"allow":["GET"]}}],"collection":[{"href":"https:\/\/dolati.shop\/index.php\/wp-json\/wp\/v2\/product"}],"about":[{"href":"https:\/\/dolati.shop\/index.php\/wp-json\/wp\/v2\/types\/product"}],"replies":[{"embeddable":true,"href":"https:\/\/dolati.shop\/index.php\/wp-json\/wp\/v2\/comments?post=3197"}],"version-history":[{"count":1,"href":"https:\/\/dolati.shop\/index.php\/wp-json\/wp\/v2\/product\/3197\/revisions"}],"predecessor-version":[{"id":3200,"href":"https:\/\/dolati.shop\/index.php\/wp-json\/wp\/v2\/product\/3197\/revisions\/3200"}],"wp:featuredmedia":[{"embeddable":true,"href":"https:\/\/dolati.shop\/index.php\/wp-json\/wp\/v2\/media\/3198"}],"wp:attachment":[{"href":"https:\/\/dolati.shop\/index.php\/wp-json\/wp\/v2\/media?parent=3197"}],"wp:term":[{"taxonomy":"product_brand","embeddable":true,"href":"https:\/\/dolati.shop\/index.php\/wp-json\/wp\/v2\/product_brand?post=3197"},{"taxonomy":"product_cat","embeddable":true,"href":"https:\/\/dolati.shop\/index.php\/wp-json\/wp\/v2\/product_cat?post=3197"},{"taxonomy":"product_tag","embeddable":true,"href":"https:\/\/dolati.shop\/index.php\/wp-json\/wp\/v2\/product_tag?post=3197"}],"curies":[{"name":"wp","href":"https:\/\/api.w.org\/{rel}","templated":true}]}}