{"id":3183,"date":"2024-02-23T23:02:53","date_gmt":"2024-02-23T22:02:53","guid":{"rendered":"https:\/\/dolati.shop\/?post_type=product&#038;p=3183"},"modified":"2025-09-21T12:13:30","modified_gmt":"2025-09-21T10:13:30","slug":"vase-circulaire-texture-en-ceramique","status":"publish","type":"product","link":"https:\/\/dolati.shop\/index.php\/product\/vase-circulaire-texture-en-ceramique\/","title":{"rendered":"Vase Circulaire Textur\u00e9 en c\u00e9ramique"},"content":{"rendered":"\n<figure class=\"wp-block-image\"><img decoding=\"async\" src=\"https:\/\/img.ankorstore.com\/brands\/rounded\/44448-47e8499863f995.jpg?auto=format%2Ccompress&amp;fm=pjpg&amp;dpr=1&amp;w=72\" alt=\"Maison Marm\u00d6l\" \/><\/figure>\n\n\n\n<p>Maison Marm\u00d6l<\/p>\n","protected":false},"excerpt":{"rendered":"<p>Description<br \/>Le Vase Circulaire revisit\u00e9<\/p>\n<p>Le Vase Circulaire Textur\u00e9 en c\u00e9ramique\u00a0couleur \u00e9crue, est une pi\u00e8ce qui revisite le vase circulaire classique, dans une version stri\u00e9e, textur\u00e9e, agr\u00e9able au toucher et dot\u00e9e d&rsquo;un col arrondi.\u00a0<br \/>La couleur \u00e9crue douce et apaisante, combin\u00e9e \u00e0 cette texture d\u00e9licate, ajoute une dimension tactile \u00e0 son charme visuel.\u00a0Il apportera une \u00e9l\u00e9gance subtile \u00e0 votre espace, cr\u00e9ant une harmonie visuelle parfaite.<\/p>\n<p>Dimensions :\u00a0<br \/>19cm de hauteur x 18cm de largeur<\/p>\n<p>Mat\u00e9riaux<br \/>C\u00e9ramique<\/p>\n","protected":false},"featured_media":3185,"comment_status":"open","ping_status":"closed","template":"","meta":[],"product_brand":[],"product_cat":[145,28],"product_tag":[],"class_list":{"0":"post-3183","1":"product","2":"type-product","3":"status-publish","4":"has-post-thumbnail","6":"product_cat-toute-la-collection","7":"product_cat-vases","9":"first","10":"instock","11":"purchasable","12":"product-type-simple","13":"customify-col","14":"product-has-gallery"},"mb":[],"jetpack_sharing_enabled":true,"mfb_rest_fields":["title","jetpack_sharing_enabled","gutenberg_elementor_mode"],"_links":{"self":[{"href":"https:\/\/dolati.shop\/index.php\/wp-json\/wp\/v2\/product\/3183","targetHints":{"allow":["GET"]}}],"collection":[{"href":"https:\/\/dolati.shop\/index.php\/wp-json\/wp\/v2\/product"}],"about":[{"href":"https:\/\/dolati.shop\/index.php\/wp-json\/wp\/v2\/types\/product"}],"replies":[{"embeddable":true,"href":"https:\/\/dolati.shop\/index.php\/wp-json\/wp\/v2\/comments?post=3183"}],"version-history":[{"count":1,"href":"https:\/\/dolati.shop\/index.php\/wp-json\/wp\/v2\/product\/3183\/revisions"}],"predecessor-version":[{"id":3187,"href":"https:\/\/dolati.shop\/index.php\/wp-json\/wp\/v2\/product\/3183\/revisions\/3187"}],"wp:featuredmedia":[{"embeddable":true,"href":"https:\/\/dolati.shop\/index.php\/wp-json\/wp\/v2\/media\/3185"}],"wp:attachment":[{"href":"https:\/\/dolati.shop\/index.php\/wp-json\/wp\/v2\/media?parent=3183"}],"wp:term":[{"taxonomy":"product_brand","embeddable":true,"href":"https:\/\/dolati.shop\/index.php\/wp-json\/wp\/v2\/product_brand?post=3183"},{"taxonomy":"product_cat","embeddable":true,"href":"https:\/\/dolati.shop\/index.php\/wp-json\/wp\/v2\/product_cat?post=3183"},{"taxonomy":"product_tag","embeddable":true,"href":"https:\/\/dolati.shop\/index.php\/wp-json\/wp\/v2\/product_tag?post=3183"}],"curies":[{"name":"wp","href":"https:\/\/api.w.org\/{rel}","templated":true}]}}