{"id":3179,"date":"2024-02-23T22:54:42","date_gmt":"2024-02-23T21:54:42","guid":{"rendered":"https:\/\/dolati.shop\/?post_type=product&#038;p=3179"},"modified":"2024-02-23T23:01:39","modified_gmt":"2024-02-23T22:01:39","slug":"duo-de-vases-bridge-en-ceramique","status":"publish","type":"product","link":"https:\/\/dolati.shop\/index.php\/product\/duo-de-vases-bridge-en-ceramique\/","title":{"rendered":"Duo de Vases Bridge en c\u00e9ramique"},"content":{"rendered":"\n<figure class=\"wp-block-image\"><img decoding=\"async\" src=\"https:\/\/img.ankorstore.com\/brands\/rounded\/44448-47e8499863f995.jpg?auto=format%2Ccompress&amp;fm=pjpg&amp;dpr=1&amp;w=72\" alt=\"Maison Marm\u00d6l\" \/><\/figure>\n\n\n\n<p>Maison Marm\u00d6l<\/p>\n","protected":false},"excerpt":{"rendered":"<p>Description<br \/>Livr\u00e9 en duo, ce set contient\u00a0deux vases\u00a0Bridge\u00a0s\u00e9par\u00e9s que vous pourrez soit combiner en un sublime duo de vases, soit utiliser s\u00e9par\u00e9ment. Une double-pi\u00e8ce innovante et design, qui transforme votre espace en v\u00e9ritable coin artistique.<br \/>\u00a0Le\u00a0Duo de Vases\u00a0Bridge\u00a0est fabriqu\u00e9 en c\u00e9ramique \u00e0 la main. La c\u00e9ramique vient du mot d\u2019origine grec\u00a0keramos\u00a0qui signifie argile, et qui d\u00e9signe l\u2019ensemble des objets fabriqu\u00e9s en terre ayant subi une cuisson \u00e0 temp\u00e9rature plus ou moins \u00e9lev\u00e9e.\u00a0<br \/>La c\u00e9ramique est redevenue une mati\u00e8re hype et tendance gr\u00e2ce \u00e0 son aspect authentique, ses formes volontairement irr\u00e9guli\u00e8res faites main ou encore son grain singulier.<\/p>\n<p>Dimensions<br \/>Pour le grand vase\u00a0:\u00a0hauteur 22,5cm ; largeur 23cm.<br \/>Pour le petit vase\u00a0: hauteur 16cm ; largeur 15,7cm.<br \/>Voir moins<\/p>\n<p>Mat\u00e9riaux<br \/>C\u00e9ramique<\/p>\n","protected":false},"featured_media":3180,"comment_status":"open","ping_status":"closed","template":"","meta":[],"product_brand":[],"product_cat":[145,28],"product_tag":[],"class_list":{"0":"post-3179","1":"product","2":"type-product","3":"status-publish","4":"has-post-thumbnail","6":"product_cat-toute-la-collection","7":"product_cat-vases","9":"first","10":"instock","11":"purchasable","12":"product-type-simple","13":"customify-col","14":"product-has-gallery"},"mb":[],"jetpack_sharing_enabled":true,"mfb_rest_fields":["title","jetpack_sharing_enabled","gutenberg_elementor_mode"],"_links":{"self":[{"href":"https:\/\/dolati.shop\/index.php\/wp-json\/wp\/v2\/product\/3179","targetHints":{"allow":["GET"]}}],"collection":[{"href":"https:\/\/dolati.shop\/index.php\/wp-json\/wp\/v2\/product"}],"about":[{"href":"https:\/\/dolati.shop\/index.php\/wp-json\/wp\/v2\/types\/product"}],"replies":[{"embeddable":true,"href":"https:\/\/dolati.shop\/index.php\/wp-json\/wp\/v2\/comments?post=3179"}],"version-history":[{"count":1,"href":"https:\/\/dolati.shop\/index.php\/wp-json\/wp\/v2\/product\/3179\/revisions"}],"predecessor-version":[{"id":3182,"href":"https:\/\/dolati.shop\/index.php\/wp-json\/wp\/v2\/product\/3179\/revisions\/3182"}],"wp:featuredmedia":[{"embeddable":true,"href":"https:\/\/dolati.shop\/index.php\/wp-json\/wp\/v2\/media\/3180"}],"wp:attachment":[{"href":"https:\/\/dolati.shop\/index.php\/wp-json\/wp\/v2\/media?parent=3179"}],"wp:term":[{"taxonomy":"product_brand","embeddable":true,"href":"https:\/\/dolati.shop\/index.php\/wp-json\/wp\/v2\/product_brand?post=3179"},{"taxonomy":"product_cat","embeddable":true,"href":"https:\/\/dolati.shop\/index.php\/wp-json\/wp\/v2\/product_cat?post=3179"},{"taxonomy":"product_tag","embeddable":true,"href":"https:\/\/dolati.shop\/index.php\/wp-json\/wp\/v2\/product_tag?post=3179"}],"curies":[{"name":"wp","href":"https:\/\/api.w.org\/{rel}","templated":true}]}}