{"id":3174,"date":"2024-02-23T22:50:12","date_gmt":"2024-02-23T21:50:12","guid":{"rendered":"https:\/\/dolati.shop\/?post_type=product&#038;p=3174"},"modified":"2024-02-23T22:54:13","modified_gmt":"2024-02-23T21:54:13","slug":"duo-de-vases-hybrides-noir","status":"publish","type":"product","link":"https:\/\/dolati.shop\/index.php\/product\/duo-de-vases-hybrides-noir\/","title":{"rendered":"Duo de Vases Hybrides &#8211; NOIR"},"content":{"rendered":"\n<figure class=\"wp-block-image\"><img decoding=\"async\" src=\"https:\/\/img.ankorstore.com\/brands\/rounded\/44448-47e8499863f995.jpg?auto=format%2Ccompress&amp;fm=pjpg&amp;dpr=1&amp;w=72\" alt=\"Maison Marm\u00d6l\" \/><\/figure>\n\n\n\n<p>Maison Marm\u00d6l<\/p>\n","protected":false},"excerpt":{"rendered":"<p>Description<br \/>Avec leur finition noire organique et leurs formes minimalistes mais volumineuses, les deux vases du Duo de Vases Hybrides Noir sont une des mani\u00e8res les plus \u00e9l\u00e9gantes d&rsquo;agr\u00e9menter une d\u00e9co moderne, nordique ou \u00e9pur\u00e9e.<\/p>\n<p>Vendus ensemble en Duo, les deux vases peuvent \u00eatre pr\u00e9sent\u00e9s dans une grande vari\u00e9t\u00e9 d&rsquo;espaces, ajoutant une esth\u00e9tique sophistiqu\u00e9e \u00e0 chaque pi\u00e8ce. Ils se marient particuli\u00e8rement bien avec un int\u00e9rieur minimaliste et moderne, apportant une touche de contraste et de profondeur. Vous pouvez les agr\u00e9menter avec des bouquets de fleurs s\u00e9ch\u00e9es aux tons neutres et terreux, mettant en valeur la beaut\u00e9 du noir c\u00e9ramique. Les tiges s\u00e9ch\u00e9es, les feuillages et les herbes s\u00e9ch\u00e9es cr\u00e9eront une composition naturelle et organique qui compl\u00e9tera parfaitement ces vases.<\/p>\n<p>Pour en tirer le meilleur parti, misez sur la simplicit\u00e9 et l&rsquo;\u00e9quilibre. Placez-les sur une \u00e9tag\u00e8re, une table basse ou un rebord de fen\u00eatre, en les associant \u00e0 d&rsquo;autres \u00e9l\u00e9ments de d\u00e9coration minimalistes. Optez pour des fleurs s\u00e9ch\u00e9es aux tons naturels, cr\u00e9ant une ambiance calme et sophistiqu\u00e9e.\u00a0Leur allure moderne et leur esth\u00e9tique intemporelle en font un choix parfait pour ceux qui recherchent une d\u00e9coration sobre mais terriblement captivante.\u00a0<\/p>\n<p>DIMENSIONS :\u00a0<br \/>Grand vase : H19\u00a0 x\u00a0 18.5\u00a0 x\u00a0 7.2cm<br \/>Petit vase : H13.5\u00a0 x\u00a0 16\u00a0 x\u00a0 5cm<\/p>\n<p>Mat\u00e9riaux<br \/>C\u00e9ramique<\/p>\n","protected":false},"featured_media":3175,"comment_status":"open","ping_status":"closed","template":"","meta":[],"product_brand":[],"product_cat":[145,28],"product_tag":[],"class_list":{"0":"post-3174","1":"product","2":"type-product","3":"status-publish","4":"has-post-thumbnail","6":"product_cat-toute-la-collection","7":"product_cat-vases","9":"first","10":"instock","11":"purchasable","12":"product-type-simple","13":"customify-col","14":"product-has-gallery"},"mb":[],"jetpack_sharing_enabled":true,"mfb_rest_fields":["title","jetpack_sharing_enabled","gutenberg_elementor_mode"],"_links":{"self":[{"href":"https:\/\/dolati.shop\/index.php\/wp-json\/wp\/v2\/product\/3174","targetHints":{"allow":["GET"]}}],"collection":[{"href":"https:\/\/dolati.shop\/index.php\/wp-json\/wp\/v2\/product"}],"about":[{"href":"https:\/\/dolati.shop\/index.php\/wp-json\/wp\/v2\/types\/product"}],"replies":[{"embeddable":true,"href":"https:\/\/dolati.shop\/index.php\/wp-json\/wp\/v2\/comments?post=3174"}],"version-history":[{"count":1,"href":"https:\/\/dolati.shop\/index.php\/wp-json\/wp\/v2\/product\/3174\/revisions"}],"predecessor-version":[{"id":3178,"href":"https:\/\/dolati.shop\/index.php\/wp-json\/wp\/v2\/product\/3174\/revisions\/3178"}],"wp:featuredmedia":[{"embeddable":true,"href":"https:\/\/dolati.shop\/index.php\/wp-json\/wp\/v2\/media\/3175"}],"wp:attachment":[{"href":"https:\/\/dolati.shop\/index.php\/wp-json\/wp\/v2\/media?parent=3174"}],"wp:term":[{"taxonomy":"product_brand","embeddable":true,"href":"https:\/\/dolati.shop\/index.php\/wp-json\/wp\/v2\/product_brand?post=3174"},{"taxonomy":"product_cat","embeddable":true,"href":"https:\/\/dolati.shop\/index.php\/wp-json\/wp\/v2\/product_cat?post=3174"},{"taxonomy":"product_tag","embeddable":true,"href":"https:\/\/dolati.shop\/index.php\/wp-json\/wp\/v2\/product_tag?post=3174"}],"curies":[{"name":"wp","href":"https:\/\/api.w.org\/{rel}","templated":true}]}}