{"id":3169,"date":"2024-02-23T22:45:07","date_gmt":"2024-02-23T21:45:07","guid":{"rendered":"https:\/\/dolati.shop\/?post_type=product&#038;p=3169"},"modified":"2024-02-23T22:48:32","modified_gmt":"2024-02-23T21:48:32","slug":"vase-signore-noir","status":"publish","type":"product","link":"https:\/\/dolati.shop\/index.php\/product\/vase-signore-noir\/","title":{"rendered":"Vase Signore &#8211; Noir"},"content":{"rendered":"\n<figure class=\"wp-block-image\"><img decoding=\"async\" src=\"https:\/\/img.ankorstore.com\/brands\/rounded\/44448-47e8499863f995.jpg?auto=format%2Ccompress&amp;fm=pjpg&amp;dpr=1&amp;w=72\" alt=\"Maison Marm\u00d6l\" \/><\/figure>\n\n\n\n<p>Maison Marm\u00d6l<\/p>\n","protected":false},"excerpt":{"rendered":"<p>Description<br \/>Le Vase Signore\u00a0avec sa silhouette raffin\u00e9e et sa finition \u00e9l\u00e9gante est une pi\u00e8ce qui conf\u00e8re une allure sophistiqu\u00e9e \u00e0 tout espace de vie. Il conjugue habilement modernit\u00e9 et charme brut.<br \/>Il trouvera sa place de choix dans un int\u00e9rieur contemporain aux lignes \u00e9pur\u00e9es, o\u00f9 il contrastera avec \u00e9l\u00e9gance sur une table basse en marbre blanc ou une \u00e9tag\u00e8re minimaliste.<\/p>\n<p>Dimensions<br \/>H31.4\u00a0 x\u00a0 18cm<\/p>\n<p>Mat\u00e9riaux<br \/>C\u00e9ramique<\/p>\n","protected":false},"featured_media":3171,"comment_status":"open","ping_status":"closed","template":"","meta":[],"product_brand":[],"product_cat":[145,28],"product_tag":[],"class_list":{"0":"post-3169","1":"product","2":"type-product","3":"status-publish","4":"has-post-thumbnail","6":"product_cat-toute-la-collection","7":"product_cat-vases","9":"first","10":"instock","11":"purchasable","12":"product-type-simple","13":"customify-col","14":"product-has-gallery"},"mb":[],"jetpack_sharing_enabled":true,"mfb_rest_fields":["title","jetpack_sharing_enabled","gutenberg_elementor_mode"],"_links":{"self":[{"href":"https:\/\/dolati.shop\/index.php\/wp-json\/wp\/v2\/product\/3169","targetHints":{"allow":["GET"]}}],"collection":[{"href":"https:\/\/dolati.shop\/index.php\/wp-json\/wp\/v2\/product"}],"about":[{"href":"https:\/\/dolati.shop\/index.php\/wp-json\/wp\/v2\/types\/product"}],"replies":[{"embeddable":true,"href":"https:\/\/dolati.shop\/index.php\/wp-json\/wp\/v2\/comments?post=3169"}],"version-history":[{"count":1,"href":"https:\/\/dolati.shop\/index.php\/wp-json\/wp\/v2\/product\/3169\/revisions"}],"predecessor-version":[{"id":3173,"href":"https:\/\/dolati.shop\/index.php\/wp-json\/wp\/v2\/product\/3169\/revisions\/3173"}],"wp:featuredmedia":[{"embeddable":true,"href":"https:\/\/dolati.shop\/index.php\/wp-json\/wp\/v2\/media\/3171"}],"wp:attachment":[{"href":"https:\/\/dolati.shop\/index.php\/wp-json\/wp\/v2\/media?parent=3169"}],"wp:term":[{"taxonomy":"product_brand","embeddable":true,"href":"https:\/\/dolati.shop\/index.php\/wp-json\/wp\/v2\/product_brand?post=3169"},{"taxonomy":"product_cat","embeddable":true,"href":"https:\/\/dolati.shop\/index.php\/wp-json\/wp\/v2\/product_cat?post=3169"},{"taxonomy":"product_tag","embeddable":true,"href":"https:\/\/dolati.shop\/index.php\/wp-json\/wp\/v2\/product_tag?post=3169"}],"curies":[{"name":"wp","href":"https:\/\/api.w.org\/{rel}","templated":true}]}}