{"id":3166,"date":"2024-02-23T22:24:17","date_gmt":"2024-02-23T21:24:17","guid":{"rendered":"https:\/\/dolati.shop\/?post_type=product&#038;p=3166"},"modified":"2024-02-23T22:42:09","modified_gmt":"2024-02-23T21:42:09","slug":"vase-cruz-en-ceramique-2","status":"publish","type":"product","link":"https:\/\/dolati.shop\/index.php\/product\/vase-cruz-en-ceramique-2\/","title":{"rendered":"Vase Cruz en C\u00e9ramique noir"},"content":{"rendered":"\n<figure class=\"wp-block-image\"><img decoding=\"async\" src=\"https:\/\/img.ankorstore.com\/brands\/rounded\/44448-47e8499863f995.jpg?auto=format%2Ccompress&amp;fm=pjpg&amp;dpr=1&amp;w=72\" alt=\"Maison Marm\u00d6l\" \/><\/figure>\n\n\n\n<p>Maison Marm\u00d6l<\/p>\n","protected":false},"excerpt":{"rendered":"<p>Description<br \/>Le Vase Cruz est une pi\u00e8ce de d\u00e9coration artistique qui ajoute une touche d&rsquo;originalit\u00e9 \u00e0 votre int\u00e9rieur. <\/p>\n<p>L&rsquo;allure de ce vase en forme de X s&rsquo;harmonise parfaitement avec les int\u00e9rieurs modernes, scandinaves ou minimalistes. Vous pouvez le pr\u00e9senter sur une console dans l&rsquo;entr\u00e9e, sur une \u00e9tag\u00e8re dans le salon ou m\u00eame au centre d&rsquo;une table basse. Son design g\u00e9om\u00e9trique apporte une dimension sculpturale \u00e0 votre d\u00e9co.<\/p>\n<p>Pour le mettre en valeur,\u00a0 jouez avec les silhouettes et les textures. Placez-le \u00e0 c\u00f4t\u00e9 d&rsquo;objets aux\u00a0formes\u00a0courbes ou organiques pour cr\u00e9er un joli contraste. Il peut \u00e9galement \u00eatre associ\u00e9 \u00e0 des fleurs fra\u00eeches ou s\u00e9ch\u00e9es pour apporter une touche de nature et de couleur \u00e0 sa g\u00e9om\u00e9trie.\u00a0\u00a0<\/p>\n<p>Dimensions :<br \/>H21.5\u00a0 x\u00a0 19.2cm<\/p>\n<p>Mat\u00e9riaux<br \/>C\u00e9ramique<\/p>\n","protected":false},"featured_media":3162,"comment_status":"open","ping_status":"closed","template":"","meta":[],"product_brand":[],"product_cat":[145,28],"product_tag":[],"class_list":{"0":"post-3166","1":"product","2":"type-product","3":"status-publish","4":"has-post-thumbnail","6":"product_cat-toute-la-collection","7":"product_cat-vases","9":"first","10":"instock","11":"purchasable","12":"product-type-simple","13":"customify-col","14":"product-has-gallery"},"mb":[],"jetpack_sharing_enabled":true,"mfb_rest_fields":["title","jetpack_sharing_enabled","gutenberg_elementor_mode"],"_links":{"self":[{"href":"https:\/\/dolati.shop\/index.php\/wp-json\/wp\/v2\/product\/3166","targetHints":{"allow":["GET"]}}],"collection":[{"href":"https:\/\/dolati.shop\/index.php\/wp-json\/wp\/v2\/product"}],"about":[{"href":"https:\/\/dolati.shop\/index.php\/wp-json\/wp\/v2\/types\/product"}],"replies":[{"embeddable":true,"href":"https:\/\/dolati.shop\/index.php\/wp-json\/wp\/v2\/comments?post=3166"}],"version-history":[{"count":2,"href":"https:\/\/dolati.shop\/index.php\/wp-json\/wp\/v2\/product\/3166\/revisions"}],"predecessor-version":[{"id":3168,"href":"https:\/\/dolati.shop\/index.php\/wp-json\/wp\/v2\/product\/3166\/revisions\/3168"}],"wp:featuredmedia":[{"embeddable":true,"href":"https:\/\/dolati.shop\/index.php\/wp-json\/wp\/v2\/media\/3162"}],"wp:attachment":[{"href":"https:\/\/dolati.shop\/index.php\/wp-json\/wp\/v2\/media?parent=3166"}],"wp:term":[{"taxonomy":"product_brand","embeddable":true,"href":"https:\/\/dolati.shop\/index.php\/wp-json\/wp\/v2\/product_brand?post=3166"},{"taxonomy":"product_cat","embeddable":true,"href":"https:\/\/dolati.shop\/index.php\/wp-json\/wp\/v2\/product_cat?post=3166"},{"taxonomy":"product_tag","embeddable":true,"href":"https:\/\/dolati.shop\/index.php\/wp-json\/wp\/v2\/product_tag?post=3166"}],"curies":[{"name":"wp","href":"https:\/\/api.w.org\/{rel}","templated":true}]}}