{"id":3150,"date":"2024-02-23T21:59:34","date_gmt":"2024-02-23T20:59:34","guid":{"rendered":"https:\/\/dolati.shop\/?post_type=product&#038;p=3150"},"modified":"2024-12-09T14:22:52","modified_gmt":"2024-12-09T13:22:52","slug":"duo-de-vases-enlaces-en-ceramique","status":"publish","type":"product","link":"https:\/\/dolati.shop\/index.php\/product\/duo-de-vases-enlaces-en-ceramique\/","title":{"rendered":"Duo de Vases Enlac\u00e9s en c\u00e9ramique"},"content":{"rendered":"\n<figure class=\"wp-block-image\"><img decoding=\"async\" src=\"https:\/\/img.ankorstore.com\/brands\/rounded\/44448-47e8499863f995.jpg?auto=format%2Ccompress&amp;fm=pjpg&amp;dpr=1&amp;w=72\" alt=\"Maison Marm\u00d6l\" \/><\/figure>\n\n\n\n<p>Maison Marm\u00d6l<\/p>\n","protected":false},"excerpt":{"rendered":"<p>Description<br \/>Le Duo de Vases Enlac\u00e9s noir : une c\u00e9ramique d&rsquo;un noir profond aux courbes \u00e9l\u00e9gantes et aux lignes fluides.<br \/>Parfaitement adapt\u00e9 aux styles de d\u00e9coration contemporains, il\u00a0contraste magnifiquement avec des d\u00e9cos d&rsquo;int\u00e9rieures claires \u00e9galement.<br \/>Le Duo Enlac\u00e9 noir peut servir de point focal audacieux en int\u00e9rieur, id\u00e9al pour un style moderne et minimaliste, que ce soit sur une table basse, dans une niche d\u00e9co, sur un bureau ou en ext\u00e9rieur, il apportera une touche d&rsquo;\u00e9l\u00e9gance.<\/p>\n<p>Dimensions<br \/>Grand Vase : H21,5cm x 16,2cm <br \/>Petit Vase : H17,6cm x 13,8cm.<\/p>\n<p>Mat\u00e9riaux<br \/>C\u00e9ramique<\/p>\n","protected":false},"featured_media":3151,"comment_status":"open","ping_status":"closed","template":"","meta":[],"product_brand":[],"product_cat":[145,28],"product_tag":[],"class_list":{"0":"post-3150","1":"product","2":"type-product","3":"status-publish","4":"has-post-thumbnail","6":"product_cat-toute-la-collection","7":"product_cat-vases","9":"first","10":"outofstock","11":"purchasable","12":"product-type-simple","13":"customify-col","14":"product-has-gallery"},"mb":[],"jetpack_sharing_enabled":true,"mfb_rest_fields":["title","jetpack_sharing_enabled","gutenberg_elementor_mode"],"_links":{"self":[{"href":"https:\/\/dolati.shop\/index.php\/wp-json\/wp\/v2\/product\/3150","targetHints":{"allow":["GET"]}}],"collection":[{"href":"https:\/\/dolati.shop\/index.php\/wp-json\/wp\/v2\/product"}],"about":[{"href":"https:\/\/dolati.shop\/index.php\/wp-json\/wp\/v2\/types\/product"}],"replies":[{"embeddable":true,"href":"https:\/\/dolati.shop\/index.php\/wp-json\/wp\/v2\/comments?post=3150"}],"version-history":[{"count":1,"href":"https:\/\/dolati.shop\/index.php\/wp-json\/wp\/v2\/product\/3150\/revisions"}],"predecessor-version":[{"id":3153,"href":"https:\/\/dolati.shop\/index.php\/wp-json\/wp\/v2\/product\/3150\/revisions\/3153"}],"wp:featuredmedia":[{"embeddable":true,"href":"https:\/\/dolati.shop\/index.php\/wp-json\/wp\/v2\/media\/3151"}],"wp:attachment":[{"href":"https:\/\/dolati.shop\/index.php\/wp-json\/wp\/v2\/media?parent=3150"}],"wp:term":[{"taxonomy":"product_brand","embeddable":true,"href":"https:\/\/dolati.shop\/index.php\/wp-json\/wp\/v2\/product_brand?post=3150"},{"taxonomy":"product_cat","embeddable":true,"href":"https:\/\/dolati.shop\/index.php\/wp-json\/wp\/v2\/product_cat?post=3150"},{"taxonomy":"product_tag","embeddable":true,"href":"https:\/\/dolati.shop\/index.php\/wp-json\/wp\/v2\/product_tag?post=3150"}],"curies":[{"name":"wp","href":"https:\/\/api.w.org\/{rel}","templated":true}]}}