{"id":3136,"date":"2024-02-23T21:38:07","date_gmt":"2024-02-23T20:38:07","guid":{"rendered":"https:\/\/dolati.shop\/?post_type=product&#038;p=3136"},"modified":"2024-02-24T14:12:57","modified_gmt":"2024-02-24T13:12:57","slug":"recipient-en-verre-1000ml","status":"publish","type":"product","link":"https:\/\/dolati.shop\/index.php\/product\/recipient-en-verre-1000ml\/","title":{"rendered":"R\u00e9cipient en verre 960ml"},"content":{"rendered":"\n<figure class=\"wp-block-image\"><img decoding=\"async\" src=\"https:\/\/img.ankorstore.com\/brands\/rounded\/7896-47cda02a337138.jpg?auto=format%2Ccompress&amp;fm=pjpg&amp;dpr=1&amp;w=72\" alt=\"MONDEX Poland\" \/><\/figure>\n\n\n\n<p>MONDEX Poland<\/p>\n","protected":false},"excerpt":{"rendered":"<p>Description<br \/>Pot en verre gaufr\u00e9 ray\u00e9 de 960 ml avec boule en li\u00e8ge <\/p>\n<p>Dimensions :<br \/>Longueur\u00a0: 9 cm<br \/>Largeur\u00a0: 9 cm<br \/>Hauteur\u00a0: 24 cm<\/p>\n<p>Volume :<br \/>960 ml<\/p>\n<p>Mat\u00e9riaux :<br \/>Verre et li\u00e8ge<\/p>\n","protected":false},"featured_media":3137,"comment_status":"open","ping_status":"closed","template":"","meta":[],"product_brand":[],"product_cat":[124,145],"product_tag":[],"class_list":{"0":"post-3136","1":"product","2":"type-product","3":"status-publish","4":"has-post-thumbnail","6":"product_cat-accessoires","7":"product_cat-toute-la-collection","9":"first","10":"instock","11":"purchasable","12":"product-type-simple","13":"customify-col"},"mb":[],"jetpack_sharing_enabled":true,"mfb_rest_fields":["title","jetpack_sharing_enabled","gutenberg_elementor_mode"],"_links":{"self":[{"href":"https:\/\/dolati.shop\/index.php\/wp-json\/wp\/v2\/product\/3136","targetHints":{"allow":["GET"]}}],"collection":[{"href":"https:\/\/dolati.shop\/index.php\/wp-json\/wp\/v2\/product"}],"about":[{"href":"https:\/\/dolati.shop\/index.php\/wp-json\/wp\/v2\/types\/product"}],"replies":[{"embeddable":true,"href":"https:\/\/dolati.shop\/index.php\/wp-json\/wp\/v2\/comments?post=3136"}],"version-history":[{"count":2,"href":"https:\/\/dolati.shop\/index.php\/wp-json\/wp\/v2\/product\/3136\/revisions"}],"predecessor-version":[{"id":3226,"href":"https:\/\/dolati.shop\/index.php\/wp-json\/wp\/v2\/product\/3136\/revisions\/3226"}],"wp:featuredmedia":[{"embeddable":true,"href":"https:\/\/dolati.shop\/index.php\/wp-json\/wp\/v2\/media\/3137"}],"wp:attachment":[{"href":"https:\/\/dolati.shop\/index.php\/wp-json\/wp\/v2\/media?parent=3136"}],"wp:term":[{"taxonomy":"product_brand","embeddable":true,"href":"https:\/\/dolati.shop\/index.php\/wp-json\/wp\/v2\/product_brand?post=3136"},{"taxonomy":"product_cat","embeddable":true,"href":"https:\/\/dolati.shop\/index.php\/wp-json\/wp\/v2\/product_cat?post=3136"},{"taxonomy":"product_tag","embeddable":true,"href":"https:\/\/dolati.shop\/index.php\/wp-json\/wp\/v2\/product_tag?post=3136"}],"curies":[{"name":"wp","href":"https:\/\/api.w.org\/{rel}","templated":true}]}}