{"id":3112,"date":"2024-02-23T16:13:45","date_gmt":"2024-02-23T15:13:45","guid":{"rendered":"https:\/\/dolati.shop\/?post_type=product&#038;p=3112"},"modified":"2026-04-23T15:03:17","modified_gmt":"2026-04-23T13:03:17","slug":"etagere-murale-en-jacinthe-deau-tressee","status":"publish","type":"product","link":"https:\/\/dolati.shop\/index.php\/product\/etagere-murale-en-jacinthe-deau-tressee\/","title":{"rendered":"Etag\u00e8re murale en jacinthe d&rsquo;eau tress\u00e9e"},"content":{"rendered":"\n<figure class=\"wp-block-image\"><img decoding=\"async\" src=\"https:\/\/img.ankorstore.com\/brands\/rounded\/26420-47dfa2e66ff500.jpg?auto=format%2Ccompress&amp;fm=pjpg&amp;dpr=1&amp;w=72\" alt=\"Decoclico\" \/><\/figure>\n\n\n\n<p>Decoclico<\/p>\n","protected":false},"excerpt":{"rendered":"<p>Description<br \/>Etag\u00e8re murale en jacinthe d&rsquo;eau pour un esprit naturel. <br \/>Un mod\u00e8le in\u00e9dit qui change quelque peu des \u00e9tag\u00e8res en rotin et qui apportera tout autant une note tendance \u00e0 votre int\u00e9rieur. <\/p>\n<p>Dimensions<br \/>Dimension Produit : L 47 x H 17 x P 17 cm<\/p>\n<p>2 accroches au dos<\/p>\n","protected":false},"featured_media":3113,"comment_status":"open","ping_status":"closed","template":"","meta":[],"product_brand":[],"product_cat":[17,30,145],"product_tag":[],"class_list":{"0":"post-3112","1":"product","2":"type-product","3":"status-publish","4":"has-post-thumbnail","6":"product_cat-decoration-murale","7":"product_cat-etageres","8":"product_cat-toute-la-collection","10":"first","11":"outofstock","12":"purchasable","13":"product-type-simple","14":"customify-col","15":"product-has-gallery"},"mb":[],"jetpack_sharing_enabled":true,"mfb_rest_fields":["title","jetpack_sharing_enabled","gutenberg_elementor_mode"],"_links":{"self":[{"href":"https:\/\/dolati.shop\/index.php\/wp-json\/wp\/v2\/product\/3112","targetHints":{"allow":["GET"]}}],"collection":[{"href":"https:\/\/dolati.shop\/index.php\/wp-json\/wp\/v2\/product"}],"about":[{"href":"https:\/\/dolati.shop\/index.php\/wp-json\/wp\/v2\/types\/product"}],"replies":[{"embeddable":true,"href":"https:\/\/dolati.shop\/index.php\/wp-json\/wp\/v2\/comments?post=3112"}],"version-history":[{"count":1,"href":"https:\/\/dolati.shop\/index.php\/wp-json\/wp\/v2\/product\/3112\/revisions"}],"predecessor-version":[{"id":3116,"href":"https:\/\/dolati.shop\/index.php\/wp-json\/wp\/v2\/product\/3112\/revisions\/3116"}],"wp:featuredmedia":[{"embeddable":true,"href":"https:\/\/dolati.shop\/index.php\/wp-json\/wp\/v2\/media\/3113"}],"wp:attachment":[{"href":"https:\/\/dolati.shop\/index.php\/wp-json\/wp\/v2\/media?parent=3112"}],"wp:term":[{"taxonomy":"product_brand","embeddable":true,"href":"https:\/\/dolati.shop\/index.php\/wp-json\/wp\/v2\/product_brand?post=3112"},{"taxonomy":"product_cat","embeddable":true,"href":"https:\/\/dolati.shop\/index.php\/wp-json\/wp\/v2\/product_cat?post=3112"},{"taxonomy":"product_tag","embeddable":true,"href":"https:\/\/dolati.shop\/index.php\/wp-json\/wp\/v2\/product_tag?post=3112"}],"curies":[{"name":"wp","href":"https:\/\/api.w.org\/{rel}","templated":true}]}}