{"id":2982,"date":"2024-01-14T12:43:14","date_gmt":"2024-01-14T11:43:14","guid":{"rendered":"https:\/\/dolati.shop\/?post_type=product&#038;p=2982"},"modified":"2024-05-31T18:58:28","modified_gmt":"2024-05-31T16:58:28","slug":"arbre-a-mugs-porte-tasses-a-poser-10-branches-metal-blanc-mat","status":"publish","type":"product","link":"https:\/\/dolati.shop\/index.php\/product\/arbre-a-mugs-porte-tasses-a-poser-10-branches-metal-blanc-mat\/","title":{"rendered":"Arbre \u00e0 mugs \/ porte-tasses \u00e0 poser 10 branches m\u00e9tal blanc mat"},"content":{"rendered":"\n<figure class=\"wp-block-image\"><img decoding=\"async\" src=\"https:\/\/img.ankorstore.com\/brands\/rounded\/26420-47dfa2e66ff500.jpg?auto=format%2Ccompress&amp;fm=pjpg&amp;dpr=1&amp;w=72\" alt=\"Decoclico\" \/><\/figure>\n\n\n\n<p>Decoclico<\/p>\n","protected":false},"excerpt":{"rendered":"<p>Description<br \/>Id\u00e9al pour ranger ses tasses et mugs et les avoir \u00e0 port\u00e9e de main, optez pour cet arbre \u00e0 mugs .<br \/>Pratique sur un plan de travail ou le comptoir de votre cuisine ce porte-mugs est en m\u00e9tal blanc mat, comporte 10 accroches, 5 sur 2 niveaux. <br \/>On aime cette id\u00e9e gain de place qui permet d&rsquo;exposer vos plus jolis mugs ou tasses.<\/p>\n<p>Dimensions<br \/>Diam\u00e8tre 23 x Hauteur 36 cm<\/p>\n","protected":false},"featured_media":2983,"comment_status":"open","ping_status":"closed","template":"","meta":[],"product_brand":[],"product_cat":[124,145],"product_tag":[],"class_list":{"0":"post-2982","1":"product","2":"type-product","3":"status-publish","4":"has-post-thumbnail","6":"product_cat-accessoires","7":"product_cat-toute-la-collection","9":"first","10":"instock","11":"purchasable","12":"product-type-simple","13":"customify-col"},"mb":[],"jetpack_sharing_enabled":true,"mfb_rest_fields":["title","jetpack_sharing_enabled","gutenberg_elementor_mode"],"_links":{"self":[{"href":"https:\/\/dolati.shop\/index.php\/wp-json\/wp\/v2\/product\/2982","targetHints":{"allow":["GET"]}}],"collection":[{"href":"https:\/\/dolati.shop\/index.php\/wp-json\/wp\/v2\/product"}],"about":[{"href":"https:\/\/dolati.shop\/index.php\/wp-json\/wp\/v2\/types\/product"}],"replies":[{"embeddable":true,"href":"https:\/\/dolati.shop\/index.php\/wp-json\/wp\/v2\/comments?post=2982"}],"version-history":[{"count":1,"href":"https:\/\/dolati.shop\/index.php\/wp-json\/wp\/v2\/product\/2982\/revisions"}],"predecessor-version":[{"id":2984,"href":"https:\/\/dolati.shop\/index.php\/wp-json\/wp\/v2\/product\/2982\/revisions\/2984"}],"wp:featuredmedia":[{"embeddable":true,"href":"https:\/\/dolati.shop\/index.php\/wp-json\/wp\/v2\/media\/2983"}],"wp:attachment":[{"href":"https:\/\/dolati.shop\/index.php\/wp-json\/wp\/v2\/media?parent=2982"}],"wp:term":[{"taxonomy":"product_brand","embeddable":true,"href":"https:\/\/dolati.shop\/index.php\/wp-json\/wp\/v2\/product_brand?post=2982"},{"taxonomy":"product_cat","embeddable":true,"href":"https:\/\/dolati.shop\/index.php\/wp-json\/wp\/v2\/product_cat?post=2982"},{"taxonomy":"product_tag","embeddable":true,"href":"https:\/\/dolati.shop\/index.php\/wp-json\/wp\/v2\/product_tag?post=2982"}],"curies":[{"name":"wp","href":"https:\/\/api.w.org\/{rel}","templated":true}]}}