{"id":2977,"date":"2024-01-14T12:36:58","date_gmt":"2024-01-14T11:36:58","guid":{"rendered":"https:\/\/dolati.shop\/?post_type=product&#038;p=2977"},"modified":"2025-08-06T22:07:38","modified_gmt":"2025-08-06T20:07:38","slug":"vase-pot-a-lait-en-metal-terracotta-h38-cm-tosca","status":"publish","type":"product","link":"https:\/\/dolati.shop\/index.php\/product\/vase-pot-a-lait-en-metal-terracotta-h38-cm-tosca\/","title":{"rendered":"Vase pot \u00e0 lait en m\u00e9tal terracotta H38 cm &#8211; Tosca"},"content":{"rendered":"\n<figure class=\"wp-block-image\"><img decoding=\"async\" src=\"https:\/\/img.ankorstore.com\/brands\/rounded\/26420-47dfa2e66ff500.jpg?auto=format%2Ccompress&amp;fm=pjpg&amp;dpr=1&amp;w=72\" alt=\"Decoclico\" \/><\/figure>\n\n\n\n<p>Decoclico<\/p>\n","protected":false},"excerpt":{"rendered":"<p>Description<br \/>La collection Tosca associe avec beaucoup d&rsquo;harmonie une forme d&rsquo;antan fa\u00e7on pot \u00e0 lait, et un c\u00f4t\u00e9 graphique tr\u00e8s contemporain. <br \/>Ce vase en m\u00e9tal a une finition tr\u00e8s mate et un touch\u00e9 comme sabl\u00e9. <\/p>\n<p>Dimensions<br \/>Diam\u00e8tre 21 Hauteur 38 cm<br \/>Diam\u00e8tre de l&rsquo;ouverture 10,5 cm<\/p>\n","protected":false},"featured_media":2978,"comment_status":"open","ping_status":"closed","template":"","meta":[],"product_brand":[],"product_cat":[145,28],"product_tag":[],"class_list":{"0":"post-2977","1":"product","2":"type-product","3":"status-publish","4":"has-post-thumbnail","6":"product_cat-toute-la-collection","7":"product_cat-vases","9":"first","10":"instock","11":"purchasable","12":"product-type-simple","13":"customify-col","14":"product-has-gallery"},"mb":[],"jetpack_sharing_enabled":true,"mfb_rest_fields":["title","jetpack_sharing_enabled","gutenberg_elementor_mode"],"_links":{"self":[{"href":"https:\/\/dolati.shop\/index.php\/wp-json\/wp\/v2\/product\/2977","targetHints":{"allow":["GET"]}}],"collection":[{"href":"https:\/\/dolati.shop\/index.php\/wp-json\/wp\/v2\/product"}],"about":[{"href":"https:\/\/dolati.shop\/index.php\/wp-json\/wp\/v2\/types\/product"}],"replies":[{"embeddable":true,"href":"https:\/\/dolati.shop\/index.php\/wp-json\/wp\/v2\/comments?post=2977"}],"version-history":[{"count":1,"href":"https:\/\/dolati.shop\/index.php\/wp-json\/wp\/v2\/product\/2977\/revisions"}],"predecessor-version":[{"id":2981,"href":"https:\/\/dolati.shop\/index.php\/wp-json\/wp\/v2\/product\/2977\/revisions\/2981"}],"wp:featuredmedia":[{"embeddable":true,"href":"https:\/\/dolati.shop\/index.php\/wp-json\/wp\/v2\/media\/2978"}],"wp:attachment":[{"href":"https:\/\/dolati.shop\/index.php\/wp-json\/wp\/v2\/media?parent=2977"}],"wp:term":[{"taxonomy":"product_brand","embeddable":true,"href":"https:\/\/dolati.shop\/index.php\/wp-json\/wp\/v2\/product_brand?post=2977"},{"taxonomy":"product_cat","embeddable":true,"href":"https:\/\/dolati.shop\/index.php\/wp-json\/wp\/v2\/product_cat?post=2977"},{"taxonomy":"product_tag","embeddable":true,"href":"https:\/\/dolati.shop\/index.php\/wp-json\/wp\/v2\/product_tag?post=2977"}],"curies":[{"name":"wp","href":"https:\/\/api.w.org\/{rel}","templated":true}]}}