{"id":2968,"date":"2024-01-14T12:25:20","date_gmt":"2024-01-14T11:25:20","guid":{"rendered":"https:\/\/dolati.shop\/?post_type=product&#038;p=2968"},"modified":"2024-11-26T17:55:51","modified_gmt":"2024-11-26T16:55:51","slug":"pichet-en-ceramique-noir-mat-avec-bec-verseur-baco","status":"publish","type":"product","link":"https:\/\/dolati.shop\/index.php\/product\/pichet-en-ceramique-noir-mat-avec-bec-verseur-baco\/","title":{"rendered":"Pichet en c\u00e9ramique noir mat avec bec verseur Baco"},"content":{"rendered":"\n<figure class=\"wp-block-image\"><img decoding=\"async\" src=\"https:\/\/img.ankorstore.com\/brands\/rounded\/26420-47dfa2e66ff500.jpg?auto=format%2Ccompress&amp;fm=pjpg&amp;dpr=1&amp;w=72\" alt=\"Decoclico\" \/><\/figure>\n\n\n\n<p>Decoclico<\/p>\n","protected":false},"excerpt":{"rendered":"<p>Description<br \/>Pour verser le jus d&rsquo;orange fra\u00eechement press\u00e9 du matin ou l&rsquo;eau lors du d\u00e9jeuner ou d\u00eener, on craque pour ce pichet de la collection Baco, r\u00e9alis\u00e9 artisanalement au Portugal. <\/p>\n<p>Fait en c\u00e9ramique noire, on aime le fa\u00e7onnage de la mati\u00e8re qui pla\u00eet pour sa finition martel\u00e9e et irr\u00e9guli\u00e8re. <\/p>\n<p>Ce pichet est compatible lave-vaisselle <\/p>\n<p>Dimensions<br \/>L 14 x P 18 x H 19 cm<\/p>\n","protected":false},"featured_media":2969,"comment_status":"open","ping_status":"closed","template":"","meta":[],"product_brand":[],"product_cat":[145,65],"product_tag":[],"class_list":{"0":"post-2968","1":"product","2":"type-product","3":"status-publish","4":"has-post-thumbnail","6":"product_cat-toute-la-collection","7":"product_cat-vaisselle","9":"first","10":"instock","11":"purchasable","12":"product-type-simple","13":"customify-col","14":"product-has-gallery"},"mb":[],"jetpack_sharing_enabled":true,"mfb_rest_fields":["title","jetpack_sharing_enabled","gutenberg_elementor_mode"],"_links":{"self":[{"href":"https:\/\/dolati.shop\/index.php\/wp-json\/wp\/v2\/product\/2968","targetHints":{"allow":["GET"]}}],"collection":[{"href":"https:\/\/dolati.shop\/index.php\/wp-json\/wp\/v2\/product"}],"about":[{"href":"https:\/\/dolati.shop\/index.php\/wp-json\/wp\/v2\/types\/product"}],"replies":[{"embeddable":true,"href":"https:\/\/dolati.shop\/index.php\/wp-json\/wp\/v2\/comments?post=2968"}],"version-history":[{"count":1,"href":"https:\/\/dolati.shop\/index.php\/wp-json\/wp\/v2\/product\/2968\/revisions"}],"predecessor-version":[{"id":2971,"href":"https:\/\/dolati.shop\/index.php\/wp-json\/wp\/v2\/product\/2968\/revisions\/2971"}],"wp:featuredmedia":[{"embeddable":true,"href":"https:\/\/dolati.shop\/index.php\/wp-json\/wp\/v2\/media\/2969"}],"wp:attachment":[{"href":"https:\/\/dolati.shop\/index.php\/wp-json\/wp\/v2\/media?parent=2968"}],"wp:term":[{"taxonomy":"product_brand","embeddable":true,"href":"https:\/\/dolati.shop\/index.php\/wp-json\/wp\/v2\/product_brand?post=2968"},{"taxonomy":"product_cat","embeddable":true,"href":"https:\/\/dolati.shop\/index.php\/wp-json\/wp\/v2\/product_cat?post=2968"},{"taxonomy":"product_tag","embeddable":true,"href":"https:\/\/dolati.shop\/index.php\/wp-json\/wp\/v2\/product_tag?post=2968"}],"curies":[{"name":"wp","href":"https:\/\/api.w.org\/{rel}","templated":true}]}}